{"id":7143,"date":"2015-11-04T12:02:23","date_gmt":"2015-11-04T11:02:23","guid":{"rendered":"http:\/\/new.cigarjournal.co\/de\/?page_id=7143"},"modified":"2020-06-03T11:54:00","modified_gmt":"2020-06-03T09:54:00","slug":"geschenkabonnement","status":"publish","type":"page","link":"https:\/\/www.cigarjournal.com\/de\/abonnieren\/geschenkabonnement\/","title":{"rendered":"Geschenkabonnement"},"content":{"rendered":"<p>Wenn Sie nach einem passenden Geschenk f\u00fcr einen Zigarrenliebhaber suchen, haben Sie jetzt die M\u00f6glichkeit, ein Cigar Journal-Abonnement f\u00fcr ihn oder sie abzuschlie\u00dfen.<\/p>\n<p>Der Beschenkte erh\u00e4lt damit vier Mal pro Jahr Neuigkeiten und tiefgreifende Informationen aus der Welt der Zigarre druckfrisch nach Hause geliefert. Das Abonnement endet automatisch nach Ablauf der Aboperiode. Sie haben dann die M\u00f6glichkeit, es zu verl\u00e4ngern und dem Beschenkten weiterhin zukommen zu lassen.<\/p>\n<p>Erfahren Sie mehr \u00fcber <a title=\"Cigar Journal abonnieren\" href=\"https:\/\/www.cigarjournal.com\/de\/abonnieren\/\" rel=\"\">Abonnements des Cigar Journals<\/a>.<\/p>\n<p>In unserem Webshop haben Sie die M\u00f6glichkeit, via Kreditkarte (VISA, Mastercard, American Express), per Sofort\u00fcberweisung oder mit PayPal zu bezahlen. Bei Fragen helfen wir Ihnen gerne weiter. Schreiben Sie an <a href=\"mailto:office@cigarjournal.com\">office@cigarjournal.com<\/a>, um mit unserem Aboservice in Kontakt zu treten oder lesen Sie unsere <a title=\"FaQ zu Cigar Journal Abonnements\" href=\"https:\/\/www.cigarjournal.com\/de\/abonnieren\/faq-haeufig-gestellte-fragen\/\" rel=\"\">FAQ<\/a>.<\/p>\n<p>&nbsp;<\/p>\n<p>Folgen Sie diesem Link, um zu unserem Webshop zu gelangen: <a title=\"Cigar Journal- Geschenkabonnement bestellen\" href=\"https:\/\/shop.cigarjournal.com\/\" target=\"_blank\" rel=\"noopener\">Cigar Journal-Abonnement schenken<\/a><\/p>\n","protected":false},"excerpt":{"rendered":"<p>Wenn Sie nach einem passenden Geschenk f\u00fcr einen Zigarrenliebhaber suchen, haben Sie jetzt die M\u00f6glichkeit, ein Cigar Journal-Abonnement f\u00fcr ihn oder sie abzuschlie\u00dfen. Der Beschenkte erh\u00e4lt damit vier Mal pro Jahr Neuigkeiten und tiefgreifende Informationen aus der Welt der Zigarre druckfrisch nach Hause geliefert. Das Abonnement endet automatisch nach Ablauf der Aboperiode. Sie haben dann<a href=\"https:\/\/www.cigarjournal.com\/de\/abonnieren\/geschenkabonnement\/\" title=\"Read more\" >&#8230;<\/a><\/p>\n","protected":false},"author":30,"featured_media":0,"parent":1590,"menu_order":0,"comment_status":"closed","ping_status":"closed","template":"","meta":{"_mi_skip_tracking":false},"_links":{"self":[{"href":"https:\/\/www.cigarjournal.com\/de\/wp-json\/wp\/v2\/pages\/7143"}],"collection":[{"href":"https:\/\/www.cigarjournal.com\/de\/wp-json\/wp\/v2\/pages"}],"about":[{"href":"https:\/\/www.cigarjournal.com\/de\/wp-json\/wp\/v2\/types\/page"}],"author":[{"embeddable":true,"href":"https:\/\/www.cigarjournal.com\/de\/wp-json\/wp\/v2\/users\/30"}],"replies":[{"embeddable":true,"href":"https:\/\/www.cigarjournal.com\/de\/wp-json\/wp\/v2\/comments?post=7143"}],"version-history":[{"count":0,"href":"https:\/\/www.cigarjournal.com\/de\/wp-json\/wp\/v2\/pages\/7143\/revisions"}],"up":[{"embeddable":true,"href":"https:\/\/www.cigarjournal.com\/de\/wp-json\/wp\/v2\/pages\/1590"}],"wp:attachment":[{"href":"https:\/\/www.cigarjournal.com\/de\/wp-json\/wp\/v2\/media?parent=7143"}],"curies":[{"name":"wp","href":"https:\/\/api.w.org\/{rel}","templated":true}]}}