{"id":7013,"date":"2015-10-12T16:04:53","date_gmt":"2015-10-12T14:04:53","guid":{"rendered":"http:\/\/new.cigarjournal.co\/de\/?page_id=7013"},"modified":"2025-01-22T14:39:33","modified_gmt":"2025-01-22T13:39:33","slug":"faq-haeufig-gestellte-fragen","status":"publish","type":"page","link":"https:\/\/www.cigarjournal.com\/de\/abonnieren\/faq-haeufig-gestellte-fragen\/","title":{"rendered":"FaQ \u2013 H\u00e4ufig gestellte Fragen"},"content":{"rendered":"<p>&nbsp;<\/p>\n<p>Allgemeine Fragen<br \/>\nZahlungsmodalit\u00e4ten<br \/>\nNeues Abonnement<br \/>\nAbonnementverl\u00e4ngerung<br \/>\nGeschenkabonnement<br \/>\nVergangene Ausgaben kaufen<br \/>\nSonstiges<\/p>\n<p>&nbsp;<\/p>\n<h3>Allgemeines<\/h3>\n<p><strong>Ich kenne das Cigar Journal noch nicht. K\u00f6nnen Sie mir eine Ausgabe zusenden?<\/strong><br \/>\nWenn Sie Zigarren m\u00f6gen, werden Sie das Cigar Journal lieben. Sie k\u00f6nnen in unserem <a href=\"https:\/\/www.cigarjournal.com\/de\/vergangene-ausgaben\/\">Online-Archiv in vergangenen Ausgaben st\u00f6bern<\/a>, in Ihrem Tabakfachgesch\u00e4ft oder am Kiosk danach fragen, oder <a href=\"https:\/\/www.cigarjournal.com\/de\/vergangene-ausgaben-bestellen\/\">eine Ausgabe direkt von uns kaufen<\/a>. Kontaktieren Sie zu n\u00e4heren Infos bitte <a href=\"mailto:office@cigarjournal.com\">office@cigarjournal.com<\/a>.<\/p>\n<p><strong>Wo kann ich das Cigar Journal kaufen?<\/strong><br \/>\nDas Cigar Journal ist in vielen L\u00e4ndern weltweit erh\u00e4ltlich. Besuchen Sie unseren <a href=\"http:\/\/shop.cigarjournal.co\/index.php\/de\/zigarrengeschaefte\" target=\"_blank\" rel=\"noopener\">Cigar-Shop-Finder<\/a>, um Fachh\u00e4ndler in Ihrer N\u00e4he zu finden, die unser Magazin f\u00fchren, fragen Sie am Kiosk, oder bestellen Sie Ihr Abonnement in unserem <a href=\"http:\/\/shop.cigarjournal.com\" target=\"_blank\" rel=\"noopener\">Webshop<\/a>.<\/p>\n<h3>Abonnements<\/h3>\n<p><strong>In welche L\u00e4nder wird das Cigar Journal geliefert?<\/strong><br \/>\nSie k\u00f6nnen das Cigar Journal aus jedem Land der Welt bestellen. Abh\u00e4ngig von der Destination k\u00f6nnen die Lieferdauer und der Preis jedoch variieren.<\/p>\n<p><strong>Was sind die Vorteile bei einem Abonnement?<\/strong><br \/>\nSie erhalten das Cigar Journal druckfrisch und zuverl\u00e4ssig zu sich nach Hause, und dar\u00fcber hinaus g\u00fcnstiger als im Einzelkauf. Wir versorgen Sie mit exklusiven Berichten aus der Zigarrenwelt, dem Know-How unserer branchenerfahrenen Autoren und Kolumnisten, umfangreichen Tastings und Neuigkeiten rund um die Zigarre.<\/p>\n<p><strong>Mit welcher Ausgabe startet mein Abonnement?<\/strong><br \/>\nIhr Abonnement beginnt jeweils mit der n\u00e4chsten Ausgabe des Cigar Journals. Wenn Sie auch die aktuelle Ausgabe beziehen m\u00f6chten, wenden Sie sich bitte an <a href=\"mailto:office@cigarjournal.com\">office@cigarjournal.com<\/a>. Wir helfen Ihnen gerne, eine Verkaufsstelle in Ihrer N\u00e4he zu finden, oder schicken Ihnen die aktuelle Ausgabe direkt zu.<\/p>\n<p><strong>Was kostet das Abonnement?<\/strong><br \/>\nDas h\u00e4ngt davon ab, in welchem Land Sie wohnen und wie viele Ausgaben Sie erhalten m\u00f6chten.<br class=\"\" \/>Europa (Europ\u00e4ische Union): EUR 44 (1 Jahr) bzw. EUR 88 (2 Jahre)<br class=\"\" \/>Spanien &amp; Europa au\u00dferhalb der EU: EUR 66 (1 Jahr) bzw. EUR 132 (2 Jahre)<br class=\"\" \/>Schweiz &amp; Liechtenstein: EUR 66 (1 Jahr) bzw. EUR 132 (2 Jahre)<br class=\"\" \/>USA &amp; S\u00fcdamerika: USD 47,96 (1 Jahr) bzw. USD 95,92 (2 Jahre)<br class=\"\" \/>Kanada: US$ 55,96 (1 Jahr) bzw. USD 111,92 (2 Jahre)<br class=\"\" \/>Zentralamerika, Asien, Afrika, Australien: EUR 66 (1 Jahr) bzw. EUR 132 (2 Jahre)<br class=\"\" \/><br class=\"\" \/>Die Fakturierung des Abonnements erfolgt ausschlie\u00dflich in EUR oder US$.<\/p>\n<p><strong>Wann erscheinen die n\u00e4chsten Ausgaben?<\/strong><br \/>\nInformationen zu den Erscheinungsterminen des Cigar Journals finden Sie auf der Seite <a href=\"https:\/\/www.cigarjournal.com\/de\/abonnieren\/kommende-ausgaben\/\">Kommende Ausgaben<\/a>.<\/p>\n<p><strong>Wie sind die Zahlungsmodalit\u00e4ten?<\/strong><br \/>\nSie k\u00f6nnen direkt auf unserer Homepage bestellen und per Kreditkarte, PayPal oder Sofort\u00fcberweisung bezahlen. Bei Problemen oder Fragen wenden Sie sich bitte an <a href=\"mailto:office@cigarjournal.com\">office@cigarjournal.com<\/a>.<\/p>\n<p><strong>Ich besitze keine Kreditkarte\/keinen PayPal-Account und m\u00f6chte nicht online abschlie\u00dfen. Wie kann ich das Cigar Journal abonnieren?<\/strong><br \/>\nWenn Sie nicht \u00fcber unsere Homepage abonnieren m\u00f6chten, wenden Sie sich bitte an unseren Aboservice unter <a href=\"mailto:office@cigarjournal.com\">office@cigarjournal.com<\/a> oder +43 (2243) 20897. Gerne senden wir Ihnen eine Rechnung (Vorkasse) zu.<\/p>\n<p><strong>Ich besitze keine der angef\u00fchrten Kreditkarten. Wie kann ich mein Abonnement trotzdem abschlie\u00dfen?<\/strong><br \/>\nAktuell k\u00f6nnen Sie bei uns nur via Visa, Mastercard und American Express bezahlen. Wenn Sie keine dieser Kreditkarten besitzen, steht Ihnen zus\u00e4tzlich die M\u00f6glichkeit zur Verf\u00fcgung, per PayPal oder Sofort\u00fcberweisung zu zahlen.<\/p>\n<p><strong>Was ist Sofort\u00fcberweisung?<\/strong><br \/>\nBei der Zahlung mit Sofort\u00fcberweisung m\u00fcssen Sie kein zus\u00e4tzliches Konto einrichten. Sie k\u00f6nnen direkt \u00fcber Ihre Onlinebanking-Daten bezahlen, ohne dass Ihnen zus\u00e4tzliche Kosten entstehen. Lesen Sie mehr auf <a href=\"http:\/\/www.sofort.com\/\">www.sofort.com<\/a>.<\/p>\n<p><strong>Was ist PayPal?<\/strong><br \/>\nPayPal ist ein Dienst zum sicheren Zahlen im Internet. Mit der kostenlosen Anmeldung hinterlegen Sie Ihre Bank- oder Kreditkartendaten bei PayPal und bezahlen einfach und kostenlos inklusive K\u00e4uferschutz. Lesen Sie mehr auf <a href=\"http:\/\/www.paypal.com\/\">www.paypal.com<\/a>.<\/p>\n<p><strong>Was passiert mit meinen Daten?<\/strong><br \/>\nWir geben Ihre Daten unter keinen Umst\u00e4nden an Dritte weiter. Wir verwenden Ihre Daten ausschlie\u00dflich, um Heftlieferung und Rechnungslegung abwickeln zu k\u00f6nnen.<\/p>\n<p><strong>Ist es sicher, per Kreditkarte, PayPal oder Sofort\u00fcberweisung zu zahlen?<\/strong><br \/>\nWenn Sie ein Abonnement auf unserer Seite abschlie\u00dfen, werden Sie automatisch auf die Seite des von Ihnen gew\u00e4hlten Zahlungsservices weitergeleitet. Alle dieser Services sind etablierte und sehr sichere Dienstleister.<br \/>\nErfahren Sie mehr \u00fcber die <a href=\"https:\/\/www.paypal.com\/de\/webapps\/mpp\/why-paypal-is-safe\">Sicherheit bei PayPal<\/a><br \/>\nErfahren Sie mehr \u00fcber die <a href=\"https:\/\/www.sofort.com\/ger-DE\/kaeufer\/su\/so-sicher-ist-sofort-ueberweisung\">Sicherheit bei Sofort\u00fcberweisung<\/a><\/p>\n<p>Wenn Sie trotzdem Bedenken haben, hilft Ihnen unser Aboservice sehr gerne, ein Abonnement per Rechnung abzuschlie\u00dfen. Wenden Sie sich hierf\u00fcr bitte an <a href=\"mailto:office@cigarjournal.com\">office@cigarjournal.com<\/a> oder +43 (2243) 20897.<\/p>\n<h3>Verl\u00e4ngerung des Abonnements<\/h3>\n<p><strong>Warum muss ich immer wieder erneuern?<\/strong><br \/>\nWir denken, dass es fairer Ihnen gegen\u00fcber ist, wenn wir Ihren Abovertrag nicht ungefragt verl\u00e4ngern. Daher senden wir Ihnen nach Ablauf Ihrer Aboperiode per E-Mail bzw. postalisch eine Information dar\u00fcber, dass Sie Ihr Abonnement verl\u00e4ngern m\u00fcssen, wenn Sie das Cigar Journal weiterhin erhalten m\u00f6chten.<br \/>\nLeider k\u00f6nnen Sie das Cigar Journal nicht bis auf Widerruf abonnieren. Wenn Sie jedoch nicht so oft erneuern m\u00f6chten, schlagen wir Ihnen vor, ein 2-Jahres-Abonnement abzuschlie\u00dfen.<\/p>\n<p><strong>Ich bin umgezogen und m\u00f6chte das Cigar Journal an meine neue Adresse erhalten.<\/strong><br \/>\nBitte teilen Sie uns so fr\u00fch wie m\u00f6glich Ihre neue Adresse mit um zu vermeiden, dass eine oder mehrere Ausgaben an Ihre alte Adresse versendet werden. Bitte haben Sie Verst\u00e4ndnis daf\u00fcr, dass wir bei verz\u00f6gerter Adress\u00e4nderungsmitteilung eventuell falsch versendete Ausgaben nicht erstatten k\u00f6nnen.<\/p>\n<p><strong>Wie lange l\u00e4uft mein Abonnement?<\/strong><br \/>\nIhr Abonnement endet automatisch nach 4 bzw. 8 Ausgaben. Sie werden von uns benachrichtigt, wenn das der Fall ist. Sie k\u00f6nnen Ihr Abonnement dann wieder verl\u00e4ngern oder auslaufen lassen.<\/p>\n<p><strong>Wie kann ich mein Abonnement verl\u00e4ngern?<\/strong><br \/>\nWenn Ihr Abonnement endet, senden wir Ihnen eine E-Mail bzw. einen Brief und informieren Sie dar\u00fcber, wie Sie Ihr Abonnement verl\u00e4ngern k\u00f6nnen. Folgen Sie dem Link in der E-Mail oder verl\u00e4ngern Sie in unserem Webshop unter Angabe Ihrer Abonummer und Ihres Familiennamens.<\/p>\n<p><strong>Ich wei\u00df meine Abonummer nicht \u2013 wie kann ich verl\u00e4ngern?<\/strong><br \/>\nIhre Abonummer finden Sie auf Ihrer Rechnung und in unseren Verl\u00e4ngerungsbriefen. Wir helfen Ihnen nat\u00fcrlich auch gerne pers\u00f6nlich weiter. Kontaktieren Sie uns unter <a href=\"mailto:office@cigarjournal.com\">office@cigarjournal.com<\/a> oder +43(0)2243\/20897<\/p>\n<p><strong>Kann ich mein Abonnement jederzeit verl\u00e4ngern?<\/strong><br \/>\nSie k\u00f6nnen das Abonnement verl\u00e4ngern nachdem Sie Ihre letzte Ausgabe erhalten haben. Hierzu erhalten Sie alle Informationen in der zugesandten Erinnerung.<\/p>\n<p><strong>Gibt es ein Online-Abo des Cigar Journals?<\/strong><br \/>\nAktuell ist das Cigar Journal nur in der Printversion erh\u00e4ltlich. Sie k\u00f6nnen daher kein elektronisches Abonnement abschlie\u00dfen. Viele Artikel vergangener Ausgaben finden Sie jedoch auf unserer Homepage.<\/p>\n<h3>Geschenkabonnement<\/h3>\n<p><strong>Wie kann ich jemandem ein Abonnement schenken?<\/strong><br \/>\nSie k\u00f6nnen ein Geschenkabonnement einfach auf unserer Homepage bestellen. N\u00e4here Informationen finden Sie unter <a href=\"https:\/\/www.cigarjournal.com\/de\/abonnieren\/geschenkabonnement\/\">Geschenkabonnement<\/a>.<\/p>\n<p><strong>Wie wird der Vorgang eines Geschenkabonnements abgewickelt?<\/strong><br \/>\nAuf unserer Website k\u00f6nnen Sie w\u00e4hlen, ob Sie eine direkte Benachrichtigung des\/der Beschenkten w\u00fcnschen, oder ob Sie ihm\/ihr selbst das Geschenk \u00fcberreichen m\u00f6chten. Je nach Wunsch wird der\/die Beschenkte direkt und automatisch von uns \u00fcber das Geschenk benachrichtigt, oder Sie k\u00f6nnen selbst den Zeitpunkt w\u00e4hlen, an dem er\/sie davon erfahren soll. Das Geschenkabonnement beginnt mit der n\u00e4chsten Ausgabe des Cigar Journals, und endet automatisch.<\/p>\n<p><strong>Wie kann ein Geschenkabonnement verl\u00e4ngert werden?<\/strong><br \/>\nNach Ablaufen des Geschenkabonnements erh\u00e4lt der Schenkende eine Benachrichtigung, dass der Beschenkte nun die letzte Ausgabe des Abonnements erhalten hat. Wenn keine Verl\u00e4ngerung erfolgt, erh\u00e4lt auch der Beschenkte eine Erinnerung, dass das Abonnement ausl\u00e4uft. Wie bei einer normalen Abonnementverl\u00e4ngerung erh\u00e4lt er\/sie Informationen dar\u00fcber, wie er\/sie das Abonnement verl\u00e4ngern kann.<\/p>\n<h3>Alte Ausgaben<\/h3>\n<p><strong>Wie kann ich alte Ausgaben kaufen?<\/strong><br \/>\nSie k\u00f6nnen Ausgaben aus unserem Archiv direkt von uns beziehen. Leider haben wir nicht mehr alle Ausgaben lagernd. Alle Informationen zu den noch erh\u00e4ltlichen Ausgaben, Lieferoptionen und Zahlungsm\u00f6glichkeiten finden Sie unter <a href=\"https:\/\/www.cigarjournal.com\/de\/vergangene-ausgaben-bestellen\/\">Vergangene Ausgaben bestellen<\/a>.<\/p>\n<p><strong>Gibt es eine M\u00f6glichkeit, einen Blick in \u00e4ltere Ausgaben zu werfen?<\/strong><br \/>\nIn unserem <a href=\"https:\/\/www.cigarjournal.com\/de\/vergangene-ausgaben\/\">Onlinearchiv<\/a> k\u00f6nnen Sie einige Artikel unserer vergangenen Ausgaben lesen, in Tastings st\u00f6bern und die Kolumnen unserer Autoren lesen.<\/p>\n<h3>SONSTIGES<\/h3>\n<p>Ich besitze ein Tabakfachgesch\u00e4ft und m\u00f6chte des Cigar Journal f\u00fcr meine Kunden anbieten.<br \/>\nSchreiben Sie bitte an <a href=\"mailto:retailer@cigarjournal.com\">retailer@cigarjournal.com<\/a>, um weitere Informationen dazu zu erhalten.<\/p>\n","protected":false},"excerpt":{"rendered":"<p>&nbsp; Allgemeine Fragen Zahlungsmodalit\u00e4ten Neues Abonnement Abonnementverl\u00e4ngerung Geschenkabonnement Vergangene Ausgaben kaufen Sonstiges &nbsp; Allgemeines Ich kenne das Cigar Journal noch nicht. K\u00f6nnen Sie mir eine Ausgabe zusenden? Wenn Sie Zigarren m\u00f6gen, werden Sie das Cigar Journal lieben. Sie k\u00f6nnen in unserem Online-Archiv in vergangenen Ausgaben st\u00f6bern, in Ihrem Tabakfachgesch\u00e4ft oder am Kiosk danach fragen, oder<a href=\"https:\/\/www.cigarjournal.com\/de\/abonnieren\/faq-haeufig-gestellte-fragen\/\" title=\"Read more\" >&#8230;<\/a><\/p>\n","protected":false},"author":30,"featured_media":0,"parent":1590,"menu_order":0,"comment_status":"closed","ping_status":"closed","template":"","meta":{"_mi_skip_tracking":false},"_links":{"self":[{"href":"https:\/\/www.cigarjournal.com\/de\/wp-json\/wp\/v2\/pages\/7013"}],"collection":[{"href":"https:\/\/www.cigarjournal.com\/de\/wp-json\/wp\/v2\/pages"}],"about":[{"href":"https:\/\/www.cigarjournal.com\/de\/wp-json\/wp\/v2\/types\/page"}],"author":[{"embeddable":true,"href":"https:\/\/www.cigarjournal.com\/de\/wp-json\/wp\/v2\/users\/30"}],"replies":[{"embeddable":true,"href":"https:\/\/www.cigarjournal.com\/de\/wp-json\/wp\/v2\/comments?post=7013"}],"version-history":[{"count":3,"href":"https:\/\/www.cigarjournal.com\/de\/wp-json\/wp\/v2\/pages\/7013\/revisions"}],"predecessor-version":[{"id":70076,"href":"https:\/\/www.cigarjournal.com\/de\/wp-json\/wp\/v2\/pages\/7013\/revisions\/70076"}],"up":[{"embeddable":true,"href":"https:\/\/www.cigarjournal.com\/de\/wp-json\/wp\/v2\/pages\/1590"}],"wp:attachment":[{"href":"https:\/\/www.cigarjournal.com\/de\/wp-json\/wp\/v2\/media?parent=7013"}],"curies":[{"name":"wp","href":"https:\/\/api.w.org\/{rel}","templated":true}]}}