{"id":4415,"date":"2015-03-18T13:18:00","date_gmt":"2015-03-18T12:18:00","guid":{"rendered":"http:\/\/www.cigartrophy.com\/?page_id=4415"},"modified":"2015-06-24T18:44:12","modified_gmt":"2015-06-24T16:44:12","slug":"kommende-ausgaben","status":"publish","type":"page","link":"https:\/\/www.cigarjournal.com\/de\/abonnieren\/kommende-ausgaben\/","title":{"rendered":"Kommende Ausgaben"},"content":{"rendered":"<p>&nbsp;<\/p>\n<p>Das Cigar Journal erscheint vier Mal j\u00e4hrlich in bilingualer Form (deutsch\/englisch). Die Erscheinungstermine f\u00fcr die Ausgaben des aktuellen Jahres finden Sie hier:<\/p>\n<p>&nbsp;<\/p>\n<p>Fr\u00fchjahrs-Ausgabe: Mitte M\u00e4rz<br \/>\nSommer-Ausgabe: Mitte Juni<br \/>\nHerbst-Ausgabe: Mitte September<br \/>\nWinter-Ausgabe: Mitte Dezember<\/p>\n<p>&nbsp;<\/p>\n<p>\u00bb <a title=\"Abonnements &amp; Preise\" href=\"https:\/\/www.cigarjournal.com\/de\/abonnieren\/\">Cigar Journal abonnieren<\/a><br \/>\n\u00bb <a title=\"Aktuelle Ausgabe\" href=\"https:\/\/www.cigarjournal.com\/de\/ueber-das-magazin\/aktuelle-ausgabe\/\">Aktuelle Ausgabe<\/a><br \/>\n\u00bb <a title=\"Vergangene Ausgaben\" href=\"https:\/\/www.cigarjournal.com\/de\/vergangene-ausgaben\/\">Vergangene Ausgaben<\/a><\/p>\n<p>&nbsp;<\/p>\n<p>Bei Fragen zu Ihrem Abonnement erreichen Sie uns unter <a title=\"E-Mail\" href=\"mailto:%6F%66%66%69%63%65%40%63%69%67%61%72%6A%6F%75%72%6E%61%6C%2E%63%6F \">office@cigarjournal.com<\/a> bzw. telefonisch unter der \u00f6sterreichischen Nummer +43 2243 20897.<\/p>\n","protected":false},"excerpt":{"rendered":"<p>&nbsp; Das Cigar Journal erscheint vier Mal j\u00e4hrlich in bilingualer Form (deutsch\/englisch). Die Erscheinungstermine f\u00fcr die Ausgaben des aktuellen Jahres finden Sie hier: &nbsp; Fr\u00fchjahrs-Ausgabe: Mitte M\u00e4rz Sommer-Ausgabe: Mitte Juni Herbst-Ausgabe: Mitte September Winter-Ausgabe: Mitte Dezember &nbsp; \u00bb Cigar Journal abonnieren \u00bb Aktuelle Ausgabe \u00bb Vergangene Ausgaben &nbsp; Bei Fragen zu Ihrem Abonnement erreichen Sie<a href=\"https:\/\/www.cigarjournal.com\/de\/abonnieren\/kommende-ausgaben\/\" title=\"Read more\" >&#8230;<\/a><\/p>\n","protected":false},"author":30,"featured_media":0,"parent":1590,"menu_order":0,"comment_status":"closed","ping_status":"closed","template":"","meta":{"_mi_skip_tracking":false},"_links":{"self":[{"href":"https:\/\/www.cigarjournal.com\/de\/wp-json\/wp\/v2\/pages\/4415"}],"collection":[{"href":"https:\/\/www.cigarjournal.com\/de\/wp-json\/wp\/v2\/pages"}],"about":[{"href":"https:\/\/www.cigarjournal.com\/de\/wp-json\/wp\/v2\/types\/page"}],"author":[{"embeddable":true,"href":"https:\/\/www.cigarjournal.com\/de\/wp-json\/wp\/v2\/users\/30"}],"replies":[{"embeddable":true,"href":"https:\/\/www.cigarjournal.com\/de\/wp-json\/wp\/v2\/comments?post=4415"}],"version-history":[{"count":0,"href":"https:\/\/www.cigarjournal.com\/de\/wp-json\/wp\/v2\/pages\/4415\/revisions"}],"up":[{"embeddable":true,"href":"https:\/\/www.cigarjournal.com\/de\/wp-json\/wp\/v2\/pages\/1590"}],"wp:attachment":[{"href":"https:\/\/www.cigarjournal.com\/de\/wp-json\/wp\/v2\/media?parent=4415"}],"curies":[{"name":"wp","href":"https:\/\/api.w.org\/{rel}","templated":true}]}}