{"id":3867,"date":"2015-03-02T14:39:44","date_gmt":"2015-03-02T13:39:44","guid":{"rendered":"http:\/\/www.cigartrophy.com\/?page_id=3867"},"modified":"2021-06-28T12:57:33","modified_gmt":"2021-06-28T10:57:33","slug":"sommer-ausgabe-2010-rocky-patel-auf-zu-neuen-ufern","status":"publish","type":"page","link":"https:\/\/www.cigarjournal.com\/de\/vergangene-ausgaben\/sommer-ausgabe-2010-rocky-patel-auf-zu-neuen-ufern\/","title":{"rendered":"Sommer-Ausgabe 2010 &#8211; Rocky Patel: Auf zu neuen Ufern!"},"content":{"rendered":"<p><img class=\"alignright size-medium wp-image-3869\" src=\"https:\/\/www.cigarjournal.com\/wp-content\/uploads\/2015\/03\/cigar-journal-sommer-2010-cover-rocky-patel-deutsch-500x707.jpg\" alt=\"cigar-journal-sommer-2010-cover-rocky-patel-deutsch\" width=\"260\" height=\"367\" srcset=\"https:\/\/www.cigarjournal.com\/wp-content\/uploads\/2015\/03\/cigar-journal-sommer-2010-cover-rocky-patel-deutsch-500x707.jpg 500w, https:\/\/www.cigarjournal.com\/wp-content\/uploads\/2015\/03\/cigar-journal-sommer-2010-cover-rocky-patel-deutsch-770x1089.jpg 770w, https:\/\/www.cigarjournal.com\/wp-content\/uploads\/2015\/03\/cigar-journal-sommer-2010-cover-rocky-patel-deutsch-600x848.jpg 600w\" sizes=\"(max-width: 260px) 100vw, 260px\" \/> Rocky Patel startete seine Karriere als Zigarrenproduzent w\u00e4hrend der Boomperiode der 1990er-Jahre. In den 15 Jahren seither hat er ein Portfolio entwickelt, das schon etliche Klassiker umfasst. Wir trafen den ehemaligen Hollywoodanwalt f\u00fcr die Titelstory der Sommer-Ausgabe 2010 des European Cigar Journals.<\/p>\n<p>Wir haben uns f\u00fcr Sie in Holland und Marrakesch umgesehen, und berichten von den Besonderheiten, die beide Destinationen f\u00fcr Zigarrengenie\u00dfer bereithalten. Unser Humidor-Experte Marc Andr\u00e9 informiert \u00fcber Sch\u00e4dlinge, die dem Rauchbestand von Passionados gef\u00e4hrlich werden k\u00f6nnen, und anl\u00e4sslich des 100. Todestages Mark Twains widmen wir uns einem der prominentesten Zigarrengenie\u00dfer der Geschichte. Bei der Auswahl der Zigarren des Tastings in der Sommer-Ausgabe verlie\u00dfen wir uns diesmal ganz auf die Empfehlungen von Top-Fachh\u00e4ndlern aus aller Welt.<\/p>\n<p>Wenn Sie diese Ausgabe verpasst haben, k\u00f6nnen Sie sie <a title=\"Sommer-Ausgabe 2010 \u2013 Rocky Patel: Auf zu neuen Ufern!\" href=\"https:\/\/www.cigarjournal.com\/de\/vergangene-ausgaben\/sommer-ausgabe-2010-rocky-patel-auf-zu-neuen-ufern\/\" target=\"_blank\" rel=\"noopener noreferrer\">einfach nachbestellen.<\/a><\/p>\n<p><strong>Hier finden Sie eine \u00dcbersicht der Inhalte der Ausgabe 2\/2010.<\/strong><\/p>\n<p>Zigarren-News <br \/>Swedish Match schlie\u00dft Partnerschaft mit Plasencia<br \/>Online- vs. Offlinehandel <br \/>Smoky Spirits <br \/>Tasting: Vom H\u00e4ndler empfohlen <br \/><a title=\"Rocky Patel\" href=\"https:\/\/www.cigarjournal.com\/de\/rocky-patel-auf-zu-neuen-ufern\/\" target=\"_blank\" rel=\"noopener noreferrer\">Rocky Patel bricht auf zu neuen Ufern<\/a> <br \/>Milben, K\u00e4fer und andere Sch\u00e4dlinge im Humidor <br \/>Travel Corner: Zigarrenszene in Marrakesch <br \/>Tobacco &amp; Arts: Heinu Steltzer <br \/>Die Ger\u00fcchte aus El Laguito: Davidoff und Cohiba <br \/>Big Smoke im kleinen Holland: L\u00e4nderportrait <br \/>R\u00fcckblick: ProCigar-Festival 2010 <br \/>Nachruf auf Alejandro Robaina <br \/>News aus Kuba <br \/><a title=\"Yamas\u00e1\" href=\"https:\/\/www.cigarjournal.com\/de\/die-entdeckung-von-yasmasa\/\" target=\"_blank\" rel=\"noopener noreferrer\">Davidoff: Die Entdeckung von Yamas\u00e1<\/a> <br \/><a title=\"Mark Twain\" href=\"https:\/\/www.cigarjournal.com\/de\/mark-twain-und-die-zigarren-leidenschaft-eines-humoristen\/\" target=\"_blank\" rel=\"noopener noreferrer\">Mark Twain: Leidenschaft eines Humoristen<\/a> <br \/>Zigarrenkunde: Die Anatomie einer Zigarre <br \/>Uhrenmanufaktur: Hublot <br \/>Pfeifen-News <br \/>Pfeifenhersteller Sergey Ailarov <br \/>Tasting: Pfeifentabake f\u00fcr Sie geraucht <br \/>Pfeifenrauchen: Der blaue Dunst, der noch geduldet ist <br \/>R\u00fcckblicke: Events <br \/>Empfehlenswerte Rauchsalons in aller Welt \u00a0<\/p>\n","protected":false},"excerpt":{"rendered":"<p>Rocky Patel startete seine Karriere als Zigarrenproduzent w\u00e4hrend der Boomperiode der 1990er-Jahre. In den 15 Jahren seither hat er ein Portfolio entwickelt, das schon etliche Klassiker umfasst. Wir trafen den ehemaligen Hollywoodanwalt f\u00fcr die Titelstory der Sommer-Ausgabe 2010 des European Cigar Journals. Wir haben uns f\u00fcr Sie in Holland und Marrakesch umgesehen, und berichten von<a href=\"https:\/\/www.cigarjournal.com\/de\/vergangene-ausgaben\/sommer-ausgabe-2010-rocky-patel-auf-zu-neuen-ufern\/\" title=\"Read more\" >&#8230;<\/a><\/p>\n","protected":false},"author":30,"featured_media":3869,"parent":1229,"menu_order":0,"comment_status":"closed","ping_status":"closed","template":"","meta":{"_mi_skip_tracking":false},"_links":{"self":[{"href":"https:\/\/www.cigarjournal.com\/de\/wp-json\/wp\/v2\/pages\/3867"}],"collection":[{"href":"https:\/\/www.cigarjournal.com\/de\/wp-json\/wp\/v2\/pages"}],"about":[{"href":"https:\/\/www.cigarjournal.com\/de\/wp-json\/wp\/v2\/types\/page"}],"author":[{"embeddable":true,"href":"https:\/\/www.cigarjournal.com\/de\/wp-json\/wp\/v2\/users\/30"}],"replies":[{"embeddable":true,"href":"https:\/\/www.cigarjournal.com\/de\/wp-json\/wp\/v2\/comments?post=3867"}],"version-history":[{"count":0,"href":"https:\/\/www.cigarjournal.com\/de\/wp-json\/wp\/v2\/pages\/3867\/revisions"}],"up":[{"embeddable":true,"href":"https:\/\/www.cigarjournal.com\/de\/wp-json\/wp\/v2\/pages\/1229"}],"wp:featuredmedia":[{"embeddable":true,"href":"https:\/\/www.cigarjournal.com\/de\/wp-json\/wp\/v2\/media\/3869"}],"wp:attachment":[{"href":"https:\/\/www.cigarjournal.com\/de\/wp-json\/wp\/v2\/media?parent=3867"}],"curies":[{"name":"wp","href":"https:\/\/api.w.org\/{rel}","templated":true}]}}