{"id":383,"date":"2014-09-05T19:37:48","date_gmt":"2014-09-05T17:37:48","guid":{"rendered":"http:\/\/www.cigartrophy.com\/?page_id=383"},"modified":"2018-10-31T13:28:55","modified_gmt":"2018-10-31T12:28:55","slug":"fachhaendler-cigar-journal-bestellen","status":"publish","type":"page","link":"https:\/\/www.cigarjournal.com\/de\/fachhaendler-cigar-journal-bestellen\/","title":{"rendered":"Cigar Journal bestellen"},"content":{"rendered":"<p>&nbsp;<\/p>\n<p>Mit dem Cigar Journal in Ihrem Portfolio bieten Sie Ihren Kunden ein Zigarrenmagazin, das sich ausschlie\u00dflich der Zigarre verschrieben hat und seinen Lesern seit mehr als zwanzig Jahren Neuigkeiten, tiefgreifende Berichte und einzigartige Reportagen aus der Zigarrenwelt bietet. In den vier j\u00e4hrlich erscheinenden Ausgaben testen wir dar\u00fcber hinaus jeweils mehr als 60 Zigarren in Blindverkostungen und bieten Zigarrenrauchern Einblicke zu neu erscheinenden Linien und Marken gleicherma\u00dfen wie zu Klassikern der Branche.<\/p>\n<h3>Serviceleistungen f\u00fcr den Fachhandel<\/h3>\n<p>In einer eigenen <a title=\"Fachh\u00e4ndler-Newsletter\" href=\"https:\/\/www.cigarjournal.com\/de\/fachhaendler-newsletter\/\" rel=\"\">Vorabinformation f\u00fcr den Fachhandel<\/a> senden wir Ihnen bereits vor Hefterscheinen Informationen zu den Ergebnissen unseres aktuellen Tastings sowie zu den Inhalten unserer neuen Ausgabe. Mit einem eigenen Servicetool f\u00fcr unsere Leser bieten wir die M\u00f6glichkeit, Fachh\u00e4ndler und Lounges rund um die Welt zu finden: Unser <a title=\"Cigar Shop Finder\" href=\"http:\/\/shop.cigarjournal.co\/index.php\/de\/zigarrengeschaefte\" target=\"_blank\" rel=\"noopener noreferrer\">Cigar Shop Finder<\/a> listet mehr als 8000 Tabakfachgesch\u00e4fte in Nordamerika und Europa. Als Cigar Journal-Fachh\u00e4ndler erhalten Sie einen kostenfreien erweiterten Eintrag auf unserer Website.<\/p>\n<h3>Senden Sie uns eine Anfrage<\/h3>\n<p>Gerne senden wir Ihnen weitere Informationen zu unseren speziellen Angeboten f\u00fcr Tabakfachh\u00e4ndler zu. Wir freuen uns auf Ihre Anfrage an <a title=\"E-Mail\" href=\"mailto:%72%65%74%61%69%6C%65%72%40%63%69%67%61%72%6A%6F%75%72%6E%61%6C%2E%63%6F \">retailer@cigarjournal.com<\/a> und darauf, Sie als Cigar Journal-H\u00e4ndler begr\u00fc\u00dfen zu d\u00fcrfen!<\/p>\n","protected":false},"excerpt":{"rendered":"<p>&nbsp; Mit dem Cigar Journal in Ihrem Portfolio bieten Sie Ihren Kunden ein Zigarrenmagazin, das sich ausschlie\u00dflich der Zigarre verschrieben hat und seinen Lesern seit mehr als zwanzig Jahren Neuigkeiten, tiefgreifende Berichte und einzigartige Reportagen aus der Zigarrenwelt bietet. In den vier j\u00e4hrlich erscheinenden Ausgaben testen wir dar\u00fcber hinaus jeweils mehr als 60 Zigarren in<a href=\"https:\/\/www.cigarjournal.com\/de\/fachhaendler-cigar-journal-bestellen\/\" title=\"Read more\" >&#8230;<\/a><\/p>\n","protected":false},"author":30,"featured_media":0,"parent":0,"menu_order":0,"comment_status":"closed","ping_status":"closed","template":"","meta":{"_mi_skip_tracking":false},"_links":{"self":[{"href":"https:\/\/www.cigarjournal.com\/de\/wp-json\/wp\/v2\/pages\/383"}],"collection":[{"href":"https:\/\/www.cigarjournal.com\/de\/wp-json\/wp\/v2\/pages"}],"about":[{"href":"https:\/\/www.cigarjournal.com\/de\/wp-json\/wp\/v2\/types\/page"}],"author":[{"embeddable":true,"href":"https:\/\/www.cigarjournal.com\/de\/wp-json\/wp\/v2\/users\/30"}],"replies":[{"embeddable":true,"href":"https:\/\/www.cigarjournal.com\/de\/wp-json\/wp\/v2\/comments?post=383"}],"version-history":[{"count":0,"href":"https:\/\/www.cigarjournal.com\/de\/wp-json\/wp\/v2\/pages\/383\/revisions"}],"wp:attachment":[{"href":"https:\/\/www.cigarjournal.com\/de\/wp-json\/wp\/v2\/media?parent=383"}],"curies":[{"name":"wp","href":"https:\/\/api.w.org\/{rel}","templated":true}]}}