{"id":381,"date":"2014-09-05T19:37:33","date_gmt":"2014-09-05T17:37:33","guid":{"rendered":"http:\/\/www.cigartrophy.com\/?page_id=381"},"modified":"2021-01-20T13:44:26","modified_gmt":"2021-01-20T12:44:26","slug":"fachhaendler-newsletter","status":"publish","type":"page","link":"https:\/\/www.cigarjournal.com\/de\/fachhaendler-newsletter\/","title":{"rendered":"Fachh\u00e4ndler-Newsletter"},"content":{"rendered":"<p>\u00a0 Im Fachh\u00e4ndler-Newsletter informieren wir Sie regelm\u00e4\u00dfig und exklusiv vorab \u00fcber neu erscheinende Hefte, die Tastingergebnisse der aktuellen Verkostungen und Auszeichnungen wie die Cigar Trophy und die Top 25 Zigarren des Jahres. Bitte beachten Sie, dass Registrierungen von Privatpersonen nicht angenommen werden. Eine Abmeldung ist jederzeit m\u00f6glich. \u00a0<\/p>\n<h3>Newsletter-Anmeldung<\/h3>\n<div role=\"form\" class=\"wpcf7\" id=\"wpcf7-f38803-o1\" lang=\"en-US\" dir=\"ltr\">\n<div class=\"screen-reader-response\">\n<p role=\"status\" aria-live=\"polite\" aria-atomic=\"true\">\n<ul><\/ul>\n<\/div>\n<form action=\"\/de\/wp-json\/wp\/v2\/pages\/381#wpcf7-f38803-o1\" method=\"post\" class=\"wpcf7-form init\" novalidate=\"novalidate\" data-status=\"init\">\n<div style=\"display: none;\">\n<input type=\"hidden\" name=\"_wpcf7\" value=\"38803\" \/><br \/>\n<input type=\"hidden\" name=\"_wpcf7_version\" value=\"5.6\" \/><br \/>\n<input type=\"hidden\" name=\"_wpcf7_locale\" value=\"en_US\" \/><br \/>\n<input type=\"hidden\" name=\"_wpcf7_unit_tag\" value=\"wpcf7-f38803-o1\" \/><br \/>\n<input type=\"hidden\" name=\"_wpcf7_container_post\" value=\"0\" \/><br \/>\n<input type=\"hidden\" name=\"_wpcf7_posted_data_hash\" value=\"\" \/><br \/>\n<input type=\"hidden\" name=\"nlang\" value=\"de\" \/>\n<\/div>\n<p><label> Kontakt &#038; Name des Shops<br \/>\n    <span class=\"wpcf7-form-control-wrap\" data-name=\"your-name\"><input type=\"text\" name=\"your-name\" value=\"\" size=\"40\" class=\"wpcf7-form-control wpcf7-text wpcf7-validates-as-required\" aria-required=\"true\" aria-invalid=\"false\" \/><\/span> <\/label><\/p>\n<p><label> E-Mail-Adresse<br \/>\n    <span class=\"wpcf7-form-control-wrap\" data-name=\"your-email\"><input type=\"email\" name=\"your-email\" value=\"\" size=\"40\" class=\"wpcf7-form-control wpcf7-text wpcf7-email wpcf7-validates-as-required wpcf7-validates-as-email\" aria-required=\"true\" aria-invalid=\"false\" \/><\/span> <\/label><\/p>\n<p><input type=\"submit\" value=\"Senden\" class=\"wpcf7-form-control has-spinner wpcf7-submit\" \/><\/p>\n<div class=\"wpcf7-response-output\" aria-hidden=\"true\"><\/div>\n<\/form>\n<\/div>\n","protected":false},"excerpt":{"rendered":"<p>\u00a0 Im Fachh\u00e4ndler-Newsletter informieren wir Sie regelm\u00e4\u00dfig und exklusiv vorab \u00fcber neu erscheinende Hefte, die Tastingergebnisse der aktuellen Verkostungen und Auszeichnungen wie die Cigar Trophy und die Top 25 Zigarren des Jahres. Bitte beachten Sie, dass Registrierungen von Privatpersonen nicht angenommen werden. Eine Abmeldung ist jederzeit m\u00f6glich. \u00a0 Newsletter-Anmeldung<\/p>\n","protected":false},"author":30,"featured_media":0,"parent":0,"menu_order":0,"comment_status":"closed","ping_status":"closed","template":"","meta":{"_mi_skip_tracking":false},"_links":{"self":[{"href":"https:\/\/www.cigarjournal.com\/de\/wp-json\/wp\/v2\/pages\/381"}],"collection":[{"href":"https:\/\/www.cigarjournal.com\/de\/wp-json\/wp\/v2\/pages"}],"about":[{"href":"https:\/\/www.cigarjournal.com\/de\/wp-json\/wp\/v2\/types\/page"}],"author":[{"embeddable":true,"href":"https:\/\/www.cigarjournal.com\/de\/wp-json\/wp\/v2\/users\/30"}],"replies":[{"embeddable":true,"href":"https:\/\/www.cigarjournal.com\/de\/wp-json\/wp\/v2\/comments?post=381"}],"version-history":[{"count":0,"href":"https:\/\/www.cigarjournal.com\/de\/wp-json\/wp\/v2\/pages\/381\/revisions"}],"wp:attachment":[{"href":"https:\/\/www.cigarjournal.com\/de\/wp-json\/wp\/v2\/media?parent=381"}],"curies":[{"name":"wp","href":"https:\/\/api.w.org\/{rel}","templated":true}]}}