{"id":375,"date":"2014-09-05T19:36:38","date_gmt":"2014-09-05T17:36:38","guid":{"rendered":"http:\/\/www.cigartrophy.com\/?page_id=375"},"modified":"2017-11-07T11:57:18","modified_gmt":"2017-11-07T10:57:18","slug":"kundenservice-fachhaendler","status":"publish","type":"page","link":"https:\/\/www.cigarjournal.com\/de\/kundenservice-fachhaendler\/","title":{"rendered":"Kundenservice Fachh\u00e4ndler"},"content":{"rendered":"<p>&nbsp;<\/p>\n<p>Bei Fragen, W\u00fcnschen oder Anmerkungen zu Ihren Cigar Journal-Bestellungen freuen wir uns \u00fcber Ihre Kontaktaufnahme an <a title=\"E-Mail\" href=\"mailto:%6F%66%66%69%63%65%40%63%69%67%61%72%6A%6F%75%72%6E%61%6C%2E%63%6F \">office@cigarjournal.com<\/a>.<\/p>\n<p>Hier finden Sie eine \u00dcbersicht \u00fcber die Erscheinungsdaten der kommenden Ausgaben des Cigar Journals: <a title=\"Kommende Ausgaben\" href=\"https:\/\/www.cigarjournal.com\/de\/abonnieren\/kommende-ausgaben\/\">Kommende Ausgaben<\/a><\/p>\n<p>Wenn Sie beginnen m\u00f6chten, das Cigar Journal f\u00fcr Ihr Gesch\u00e4ft zu beziehen, finden Sie hier weitere Informationen: <a title=\"Cigar Journal bestellen\" href=\"https:\/\/www.cigarjournal.com\/de\/fachhaendler-cigar-journal-bestellen\/\">Cigar Journal bestellen<\/a><\/p>\n","protected":false},"excerpt":{"rendered":"<p>&nbsp; Bei Fragen, W\u00fcnschen oder Anmerkungen zu Ihren Cigar Journal-Bestellungen freuen wir uns \u00fcber Ihre Kontaktaufnahme an office@cigarjournal.com. Hier finden Sie eine \u00dcbersicht \u00fcber die Erscheinungsdaten der kommenden Ausgaben des Cigar Journals: Kommende Ausgaben Wenn Sie beginnen m\u00f6chten, das Cigar Journal f\u00fcr Ihr Gesch\u00e4ft zu beziehen, finden Sie hier weitere Informationen: Cigar Journal bestellen<\/p>\n","protected":false},"author":30,"featured_media":0,"parent":0,"menu_order":0,"comment_status":"closed","ping_status":"closed","template":"","meta":{"_mi_skip_tracking":false},"_links":{"self":[{"href":"https:\/\/www.cigarjournal.com\/de\/wp-json\/wp\/v2\/pages\/375"}],"collection":[{"href":"https:\/\/www.cigarjournal.com\/de\/wp-json\/wp\/v2\/pages"}],"about":[{"href":"https:\/\/www.cigarjournal.com\/de\/wp-json\/wp\/v2\/types\/page"}],"author":[{"embeddable":true,"href":"https:\/\/www.cigarjournal.com\/de\/wp-json\/wp\/v2\/users\/30"}],"replies":[{"embeddable":true,"href":"https:\/\/www.cigarjournal.com\/de\/wp-json\/wp\/v2\/comments?post=375"}],"version-history":[{"count":0,"href":"https:\/\/www.cigarjournal.com\/de\/wp-json\/wp\/v2\/pages\/375\/revisions"}],"wp:attachment":[{"href":"https:\/\/www.cigarjournal.com\/de\/wp-json\/wp\/v2\/media?parent=375"}],"curies":[{"name":"wp","href":"https:\/\/api.w.org\/{rel}","templated":true}]}}