{"id":32279,"date":"2019-11-20T11:09:47","date_gmt":"2019-11-20T10:09:47","guid":{"rendered":"https:\/\/www.cigarjournal.com\/?page_id=32279"},"modified":"2021-07-14T13:44:25","modified_gmt":"2021-07-14T11:44:25","slug":"herbst-ausgabe-2019-fred-vandermarliere-of-oliva-cigars-passion-strategy","status":"publish","type":"page","link":"https:\/\/www.cigarjournal.com\/de\/vergangene-ausgaben\/herbst-ausgabe-2019-fred-vandermarliere-of-oliva-cigars-passion-strategy\/","title":{"rendered":"Herbst Ausgabe 2019 &#8211; Fred Vandermarliere of Oliva Cigars Passion &#038; Strategy"},"content":{"rendered":"<p><img class=\"size-medium wp-image-32273 alignright\" src=\"https:\/\/www.cigarjournal.com\/wp-content\/uploads\/2019\/11\/U1_cj_3-19_US_cover-500x684.jpg\" alt=\"Cigar Journal Autumn Edition 2019\" width=\"260\" height=\"356\" srcset=\"https:\/\/www.cigarjournal.com\/wp-content\/uploads\/2019\/11\/U1_cj_3-19_US_cover-500x684.jpg 500w, https:\/\/www.cigarjournal.com\/wp-content\/uploads\/2019\/11\/U1_cj_3-19_US_cover-770x1053.jpg 770w, https:\/\/www.cigarjournal.com\/wp-content\/uploads\/2019\/11\/U1_cj_3-19_US_cover-600x820.jpg 600w\" sizes=\"(max-width: 260px) 100vw, 260px\" \/>Neben zahlreichen News-Meldungen rund um Neulancierungen, Clubs und Events rund um den Globus, liefern Ihnen unsere Autoren auch in dieser Ausgabe eine geballte Ladung hautnaher Eindr\u00fccke aus der Zigarrenwelt und tiefgreifende Informationen.<\/p>\n<p>F\u00fcr unsere Coverstory besuchte unsere Chefredakteurin Fred Vandermarliere in Br\u00fcssel. Er ist CEO von J. Cort\u00e9s und seit drei Jahren Eigent\u00fcmer der Traditionsmarke Oliva Cigars.<\/p>\n<p>Wenn Sie diese Ausgabe verpasst haben, k\u00f6nnen Sie sie <a title=\"Vergangene Ausgaben bestellen\" href=\"https:\/\/www.cigarjournal.com\/de\/vergangene-ausgaben-bestellen\/\" target=\"_blank\" rel=\"noopener noreferrer\">einfach nachbestellen.<\/a><\/p>\n<p><strong>Hier finden Sie eine \u00dcbersicht der Inhalte der Ausgabe 3\/2019.<\/strong><\/p>\n<p>News <br \/>Smoky Spirits<br \/><a href=\"https:\/\/www.cigarjournal.com\/de\/fred-vandermarliere-ich-liebe-es-menschen-zusammenzubringen\/\" target=\"_blank\" rel=\"noopener noreferrer\">Coverstory: Fred Vandermarliere, Oliva Cigars<\/a><br \/>Blind Tasting: 60 blind verkostete Zigarren <br \/>Ein Tag im Leben von &#8230; Henry Lopez <br \/>Crossover Tasting: Rum und Zigarren &#8211; Magic Taste of the Origin<br \/><a title=\"\" href=\"https:\/\/www.cigarjournal.com\/de\/zigarren-in-wien-ein-ganz-besonderer-mikrokosmos\/\" target=\"_blank\" rel=\"noopener noreferrer\">Destination Wien: Zigarren in Wien<\/a> <br \/><a href=\"https:\/\/www.cigarjournal.com\/de\/wir-sind-waehlerisch\/\" target=\"_blank\" rel=\"noopener noreferrer\">De Los Reyes Cigars: Wir sind w\u00e4hlerisch!<\/a><br \/>Sammelleidenschaft: Edici\u00f3n Limitada Habanos S.A. <br \/>Art Garcia: Lateinamerikanische-europ\u00e4ische Leidenschaft <br \/><a href=\"https:\/\/www.cigarjournal.com\/de\/die-geschichte-der-zigarrenkistengitarre\/\" target=\"_blank\" rel=\"noopener noreferrer\">Cigar &amp; History Zigarrenkistengitarre<\/a><br \/>Interview: Grecia Qui\u00f1ones <br \/>Destination Aserbaidschan: Land des Feuers <br \/>Die n\u00e4chste Generation: Alex &amp; Bradley Rubin of Alec Bradley Cigars <br \/>Cigar &amp; Society: Keine Frage des Alters <br \/>Bars &amp; Cigars: Die Barszene in Lissabon <br \/><a title=\"Das Sternesystem von Davidoff\" href=\"https:\/\/www.cigarjournal.com\/de\/das-sternesystem-von-davidoff\/\" target=\"_blank\" rel=\"noopener noreferrer\">Zigarrenwissen: Das Sternensystem von Davidoff<\/a> <br \/>Cigar Friendly: The Metropolitian Society <br \/>JRE Cigars: Ein honduranisches Original <br \/>Vegafina 1998: Die hochwertigste Linie der Marke <br \/>Cigar Secrets: Hinter verschlossenen T\u00fcren <br \/>Most Memorable Cigar: Cien A\u00f1os Corona, Manuel Inoa<\/p>\n","protected":false},"excerpt":{"rendered":"<p>Neben zahlreichen News-Meldungen rund um Neulancierungen, Clubs und Events rund um den Globus, liefern Ihnen unsere Autoren auch in dieser Ausgabe eine geballte Ladung hautnaher Eindr\u00fccke aus der Zigarrenwelt und tiefgreifende Informationen. F\u00fcr unsere Coverstory besuchte unsere Chefredakteurin Fred Vandermarliere in Br\u00fcssel. Er ist CEO von J. Cort\u00e9s und seit drei Jahren Eigent\u00fcmer der Traditionsmarke<a href=\"https:\/\/www.cigarjournal.com\/de\/vergangene-ausgaben\/herbst-ausgabe-2019-fred-vandermarliere-of-oliva-cigars-passion-strategy\/\" title=\"Read more\" >&#8230;<\/a><\/p>\n","protected":false},"author":111,"featured_media":32273,"parent":1229,"menu_order":0,"comment_status":"closed","ping_status":"closed","template":"","meta":{"_mi_skip_tracking":false},"_links":{"self":[{"href":"https:\/\/www.cigarjournal.com\/de\/wp-json\/wp\/v2\/pages\/32279"}],"collection":[{"href":"https:\/\/www.cigarjournal.com\/de\/wp-json\/wp\/v2\/pages"}],"about":[{"href":"https:\/\/www.cigarjournal.com\/de\/wp-json\/wp\/v2\/types\/page"}],"author":[{"embeddable":true,"href":"https:\/\/www.cigarjournal.com\/de\/wp-json\/wp\/v2\/users\/111"}],"replies":[{"embeddable":true,"href":"https:\/\/www.cigarjournal.com\/de\/wp-json\/wp\/v2\/comments?post=32279"}],"version-history":[{"count":0,"href":"https:\/\/www.cigarjournal.com\/de\/wp-json\/wp\/v2\/pages\/32279\/revisions"}],"up":[{"embeddable":true,"href":"https:\/\/www.cigarjournal.com\/de\/wp-json\/wp\/v2\/pages\/1229"}],"wp:featuredmedia":[{"embeddable":true,"href":"https:\/\/www.cigarjournal.com\/de\/wp-json\/wp\/v2\/media\/32273"}],"wp:attachment":[{"href":"https:\/\/www.cigarjournal.com\/de\/wp-json\/wp\/v2\/media?parent=32279"}],"curies":[{"name":"wp","href":"https:\/\/api.w.org\/{rel}","templated":true}]}}