{"id":3004,"date":"2015-02-09T17:33:46","date_gmt":"2015-02-09T16:33:46","guid":{"rendered":"http:\/\/www.cigartrophy.com\/?page_id=3004"},"modified":"2021-06-28T13:25:38","modified_gmt":"2021-06-28T11:25:38","slug":"winter-ausgabe-2011-die-ashton-story","status":"publish","type":"page","link":"https:\/\/www.cigarjournal.com\/de\/vergangene-ausgaben\/winter-ausgabe-2011-die-ashton-story\/","title":{"rendered":"Winter-Ausgabe 2011 &#8211; Die Ashton-Story"},"content":{"rendered":"<p><img class=\"alignright size-medium wp-image-3065\" src=\"https:\/\/www.cigarjournal.com\/wp-content\/uploads\/2015\/02\/cigar-journal-winter-2011-cover-ashton-500x707.jpg\" alt=\"cigar-journal-winter-2011-cover-ashton\" width=\"260\" height=\"367\" srcset=\"https:\/\/www.cigarjournal.com\/wp-content\/uploads\/2015\/02\/cigar-journal-winter-2011-cover-ashton-500x707.jpg 500w, https:\/\/www.cigarjournal.com\/wp-content\/uploads\/2015\/02\/cigar-journal-winter-2011-cover-ashton-770x1090.jpg 770w\" sizes=\"(max-width: 260px) 100vw, 260px\" \/> 1985 kreierte Robert Levin, Sohn eines Tabakh\u00e4ndlers in Philadelphia, mit der Ashton Classic eine Zigarre nach seinem Geschmack. Mit dem Beginn einer Kooperation mit der Fuente-Familie waren die Weichen gestellt: Ashton-Zigarren z\u00e4hlen heute zu den bekanntesten Premiumzigarren der Welt.<\/p>\n<p>P\u00fcnktlich zum Jahreswechsel stellen wir Ihnen in dieser Ausgabe unsere Lieblingszigarren des vergangenen Jahres vor; im Tasting rauchten wir 60 au\u00dfergew\u00f6hnliche Zigarren f\u00fcr Sie. Weiters versucht sich James Suckling an Pairings von 2002er-Champagner und Romeo y Julieta Zigarren, und im Collector&#8217;s Corner widmen wir uns historischen und aktuellen Jars. Sebastian Zimmel erkl\u00e4rt in seiner Tabakkunde Sinn, Eigenschaften und Einfl\u00fcsse des Umblattes von Zigarren.<\/p>\n<p>Wenn Sie diese Ausgabe verpasst haben, k\u00f6nnen Sie sie <a title=\"Vergangene Ausgaben bestellen\" href=\"https:\/\/www.cigarjournal.com\/de\/vergangene-ausgaben-bestellen\/\" target=\"_blank\" rel=\"noopener noreferrer\">einfach nachbestellen.<\/a><\/p>\n<p><strong>Hier finden Sie eine \u00dcbersicht der Inhalte der Ausgabe 4\/2011.<\/strong><\/p>\n<p>Die besten Zigarren des Jahres 2011 <br \/>Zigarren-News <br \/>Soll die FDA den US-amerikanischen Zigarrenmarkt regulieren? <br \/>Launch von San Lotano in Australien <br \/>Smoky Spirits <br \/>Tasting: 60 Zigarren <br \/>Die Ashton-Story: Wer hinter der Marke steckt <br \/>Cigar Trophy 2011: Die besten kubanischen Zigarren 2011 <br \/>Nichtraucherschutzgesetze und die Auswirkungen: Rauchgenuss im Freien <br \/>Humidor-Konzepte: Vom Tubo bis zum Reisehumidor <br \/>Pairing: 2002er Champagner und Romeo y Julieta <br \/>Tobacco &amp; Arts: Fotok\u00fcnstler Hitch <br \/>Jars &#8211; Das Sch\u00f6ne am Anderen <br \/>Travel Corner: Die Zigarrenszene M\u00fcnchens <br \/>Jaime Partag\u00e1s, der gerissene Intrigant <br \/>Zigarrenkunde &#8211; Das Umblatt <br \/>Stadtportrait Berlin &#8211; Deutsche Hauptstadt der Passionados <br \/>Anl\u00e4sslich Franz Liszt&#8217;s 200. Geburtstags: Portrait eines Musikgenies<\/p>\n","protected":false},"excerpt":{"rendered":"<p>1985 kreierte Robert Levin, Sohn eines Tabakh\u00e4ndlers in Philadelphia, mit der Ashton Classic eine Zigarre nach seinem Geschmack. Mit dem Beginn einer Kooperation mit der Fuente-Familie waren die Weichen gestellt: Ashton-Zigarren z\u00e4hlen heute zu den bekanntesten Premiumzigarren der Welt. P\u00fcnktlich zum Jahreswechsel stellen wir Ihnen in dieser Ausgabe unsere Lieblingszigarren des vergangenen Jahres vor; im<a href=\"https:\/\/www.cigarjournal.com\/de\/vergangene-ausgaben\/winter-ausgabe-2011-die-ashton-story\/\" title=\"Read more\" >&#8230;<\/a><\/p>\n","protected":false},"author":30,"featured_media":3082,"parent":1229,"menu_order":0,"comment_status":"closed","ping_status":"closed","template":"","meta":{"_mi_skip_tracking":false},"_links":{"self":[{"href":"https:\/\/www.cigarjournal.com\/de\/wp-json\/wp\/v2\/pages\/3004"}],"collection":[{"href":"https:\/\/www.cigarjournal.com\/de\/wp-json\/wp\/v2\/pages"}],"about":[{"href":"https:\/\/www.cigarjournal.com\/de\/wp-json\/wp\/v2\/types\/page"}],"author":[{"embeddable":true,"href":"https:\/\/www.cigarjournal.com\/de\/wp-json\/wp\/v2\/users\/30"}],"replies":[{"embeddable":true,"href":"https:\/\/www.cigarjournal.com\/de\/wp-json\/wp\/v2\/comments?post=3004"}],"version-history":[{"count":0,"href":"https:\/\/www.cigarjournal.com\/de\/wp-json\/wp\/v2\/pages\/3004\/revisions"}],"up":[{"embeddable":true,"href":"https:\/\/www.cigarjournal.com\/de\/wp-json\/wp\/v2\/pages\/1229"}],"wp:featuredmedia":[{"embeddable":true,"href":"https:\/\/www.cigarjournal.com\/de\/wp-json\/wp\/v2\/media\/3082"}],"wp:attachment":[{"href":"https:\/\/www.cigarjournal.com\/de\/wp-json\/wp\/v2\/media?parent=3004"}],"curies":[{"name":"wp","href":"https:\/\/api.w.org\/{rel}","templated":true}]}}