{"id":2998,"date":"2015-02-09T17:32:07","date_gmt":"2015-02-09T16:32:07","guid":{"rendered":"http:\/\/www.cigartrophy.com\/?page_id=2998"},"modified":"2021-06-28T13:20:36","modified_gmt":"2021-06-28T11:20:36","slug":"sommer-ausgabe-2011-gurkha","status":"publish","type":"page","link":"https:\/\/www.cigarjournal.com\/de\/vergangene-ausgaben\/sommer-ausgabe-2011-gurkha\/","title":{"rendered":"Sommer-Ausgabe 2011 &#8211; Gurkha"},"content":{"rendered":"<p><img class=\"alignright size-medium wp-image-3062\" src=\"https:\/\/www.cigarjournal.com\/wp-content\/uploads\/2015\/02\/cigar-journal-summer-2011-cover-gurkha-cigars-500x707.jpg\" alt=\"cigar-journal-summer-2011-cover-gurkha-cigars\" width=\"260\" height=\"367\" srcset=\"https:\/\/www.cigarjournal.com\/wp-content\/uploads\/2015\/02\/cigar-journal-summer-2011-cover-gurkha-cigars-500x707.jpg 500w, https:\/\/www.cigarjournal.com\/wp-content\/uploads\/2015\/02\/cigar-journal-summer-2011-cover-gurkha-cigars-770x1088.jpg 770w\" sizes=\"(max-width: 260px) 100vw, 260px\" \/><span style=\"background-color: transparent;\">Die urspr\u00fcnglich vom Gurkha-Regiment des britischen Milit\u00e4rs gerauchte Marke Gurkha kann auf eine lange Geschichte zur\u00fcckblicken. Mit Kaizad Hansotia bringen wir in der Sommer-Ausgabe 2011 jenen Mann vor den Vorhang, der heute hinter der Marke Gurka steht. Wir trafen ihn in Florida und erfuhren mehr \u00fcber seinen Einstieg in die Welt der Zigarre, warum die Marke von vielen Milit\u00e4rs hoch gesch\u00e4tzt wird und \u00fcber Kaizads Liebe zu Super-Premium. <\/span><\/p>\n<p><span style=\"background-color: transparent;\">In der Sommer-Ausgabe 2011 nimmt sich unser Humidorexperte Marc Andr\u00e9 Zeit, die h\u00e4ufigsten Fragen zur Lagerung von Zigarren zu beantworten und im Tobacco Corner widmen wir uns den Besonderheiten von brasilianischem Tabak. F\u00fcr ein besonderes Portrait besuchten wir Vrijdag Premium Printing, ein niederl\u00e4ndisches Traditionsunternehmen, das f\u00fcr die kunstvollsten Zigarrenringe und Vistas der Welt verantwortlich zeichnet. <\/span><\/p>\n<p><span style=\"background-color: transparent;\">Wenn Sie diese Ausgabe verpasst haben, k\u00f6nnen Sie sie <\/span><a style=\"background-color: transparent;\" title=\"Vergangene Ausgaben bestellen\" href=\"https:\/\/www.cigarjournal.com\/de\/vergangene-ausgaben-bestellen\/\" target=\"_blank\" rel=\"noopener noreferrer\">einfach nachbestellen.<\/a><\/p>\n<p><strong style=\"background-color: transparent;\">Hier finden Sie eine \u00dcbersicht der Inhalte der Ausgabe 2\/2011.<\/strong><\/p>\n<p><span style=\"background-color: transparent;\">Zigarren-News <br \/>Maximilian Herzog: Zigarrenbeschreibung mit Farben statt Worten <br \/>Avo Uvezian: 85. Geburtstag <br \/>Neue-Welt-Zigarren im Vormarsch in Spanien <br \/>Smoky Spirits <br \/>Tasting: 60 Zigarren <br \/>Gurkha: Zigarrenhersteller der Super-Premium-Klasse <br \/>Studio Tobac 2011 World Tour <br \/>Davidoff-Chef Hoejsgaard im Gespr\u00e4ch <br \/>Destination Dubai: Puros unter Palmen <br \/>Frage und Antwort rund um die Zigarrenlagerung <br \/>Tobacco &amp; Arts: Die Cuba Boarischen <br \/>Vrijdag: Exklusive Designs f\u00fcr die besten Zigarren <br \/>Zum Sammlerwert von massgefertigten Zigarren <br \/>Travel Corner: Cura\u00e7ao und Aruba <br \/>Zigarren made in China <br \/>Manufaktur La Corona: Eines Pr\u00e4sidenten w\u00fcrdig <br \/>Brasil &#8211; w\u00fcrziger Tabak aus Bah\u00eda <br \/>La Bodeguita del Medio in Sydney <br \/>R\u00fcckschau: Procigar-Festival 2011 <br \/>Festival del Habano 2011 <br \/>Humo Jaguar: Erstes honduranisches Zigarrenfestival\u00a0\u00a0<\/span><\/p>\n","protected":false},"excerpt":{"rendered":"<p>Die urspr\u00fcnglich vom Gurkha-Regiment des britischen Milit\u00e4rs gerauchte Marke Gurkha kann auf eine lange Geschichte zur\u00fcckblicken. Mit Kaizad Hansotia bringen wir in der Sommer-Ausgabe 2011 jenen Mann vor den Vorhang, der heute hinter der Marke Gurka steht. Wir trafen ihn in Florida und erfuhren mehr \u00fcber seinen Einstieg in die Welt der Zigarre, warum die<a href=\"https:\/\/www.cigarjournal.com\/de\/vergangene-ausgaben\/sommer-ausgabe-2011-gurkha\/\" title=\"Read more\" >&#8230;<\/a><\/p>\n","protected":false},"author":30,"featured_media":3087,"parent":1229,"menu_order":0,"comment_status":"closed","ping_status":"closed","template":"","meta":{"_mi_skip_tracking":false},"_links":{"self":[{"href":"https:\/\/www.cigarjournal.com\/de\/wp-json\/wp\/v2\/pages\/2998"}],"collection":[{"href":"https:\/\/www.cigarjournal.com\/de\/wp-json\/wp\/v2\/pages"}],"about":[{"href":"https:\/\/www.cigarjournal.com\/de\/wp-json\/wp\/v2\/types\/page"}],"author":[{"embeddable":true,"href":"https:\/\/www.cigarjournal.com\/de\/wp-json\/wp\/v2\/users\/30"}],"replies":[{"embeddable":true,"href":"https:\/\/www.cigarjournal.com\/de\/wp-json\/wp\/v2\/comments?post=2998"}],"version-history":[{"count":0,"href":"https:\/\/www.cigarjournal.com\/de\/wp-json\/wp\/v2\/pages\/2998\/revisions"}],"up":[{"embeddable":true,"href":"https:\/\/www.cigarjournal.com\/de\/wp-json\/wp\/v2\/pages\/1229"}],"wp:featuredmedia":[{"embeddable":true,"href":"https:\/\/www.cigarjournal.com\/de\/wp-json\/wp\/v2\/media\/3087"}],"wp:attachment":[{"href":"https:\/\/www.cigarjournal.com\/de\/wp-json\/wp\/v2\/media?parent=2998"}],"curies":[{"name":"wp","href":"https:\/\/api.w.org\/{rel}","templated":true}]}}