{"id":2995,"date":"2015-02-09T17:31:18","date_gmt":"2015-02-09T16:31:18","guid":{"rendered":"http:\/\/www.cigartrophy.com\/?page_id=2995"},"modified":"2021-06-28T13:18:37","modified_gmt":"2021-06-28T11:18:37","slug":"fruehjahrs-ausgabe-2011-nick-perdomo-der-perfektionist","status":"publish","type":"page","link":"https:\/\/www.cigarjournal.com\/de\/vergangene-ausgaben\/fruehjahrs-ausgabe-2011-nick-perdomo-der-perfektionist\/","title":{"rendered":"Fr\u00fchjahrs-Ausgabe 2011 &#8211; Nick Perdomo, der Perfektionist"},"content":{"rendered":"<p><img class=\"alignright size-medium wp-image-3059\" src=\"https:\/\/www.cigarjournal.com\/wp-content\/uploads\/2015\/02\/cigar-journal-spring-2011-cover-nick-perdomo-cigars-500x707.jpg\" alt=\"cigar-journal-spring-2011-cover-nick-perdomo-cigars\" width=\"260\" height=\"367\" srcset=\"https:\/\/www.cigarjournal.com\/wp-content\/uploads\/2015\/02\/cigar-journal-spring-2011-cover-nick-perdomo-cigars-500x707.jpg 500w, https:\/\/www.cigarjournal.com\/wp-content\/uploads\/2015\/02\/cigar-journal-spring-2011-cover-nick-perdomo-cigars-770x1088.jpg 770w\" sizes=\"(max-width: 260px) 100vw, 260px\" \/> Nick Perdomos in Nicaragua lokalisierte Zigarrenfabrik z\u00e4hlt zu den gr\u00f6\u00dften Manufakturen des Landes. Der geb\u00fcrtige Kubaner gilt als Perfektionist und h\u00e4lt von der Aussaat bis zur Rollung der Zigarren jeden Schritt der Produktion in eigenen H\u00e4nden. Trotz des enormen Aufwands in jeder Produktionsphase z\u00e4hlen die Zigarren der Marke zu jenen mit dem besten Preis-Leistungs-Verh\u00e4ltnis. Wir machten uns vor Ort ein Bild.<\/p>\n<p>Angesichts mancher extravaganter Zigarrenkisten stellt sich manchmal die Frage, was wohl teurer ist: die Zigarren oder die Kiste? Wir gehen der Frage nach, ob und wie die Verpackung den Verkaufspreis von Zigarren beeinflusst. Sebastian Zimmel erkl\u00e4rt im Tobacco Corner die Besonderheiten des Criollo-Tabaks und Humidor-Experte Marc Andr\u00e9 nimmt sich Zeit, einige der am h\u00e4ufigsten gestellten Fragen rund um die Zigarrenaufbewahrung zu beantworten. F\u00fcr die Fr\u00fchjahrs-Ausgabe 2011 verkosteten wir neben 35 Zigarren aus sieben L\u00e4ndern auch Toscano-Zigarren und ausgew\u00e4hlte Pfeifentabake f\u00fcr Sie.<\/p>\n<p>Wenn Sie diese Ausgabe verpasst haben, k\u00f6nnen Sie sie <a title=\"Vergangene Ausgaben bestellen\" href=\"https:\/\/www.cigarjournal.com\/de\/vergangene-ausgaben-bestellen\/\" target=\"_blank\" rel=\"noopener noreferrer\">einfach nachbestellen.<\/a><\/p>\n<p><strong>Hier finden Sie eine \u00dcbersicht der Inhalte der Ausgabe 1\/2011.<\/strong><\/p>\n<p>Zigarren-News <br \/>Premium-Tabake von Plasencia <br \/>Torun und der Tatford-Club <br \/>Smoky Spirits <br \/>Tasting: 7 L\u00e4nder, 35 Zigarren <br \/>Nick Perdomo Jr.: Der Perfektionist <br \/>Perdomo-Zigarren in Australien <br \/><a title=\"Wie sehr wirkt sich die Verpackung auf Zigarrenpreise aus?\" href=\"https:\/\/www.cigarjournal.com\/de\/wie-sehr-wirkt-sich-die-verpackung-auf-zigarrenpreise-aus\/\" target=\"_blank\" rel=\"noopener noreferrer\">Wie sehr wirkt sich die Verpackung auf Zigarrenpreise aus?<\/a> <br \/>Humidor Corner: Leserfragen &#8211; Von Aromenmischung bis zum Sauerstoff <br \/>Toscano-Zigarren-Tasting: Eine Kategorie f\u00fcr sich <br \/>Tobacco &amp; Arts: Matthias Keidtel <br \/>Pairing: Erstklassige Getr\u00e4nke und erstklassige Zigarren <br \/>Travel Corner: Mallorca <br \/>Kuba-News <br \/>Santa Damiana Series Especiales 2004: Jos\u00e9 Seijas im Interview <br \/>Fabrik vergangener Marken: El Eden in Havanna <br \/>Tabakkunde: Criollo <br \/>Pfeifen-News <br \/>Pfeifenhersteller Sergej Senatorov <br \/>Tasting: Pfeifentabake f\u00fcr Sie geraucht <br \/>Zigarre triff Zigarette: Zusatzstoffreie Zigaretten im Test <br \/>Ank\u00fcndigung: Tobacco Industry Trade Fair<\/p>\n","protected":false},"excerpt":{"rendered":"<p>Nick Perdomos in Nicaragua lokalisierte Zigarrenfabrik z\u00e4hlt zu den gr\u00f6\u00dften Manufakturen des Landes. Der geb\u00fcrtige Kubaner gilt als Perfektionist und h\u00e4lt von der Aussaat bis zur Rollung der Zigarren jeden Schritt der Produktion in eigenen H\u00e4nden. Trotz des enormen Aufwands in jeder Produktionsphase z\u00e4hlen die Zigarren der Marke zu jenen mit dem besten Preis-Leistungs-Verh\u00e4ltnis. Wir<a href=\"https:\/\/www.cigarjournal.com\/de\/vergangene-ausgaben\/fruehjahrs-ausgabe-2011-nick-perdomo-der-perfektionist\/\" title=\"Read more\" >&#8230;<\/a><\/p>\n","protected":false},"author":30,"featured_media":3089,"parent":1229,"menu_order":0,"comment_status":"closed","ping_status":"closed","template":"","meta":{"_mi_skip_tracking":false},"_links":{"self":[{"href":"https:\/\/www.cigarjournal.com\/de\/wp-json\/wp\/v2\/pages\/2995"}],"collection":[{"href":"https:\/\/www.cigarjournal.com\/de\/wp-json\/wp\/v2\/pages"}],"about":[{"href":"https:\/\/www.cigarjournal.com\/de\/wp-json\/wp\/v2\/types\/page"}],"author":[{"embeddable":true,"href":"https:\/\/www.cigarjournal.com\/de\/wp-json\/wp\/v2\/users\/30"}],"replies":[{"embeddable":true,"href":"https:\/\/www.cigarjournal.com\/de\/wp-json\/wp\/v2\/comments?post=2995"}],"version-history":[{"count":0,"href":"https:\/\/www.cigarjournal.com\/de\/wp-json\/wp\/v2\/pages\/2995\/revisions"}],"up":[{"embeddable":true,"href":"https:\/\/www.cigarjournal.com\/de\/wp-json\/wp\/v2\/pages\/1229"}],"wp:featuredmedia":[{"embeddable":true,"href":"https:\/\/www.cigarjournal.com\/de\/wp-json\/wp\/v2\/media\/3089"}],"wp:attachment":[{"href":"https:\/\/www.cigarjournal.com\/de\/wp-json\/wp\/v2\/media?parent=2995"}],"curies":[{"name":"wp","href":"https:\/\/api.w.org\/{rel}","templated":true}]}}