{"id":2993,"date":"2015-02-09T17:30:20","date_gmt":"2015-02-09T16:30:20","guid":{"rendered":"http:\/\/www.cigartrophy.com\/?page_id=2993"},"modified":"2021-06-29T09:05:55","modified_gmt":"2021-06-29T07:05:55","slug":"winter-ausgabe-2012-zigarren-charity","status":"publish","type":"page","link":"https:\/\/www.cigarjournal.com\/de\/vergangene-ausgaben\/winter-ausgabe-2012-zigarren-charity\/","title":{"rendered":"Winter-Ausgabe 2012 \u2013 Zigarren &#038; Charity"},"content":{"rendered":"<p><img class=\"alignright size-medium wp-image-3055\" src=\"https:\/\/www.cigarjournal.com\/wp-content\/uploads\/2015\/02\/cigar-journal-winter-2012-cover-cigar-charity-500x708.jpg\" alt=\"cigar-journal-winter-2012-cover-cigar-charity\" width=\"260\" height=\"368\" srcset=\"https:\/\/www.cigarjournal.com\/wp-content\/uploads\/2015\/02\/cigar-journal-winter-2012-cover-cigar-charity-500x708.jpg 500w, https:\/\/www.cigarjournal.com\/wp-content\/uploads\/2015\/02\/cigar-journal-winter-2012-cover-cigar-charity-770x1091.jpg 770w\" sizes=\"(max-width: 260px) 100vw, 260px\" \/> In der Winter-Ausgabe 2012 des Cigar Journals besch\u00e4ftigen wir uns eingehend mit den karitativen Projekten von Zigarrenherstellern und anderen Akteuren der Branche: Vorsichtigen Sch\u00e4tzungen zufolge finden j\u00e4hrlich ca. 3 Millionen US-Dollar ihren Weg zu Wohlt\u00e4tigkeitsorganisationen, die positive Ergebnisse in vielen Communities haben.<\/p>\n<p>Ebenfalls schreibt Humidor-Experte Marc Andr\u00e9 von den Ergebnissen seiner Untersuchung zur Auswirkung der Lagerbedingungen auf den Geschmack von Zigarren und Claudia Puszkar erforscht die Geschichte der wohl legend\u00e4rsten Zigarrenfabrik Kubas: El Laguito. Von Tabacalera, der \u00e4ltesten Zigarrenmanufaktur der Philippinen kommen Impulse, wieder weltweite Bekanntheit zu erlangen und im Ausgabenschwerpunkt zur Tabak-Legislatur besch\u00e4ftigen wir und mit dem Cigar Rights of America-Netzwerk und den neuen Pl\u00e4nen des europ\u00e4ischen Parlaments.<\/p>\n<p>Wenn Sie diese Ausgabe verpasst haben, k\u00f6nnen Sie sie <a title=\"Vergangene Ausgaben bestellen\" href=\"https:\/\/www.cigarjournal.com\/de\/vergangene-ausgaben-bestellen\/\" target=\"_blank\" rel=\"noopener noreferrer\">einfach nachbestellen.<\/a><\/p>\n<p><strong>Hier finden Sie eine \u00dcbersicht der Inhalte der Ausgabe 4\/2012.<\/strong><\/p>\n<p>Zigarren-News <br \/>Smoky Spirits <br \/>Tasting: 60 Zigarren <br \/><a title=\"Charity &amp; Cigars \u2013 Eine gro\u00dfz\u00fcgige Leidenschaft\" href=\"https:\/\/www.cigarjournal.com\/de\/charity-cigars-eine-grosszuegige-leidenschaft\/\" target=\"_blank\" rel=\"noopener noreferrer\">Zigarren &amp; Charity: Projekte von Herstellern, H\u00e4ndlern und Rauchern<\/a> <br \/>Luftreinigung auf h\u00f6chstem Niveau: Airbutler <br \/>R\u00fcckschau auf die weltgr\u00f6\u00dfte Tabakfachmesse: Inter-tabac 2012 <br \/>Wie man Marken killt: Zu Europas Tabakregulierungspl\u00e4nen <br \/>Cigar Rights of America &#8211; Ein neues politisches Netzwerk <br \/><a title=\"Vergleichstest: 1 Vitola \u2013 3 Lagerungsarten\" href=\"https:\/\/www.cigarjournal.com\/de\/vergleichstest-1-vitola-3-lagerungsarten\/\" target=\"_blank\" rel=\"noopener noreferrer\">Im Test: Auswirkungen der Lagerung auf Zigarren<\/a> <br \/><a title=\"Estel\u00ed \u2013 Die Zigarrenstadt\" href=\"https:\/\/www.cigarjournal.com\/de\/esteli-die-zigarrenstadt\/\" target=\"_blank\" rel=\"noopener noreferrer\">Zigarrenstadt Estel\u00ed &#8211; Wie die Zigarrenbranche eine Kleinstadt ver\u00e4ndert<\/a> <br \/>Der Tag, an dem wir per Telex gefeuert wurden <br \/><a href=\"https:\/\/www.cigarjournal.com\/de\/boutique-cigars-pete-johnson-10-jahre-tatuaje\/\" target=\"_blank\" rel=\"noopener noreferrer\">Tatuaje: Pete Johnsons erste Decade als Zigarrenhersteller<\/a> <br \/>Zu Pr\u00e4-Embargo-Zigarren <br \/>Tubos: Zigarren im Metallr\u00f6hrchen <br \/><a href=\"https:\/\/www.cigarjournal.com\/de\/entubado-accordion-co-die-unterschiedlichen-arten-eine-zigarre-zu-rollen\/\" target=\"_blank\" rel=\"noopener noreferrer\">Rollmethoden von Zigarren: Falten oder rollen?<\/a> <br \/>Kochen rund um die Zigarre: Pilze und Wild <br \/><a title=\"Die Cohiba-Manufaktur El Laguito\" href=\"https:\/\/www.cigarjournal.com\/de\/die-cohiba-manufaktur-el-laguito\/\" target=\"_blank\" rel=\"noopener noreferrer\">El Laguito, Havannas ikonische Manufaktur<\/a> <br \/>Tobacco &amp; Arts: Diel Vaneenooghe <br \/><a title=\"Tabacalera Incorporada \u2013 Die philippinische Tabacalera\" href=\"https:\/\/www.cigarjournal.com\/de\/philippinische-tabacalera-incorporada\/\" target=\"_blank\" rel=\"noopener noreferrer\">Tabacalera Incorporada, die \u00e4lteste Zigarrenfabrik der Philippinen<\/a> <br \/>Super-Premium: Deckbl\u00e4tter aus Gold <br \/>Portrait: Edkossner-Humidore <br \/>Vodka, Zigarren und schicke Clubs &#8211; ein Besuch in Warschau <br \/>Zigarrenlounges in Mecklenburg-Vorpommern und Brandenburg<\/p>\n","protected":false},"excerpt":{"rendered":"<p>In der Winter-Ausgabe 2012 des Cigar Journals besch\u00e4ftigen wir uns eingehend mit den karitativen Projekten von Zigarrenherstellern und anderen Akteuren der Branche: Vorsichtigen Sch\u00e4tzungen zufolge finden j\u00e4hrlich ca. 3 Millionen US-Dollar ihren Weg zu Wohlt\u00e4tigkeitsorganisationen, die positive Ergebnisse in vielen Communities haben. Ebenfalls schreibt Humidor-Experte Marc Andr\u00e9 von den Ergebnissen seiner Untersuchung zur Auswirkung der<a href=\"https:\/\/www.cigarjournal.com\/de\/vergangene-ausgaben\/winter-ausgabe-2012-zigarren-charity\/\" title=\"Read more\" >&#8230;<\/a><\/p>\n","protected":false},"author":30,"featured_media":3092,"parent":1229,"menu_order":0,"comment_status":"closed","ping_status":"closed","template":"","meta":{"_mi_skip_tracking":false},"_links":{"self":[{"href":"https:\/\/www.cigarjournal.com\/de\/wp-json\/wp\/v2\/pages\/2993"}],"collection":[{"href":"https:\/\/www.cigarjournal.com\/de\/wp-json\/wp\/v2\/pages"}],"about":[{"href":"https:\/\/www.cigarjournal.com\/de\/wp-json\/wp\/v2\/types\/page"}],"author":[{"embeddable":true,"href":"https:\/\/www.cigarjournal.com\/de\/wp-json\/wp\/v2\/users\/30"}],"replies":[{"embeddable":true,"href":"https:\/\/www.cigarjournal.com\/de\/wp-json\/wp\/v2\/comments?post=2993"}],"version-history":[{"count":0,"href":"https:\/\/www.cigarjournal.com\/de\/wp-json\/wp\/v2\/pages\/2993\/revisions"}],"up":[{"embeddable":true,"href":"https:\/\/www.cigarjournal.com\/de\/wp-json\/wp\/v2\/pages\/1229"}],"wp:featuredmedia":[{"embeddable":true,"href":"https:\/\/www.cigarjournal.com\/de\/wp-json\/wp\/v2\/media\/3092"}],"wp:attachment":[{"href":"https:\/\/www.cigarjournal.com\/de\/wp-json\/wp\/v2\/media?parent=2993"}],"curies":[{"name":"wp","href":"https:\/\/api.w.org\/{rel}","templated":true}]}}