{"id":2990,"date":"2015-02-09T17:29:34","date_gmt":"2015-02-09T16:29:34","guid":{"rendered":"http:\/\/www.cigartrophy.com\/?page_id=2990"},"modified":"2021-06-28T15:27:49","modified_gmt":"2021-06-28T13:27:49","slug":"herbst-ausgabe-2012-frauen-in-der-zigarrenbranche","status":"publish","type":"page","link":"https:\/\/www.cigarjournal.com\/de\/vergangene-ausgaben\/herbst-ausgabe-2012-frauen-in-der-zigarrenbranche\/","title":{"rendered":"Herbst-Ausgabe 2012 &#8211; Frauen in der Zigarrenbranche"},"content":{"rendered":"<p><img class=\"alignright size-medium wp-image-3053\" src=\"https:\/\/www.cigarjournal.com\/wp-content\/uploads\/2015\/02\/cigar-journal-autumn-2012-cover-cigar-women-500x707.jpg\" alt=\"cigar-journal-autumn-2012-cover-cigar-women\" width=\"260\" height=\"367\" srcset=\"https:\/\/www.cigarjournal.com\/wp-content\/uploads\/2015\/02\/cigar-journal-autumn-2012-cover-cigar-women-500x707.jpg 500w, https:\/\/www.cigarjournal.com\/wp-content\/uploads\/2015\/02\/cigar-journal-autumn-2012-cover-cigar-women-770x1088.jpg 770w\" sizes=\"(max-width: 260px) 100vw, 260px\" \/><span lang=\"DE\">Die Titelstory der Herbst-Ausgabe 2012 dreht sich um die Frauen der Zigarrenbranche: Herstellerinnen, Tabakexpertinnen und Vermarkterinnen \u2013 unsere Portraits machen deutlich, dass die Zigarrenwelt l\u00e4ngst keine M\u00e4nnerbastion mehr ist.<\/span><\/p>\n<p><span lang=\"DE\">Im Collectors Corner schreibt Colin Ganley \u00fcber seine Querverkostung der bisher erschienenen kubanischen Edici\u00f3nes Limitadas und Habanos-Experte Simon Chase rekapituliert \u00fcber das vergangene Jahrzehnt der kubanischen Zigarren. Im Habanos Corner zeichnen wir die Geschichte der Marke Fonseca und ihres extravaganten Begr\u00fcnders Francisco E. Fonseca nach, und wir erforschen f\u00fcr Sie die Zigarrenszene Madeiras und des deutschen Bundeslandes Rheinland-Pfalz. Anl\u00e4sslich der 225- bzw. 125-j\u00e4hrigen Jubil\u00e4en JJ Foxs und Gurkhas halten wir R\u00fcckschau.<\/span><\/p>\n<p>Wenn Sie diese Ausgabe verpasst haben, k\u00f6nnen Sie sie <a title=\"Vergangene Ausgaben bestellen\" href=\"https:\/\/www.cigarjournal.com\/de\/vergangene-ausgaben-bestellen\/\" target=\"_blank\" rel=\"noopener noreferrer\">einfach nachbestellen.<\/a><\/p>\n<p><strong>Hier finden Sie eine \u00dcbersicht der Inhalte der Ausgabe 3\/2012.<\/strong><\/p>\n<p>Zigarren-News <br \/>Die neuen Zigarren des Jahres 2012 <br \/>Smoky Spirits <br \/>Tasting: 45 Zigarren <br \/><a title=\"Cigar Women \u2013 F\u00fchrende Frauen in der Zigarrenindustrie\" href=\"https:\/\/www.cigarjournal.com\/de\/cigar-women-fuehrende-frauen-in-der-zigarrenindustrie\/\" target=\"_blank\" rel=\"noopener noreferrer\">Die Frauen in der Zigarrenbranche<\/a> <br \/>Das neue Gesicht der Dunhill Aged Cigars <br \/>Zigarrengenuss auf der Deutschland: Habanos Smokers Lounge auf hoher See <br \/><a title=\"Die ersten 225 Jahre von JJ Fox\" href=\"https:\/\/www.cigarjournal.com\/de\/die-ersten-225-jahre-von-jj-fox\/\" target=\"_blank\" rel=\"noopener noreferrer\">JJ Fox feiert 225 Jahre mit Padr\u00f3n<\/a> <br \/>Flecken, mattes Deckblatt, schlechter Zug: Wer oder was ist Schuld? <br \/>Cigar Trophy 2012: Die Preistr\u00e4ger <br \/>Vintage-Tasting: Alte Zigarren und alter Wein <br \/><a title=\"Zigarrentasting: Eine Dekade Edici\u00f3nes Limitadas unter der Lupe\" href=\"https:\/\/www.cigarjournal.com\/de\/zigarrentasting-10-jahre-ediciones-limitadas\/\" target=\"_blank\" rel=\"noopener noreferrer\">Verkostung und R\u00fcckblick auf zehn Jahre Edici\u00f3nes Limitadas<\/a> <br \/><a title=\"Gef\u00e4lschte Zigarren und Weine\" href=\"https:\/\/www.cigarjournal.com\/de\/gefaelschte-zigarren-und-weine\/\" target=\"_blank\" rel=\"noopener noreferrer\">Gef\u00e4lschte Zigarren und gef\u00e4lschte Weine<\/a> <br \/>Partag\u00e1s el Libro erz\u00e4hlt die Geschichte der kubanischen Zigarrenindustrie neu <br \/>Kochen &amp; Zigarren: Tomaten &#8211; Verwandtschaft mit Tabak <br \/>R\u00fcckblick auf ein berauschendes Habanos-Jahrzehnt <br \/>Vegueros im Fokus: Die Kunst des Tabakanbaus <br \/>Gurkha: K\u00e4mpferischer Geist nach 125 Jahren <br \/>Der Habanos-Gigant: Phoenicia importiert Zigarren f\u00fcr 50 L\u00e4nder <br \/>Francisco Fonseca: Cigares de luxe <br \/>Tobacco &amp; Arts: Ramyro Lemminga <br \/>Zigarren auf Madeira <br \/>Zigarrenlounges in Rheinland-Pfalz<\/p>\n","protected":false},"excerpt":{"rendered":"<p>Die Titelstory der Herbst-Ausgabe 2012 dreht sich um die Frauen der Zigarrenbranche: Herstellerinnen, Tabakexpertinnen und Vermarkterinnen \u2013 unsere Portraits machen deutlich, dass die Zigarrenwelt l\u00e4ngst keine M\u00e4nnerbastion mehr ist. Im Collectors Corner schreibt Colin Ganley \u00fcber seine Querverkostung der bisher erschienenen kubanischen Edici\u00f3nes Limitadas und Habanos-Experte Simon Chase rekapituliert \u00fcber das vergangene Jahrzehnt der kubanischen<a href=\"https:\/\/www.cigarjournal.com\/de\/vergangene-ausgaben\/herbst-ausgabe-2012-frauen-in-der-zigarrenbranche\/\" title=\"Read more\" >&#8230;<\/a><\/p>\n","protected":false},"author":30,"featured_media":3094,"parent":1229,"menu_order":0,"comment_status":"closed","ping_status":"closed","template":"","meta":{"_mi_skip_tracking":false},"_links":{"self":[{"href":"https:\/\/www.cigarjournal.com\/de\/wp-json\/wp\/v2\/pages\/2990"}],"collection":[{"href":"https:\/\/www.cigarjournal.com\/de\/wp-json\/wp\/v2\/pages"}],"about":[{"href":"https:\/\/www.cigarjournal.com\/de\/wp-json\/wp\/v2\/types\/page"}],"author":[{"embeddable":true,"href":"https:\/\/www.cigarjournal.com\/de\/wp-json\/wp\/v2\/users\/30"}],"replies":[{"embeddable":true,"href":"https:\/\/www.cigarjournal.com\/de\/wp-json\/wp\/v2\/comments?post=2990"}],"version-history":[{"count":0,"href":"https:\/\/www.cigarjournal.com\/de\/wp-json\/wp\/v2\/pages\/2990\/revisions"}],"up":[{"embeddable":true,"href":"https:\/\/www.cigarjournal.com\/de\/wp-json\/wp\/v2\/pages\/1229"}],"wp:featuredmedia":[{"embeddable":true,"href":"https:\/\/www.cigarjournal.com\/de\/wp-json\/wp\/v2\/media\/3094"}],"wp:attachment":[{"href":"https:\/\/www.cigarjournal.com\/de\/wp-json\/wp\/v2\/media?parent=2990"}],"curies":[{"name":"wp","href":"https:\/\/api.w.org\/{rel}","templated":true}]}}