{"id":2988,"date":"2015-02-09T17:28:57","date_gmt":"2015-02-09T16:28:57","guid":{"rendered":"http:\/\/www.cigartrophy.com\/?page_id=2988"},"modified":"2021-06-28T13:29:36","modified_gmt":"2021-06-28T11:29:36","slug":"fruehjahrs-ausgabe-2012-alec-bradley-life-is-good","status":"publish","type":"page","link":"https:\/\/www.cigarjournal.com\/de\/vergangene-ausgaben\/fruehjahrs-ausgabe-2012-alec-bradley-life-is-good\/","title":{"rendered":"Fr\u00fchjahrs-Ausgabe 2012 &#8211; Alec Bradley: Life is Good"},"content":{"rendered":"<p><img class=\"alignright size-medium wp-image-3051\" src=\"https:\/\/www.cigarjournal.com\/wp-content\/uploads\/2015\/02\/cigar-journal-spring-2012-cover-alec-bradley-500x706.jpg\" alt=\"cigar-journal-spring-2012-cover-alec-bradley\" width=\"260\" height=\"367\" srcset=\"https:\/\/www.cigarjournal.com\/wp-content\/uploads\/2015\/02\/cigar-journal-spring-2012-cover-alec-bradley-500x706.jpg 500w, https:\/\/www.cigarjournal.com\/wp-content\/uploads\/2015\/02\/cigar-journal-spring-2012-cover-alec-bradley-770x1087.jpg 770w\" sizes=\"(max-width: 260px) 100vw, 260px\" \/> Es gibt in den USA wohl nur wenige Passionados, die nicht mit Alan Rubins Sch\u00f6pfungen bekannt sind. Als der Amerikaner Mitte der 90er-Jahre Alec Bradley gr\u00fcndete, hatte er im Sinn, ein Unternehmen zu starten, das ihm am Herzen liegt. Wir trafen die treibenden Kr\u00e4fte hinter der Marke und stellten schnell eines fest: das Motto &#8222;Live true&#8220; ist fester Bestandteil ihrer t\u00e4glichen Arbeit.<\/p>\n<p>Von Flandern \u00fcber Basel und Hessen, bis nach Peru, Ecuador und Bolivien: F\u00fcr die Stories in der Fr\u00fchjahres-Ausgabe 2012 besuchten wir Lounges rund um den Globus und tauchten in die Zigarrenszenen einiger Regionen und L\u00e4nder ein. Abseits tats\u00e4chlicher Reisen nahm uns ein \u00f6sterreichischer Zigarrenliebhaber mit auf eine Zeitreise: wir durften bei der \u00d6ffnung einer noch versiegelten Kiste Sol-Zigarren dabei sein und diese auch verkosten. Au\u00dferdem: Fachexperte Marc Andr\u00e9 diskutiert im Humidor Corner unterschiedliche Humidorkonzepte.<\/p>\n<p>Wenn Sie diese Ausgabe verpasst haben, k\u00f6nnen Sie sie <a title=\"Vergangene Ausgaben bestellen\" href=\"https:\/\/www.cigarjournal.com\/de\/vergangene-ausgaben-bestellen\/\" target=\"_blank\" rel=\"noopener noreferrer\">einfach nachbestellen.<\/a><\/p>\n<p><strong>Hier finden Sie eine \u00dcbersicht der Inhalte der Ausgabe 1\/2012.<\/strong><\/p>\n<p>Zigarren-News <br \/>Smoky Spirits <br \/>Tasting: 50 Zigarren <br \/><a title=\"Alec Bradley Cigars \u2013 Auf Lebenszeit gebaut\" href=\"https:\/\/www.cigarjournal.com\/de\/alec-bradley-cigars-auf-lebenszeit-gebaut\/\" target=\"_blank\" rel=\"noopener noreferrer\">Alec Bradley: Life is Good<\/a><br \/>Kubas dunkles Kapitel von 1999 bis 2001 <br \/>Innovationen bei Zigarren: Wiederholt sich die Geschichte? <br \/>Humidorkonzepte vom Etui zum Walk-In-Humidor <br \/>Vintage-Zigarren: Sol Aromosos <br \/>Gereifte Zigarren und Champagner <br \/>Zigarrenlounges in Hessen <br \/>Tobacco &amp; Arts: Mike Uhren <br \/>Tabakanbau: Vom Samen zur gr\u00fcnen Bl\u00e4ttermeer <br \/>Travel Corner: Von Antwerpen bis Br\u00fcgge <br \/>Vegas del Caribe: Habanos in Peru, Ecuador und Bolivien <br \/>Habanos-Fabrik: Partag\u00e1s &#8211; Real Fabrica de Tabacos \u00a0<\/p>\n","protected":false},"excerpt":{"rendered":"<p>Es gibt in den USA wohl nur wenige Passionados, die nicht mit Alan Rubins Sch\u00f6pfungen bekannt sind. Als der Amerikaner Mitte der 90er-Jahre Alec Bradley gr\u00fcndete, hatte er im Sinn, ein Unternehmen zu starten, das ihm am Herzen liegt. Wir trafen die treibenden Kr\u00e4fte hinter der Marke und stellten schnell eines fest: das Motto &#8222;Live<a href=\"https:\/\/www.cigarjournal.com\/de\/vergangene-ausgaben\/fruehjahrs-ausgabe-2012-alec-bradley-life-is-good\/\" title=\"Read more\" >&#8230;<\/a><\/p>\n","protected":false},"author":30,"featured_media":3096,"parent":1229,"menu_order":0,"comment_status":"closed","ping_status":"closed","template":"","meta":{"_mi_skip_tracking":false},"_links":{"self":[{"href":"https:\/\/www.cigarjournal.com\/de\/wp-json\/wp\/v2\/pages\/2988"}],"collection":[{"href":"https:\/\/www.cigarjournal.com\/de\/wp-json\/wp\/v2\/pages"}],"about":[{"href":"https:\/\/www.cigarjournal.com\/de\/wp-json\/wp\/v2\/types\/page"}],"author":[{"embeddable":true,"href":"https:\/\/www.cigarjournal.com\/de\/wp-json\/wp\/v2\/users\/30"}],"replies":[{"embeddable":true,"href":"https:\/\/www.cigarjournal.com\/de\/wp-json\/wp\/v2\/comments?post=2988"}],"version-history":[{"count":0,"href":"https:\/\/www.cigarjournal.com\/de\/wp-json\/wp\/v2\/pages\/2988\/revisions"}],"up":[{"embeddable":true,"href":"https:\/\/www.cigarjournal.com\/de\/wp-json\/wp\/v2\/pages\/1229"}],"wp:featuredmedia":[{"embeddable":true,"href":"https:\/\/www.cigarjournal.com\/de\/wp-json\/wp\/v2\/media\/3096"}],"wp:attachment":[{"href":"https:\/\/www.cigarjournal.com\/de\/wp-json\/wp\/v2\/media?parent=2988"}],"curies":[{"name":"wp","href":"https:\/\/api.w.org\/{rel}","templated":true}]}}