{"id":2984,"date":"2015-02-09T17:27:25","date_gmt":"2015-02-09T16:27:25","guid":{"rendered":"http:\/\/www.cigartrophy.com\/?page_id=2984"},"modified":"2021-06-29T09:54:40","modified_gmt":"2021-06-29T07:54:40","slug":"herbst-ausgabe-2013-nestor-plasencia-sr","status":"publish","type":"page","link":"https:\/\/www.cigarjournal.com\/de\/vergangene-ausgaben\/herbst-ausgabe-2013-nestor-plasencia-sr\/","title":{"rendered":"Herbst-Ausgabe 2013 &#8211; Nestor Plasencia Sr."},"content":{"rendered":"<p><img class=\"alignright size-medium wp-image-3047\" src=\"https:\/\/www.cigarjournal.com\/wp-content\/uploads\/2015\/02\/cigar-journal-autumn-2013-cover-plasencia-500x706.jpg\" alt=\"cigar-journal-autumn-2013-cover-plasencia\" width=\"260\" height=\"367\" srcset=\"https:\/\/www.cigarjournal.com\/wp-content\/uploads\/2015\/02\/cigar-journal-autumn-2013-cover-plasencia-500x706.jpg 500w, https:\/\/www.cigarjournal.com\/wp-content\/uploads\/2015\/02\/cigar-journal-autumn-2013-cover-plasencia-770x1088.jpg 770w\" sizes=\"(max-width: 260px) 100vw, 260px\" \/> In der Herbst-Ausgabe 2013 des Cigar Journals bringen wir eine Branchengr\u00f6\u00dfe ins Rampenlicht, die eigentlich im Hintergrund agiert: Nestor Plasencia Sr. schwang sich trotz vieler R\u00fcckschl\u00e4ge in einem bewegten Leben zum gr\u00f6\u00dften Tabakproduzenten Zentralamerikas auf. Mit uns sprach er \u00fcber Enteignungen, die Herausforderungen des Tabakanbaus und Zukunftsperspektiven.<\/p>\n<p>Weiters berichten wir in dieser Ausgabe von der Genuss-Allianz im Elsass und geben im Tobacco Corner detaillierte Einblicke in den Ernteprozess von Tabak. James Suckling erkl\u00e4rt seine Liebe zur Panetela und Simon Lundh erz\u00e4hlt aus dem Alltag einer Qualit\u00e4tspr\u00fcferin bei Joya de Nicaragua.<\/p>\n<p>Wenn Sie diese Ausgabe verpasst haben, k\u00f6nnen Sie sie <a title=\"Vergangene Ausgaben bestellen\" href=\"https:\/\/www.cigarjournal.com\/de\/vergangene-ausgaben-bestellen\/\" target=\"_blank\" rel=\"noopener noreferrer\">einfach nachbestellen.<\/a><\/p>\n<p><strong>Hier finden Sie eine \u00dcbersicht der Inhalte der Ausgabe 3\/2013.<\/strong><\/p>\n<p>Zigarren-News <br \/>Davidoff Nicaragua, ein gro\u00dfer Wurf <br \/>Ladie&#8217;s Laster Class in Wien <br \/>VII. AmiCigar Day in Italien <br \/>Neue Zigarren: Der Boom h\u00e4lt weiter an <br \/>Smoky Spirits <br \/>Tasting: 60 Zigarren <br \/><a title=\"Nestor Plasencia Sr. \u2013 K\u00f6nigliches Comeback eines unschlagbaren K\u00e4mpfers\" href=\"https:\/\/www.cigarjournal.com\/de\/nestor-plasencia-koenigliches-comeback\/\" target=\"_blank\" rel=\"noopener noreferrer\">Nestor Plasencia Sr.: Zentralamerikas Tabakproduzent No.1<\/a> <br \/>Wer ist wirklich verantwortlich f\u00fcr den Geschmack einer Zigarre? <br \/><a title=\"Beruf: Testraucher bei Partag\u00e1s\" href=\"https:\/\/www.cigarjournal.com\/de\/testraucher-bei-partagas\/\" target=\"_blank\" rel=\"noopener noreferrer\">Testraucher in kubanischen Fabriken: Catadores<\/a> <br \/><a title=\"Zigarren k\u00fchl lagern \u2013 Teil 2\" href=\"https:\/\/www.cigarjournal.com\/de\/zigarren-kuehl-lagern-teil-2\/\" target=\"_blank\" rel=\"noopener noreferrer\">K\u00fchle Zigarrenlagerung: M\u00f6glichkeiten und Probleme<\/a> <br \/>Tabakernte: Blatt f\u00fcr Blatt <br \/>Todo Pintxos im Baskenland <br \/><a title=\"Magische Anziehungskraft eines Erfolgsrezepts: das 15. Habanos Festival\" href=\"https:\/\/www.cigarjournal.com\/de\/magische-anziehungskraft-habanos-festival-15\/\" target=\"_blank\" rel=\"noopener noreferrer\">Die magische Anziehungskraft der Habanos Festivals<\/a> <br \/>Zigarren im Elsass: die deutsch-franz\u00f6sische Genuss-Allianz <br \/>Cigar Trophy 2013: Die Preistr\u00e4ger <br \/><a title=\"Ein Tag im Leben von Francisca del Rosario Gonz\u00e1lez Aguirre\" href=\"https:\/\/www.cigarjournal.com\/de\/ein-tag-im-leben-von-francisca-panchita-aguirre\/\" target=\"_blank\" rel=\"noopener noreferrer\">Qualit\u00e4tskontrolleurin bei Joya de Nicaragua: Ein Tag im Leben von Panchita<\/a> <br \/>Rudyard Kipling: &#8222;Peace in Larra\u00f1aga&#8220; <br \/>Portrait: Hubert Urbanski <br \/>Wellesley in Knightsbridge <br \/>Ein seltener Kauf: Vintage-Zigarren <br \/>5th Avenue, Kubas deutscher Mustersch\u00fcler <br \/><a title=\"Sch\u00f6n, Schlank, Sexy: Die Panetela\" href=\"https:\/\/www.cigarjournal.com\/de\/schoen-schlank-sexy-panatela\/\" target=\"_blank\" rel=\"noopener noreferrer\">Ein Pl\u00e4doyer f\u00fcr die Panetela<\/a> <br \/>J. Cort\u00e9s: In Familienbesitz seit 1926 <br \/><a title=\"Der Zigarrenring\" href=\"https:\/\/www.cigarjournal.com\/de\/der-zigarrenring\/\" target=\"_blank\" rel=\"noopener noreferrer\">Cigar Trivia: Der Zigarrenring<\/a><\/p>\n","protected":false},"excerpt":{"rendered":"<p>In der Herbst-Ausgabe 2013 des Cigar Journals bringen wir eine Branchengr\u00f6\u00dfe ins Rampenlicht, die eigentlich im Hintergrund agiert: Nestor Plasencia Sr. schwang sich trotz vieler R\u00fcckschl\u00e4ge in einem bewegten Leben zum gr\u00f6\u00dften Tabakproduzenten Zentralamerikas auf. Mit uns sprach er \u00fcber Enteignungen, die Herausforderungen des Tabakanbaus und Zukunftsperspektiven. Weiters berichten wir in dieser Ausgabe von der<a href=\"https:\/\/www.cigarjournal.com\/de\/vergangene-ausgaben\/herbst-ausgabe-2013-nestor-plasencia-sr\/\" title=\"Read more\" >&#8230;<\/a><\/p>\n","protected":false},"author":30,"featured_media":3100,"parent":1229,"menu_order":0,"comment_status":"closed","ping_status":"closed","template":"","meta":{"_mi_skip_tracking":false},"_links":{"self":[{"href":"https:\/\/www.cigarjournal.com\/de\/wp-json\/wp\/v2\/pages\/2984"}],"collection":[{"href":"https:\/\/www.cigarjournal.com\/de\/wp-json\/wp\/v2\/pages"}],"about":[{"href":"https:\/\/www.cigarjournal.com\/de\/wp-json\/wp\/v2\/types\/page"}],"author":[{"embeddable":true,"href":"https:\/\/www.cigarjournal.com\/de\/wp-json\/wp\/v2\/users\/30"}],"replies":[{"embeddable":true,"href":"https:\/\/www.cigarjournal.com\/de\/wp-json\/wp\/v2\/comments?post=2984"}],"version-history":[{"count":0,"href":"https:\/\/www.cigarjournal.com\/de\/wp-json\/wp\/v2\/pages\/2984\/revisions"}],"up":[{"embeddable":true,"href":"https:\/\/www.cigarjournal.com\/de\/wp-json\/wp\/v2\/pages\/1229"}],"wp:featuredmedia":[{"embeddable":true,"href":"https:\/\/www.cigarjournal.com\/de\/wp-json\/wp\/v2\/media\/3100"}],"wp:attachment":[{"href":"https:\/\/www.cigarjournal.com\/de\/wp-json\/wp\/v2\/media?parent=2984"}],"curies":[{"name":"wp","href":"https:\/\/api.w.org\/{rel}","templated":true}]}}