{"id":2981,"date":"2015-02-09T17:26:49","date_gmt":"2015-02-09T16:26:49","guid":{"rendered":"http:\/\/www.cigartrophy.com\/?page_id=2981"},"modified":"2021-06-29T09:38:57","modified_gmt":"2021-06-29T07:38:57","slug":"sommer-ausgabe-2013-aj-fernandez","status":"publish","type":"page","link":"https:\/\/www.cigarjournal.com\/de\/vergangene-ausgaben\/sommer-ausgabe-2013-aj-fernandez\/","title":{"rendered":"Sommer-Ausgabe 2013 &#8211; A. J.  Fernandez"},"content":{"rendered":"<p><img class=\"alignright size-medium wp-image-3526\" src=\"https:\/\/www.cigarjournal.com\/wp-content\/uploads\/2015\/02\/cigar-journal-summer-2013-cover-aj-fernandez1-500x706.jpg\" alt=\"cigar-journal-summer-2013-cover-aj-fernandez\" width=\"260\" height=\"367\" srcset=\"https:\/\/www.cigarjournal.com\/wp-content\/uploads\/2015\/02\/cigar-journal-summer-2013-cover-aj-fernandez1-500x706.jpg 500w, https:\/\/www.cigarjournal.com\/wp-content\/uploads\/2015\/02\/cigar-journal-summer-2013-cover-aj-fernandez1-770x1087.jpg 770w, https:\/\/www.cigarjournal.com\/wp-content\/uploads\/2015\/02\/cigar-journal-summer-2013-cover-aj-fernandez1-600x847.jpg 600w\" sizes=\"(max-width: 260px) 100vw, 260px\" \/> F\u00fcr die Sommer-Ausgabe 2013 des Cigar Journals reiste Chefredakteurin Katja Rauch nach Nicaragua, um mit Abdel J. Fernandez \u00fcber seine Leidenschaft f\u00fcr Tabak und seine Zukunftspl\u00e4ne zu sprechen. Der Newcomer schaffte es, mit Marken wie San Lotano und Pinolero innerhalb weniger Jahre, anerkannte und preisgek\u00fcrte Zigarrenlinien auf dem US-amerikanischen und dem internationalen Markt zu etablieren.<\/p>\n<p>Dar\u00fcberhinaus tauchten wir f\u00fcr Sie in die spannende Geschichte Joya de Nicaraguas ein und begaben uns nach Kamerun, wo eine belgische Zigarrendynastie international gefragte Deckbl\u00e4tter herstellt. Im Tobacco Corner stellen wir Ihnen die Feinde des Tabaks vor, die Tabakbauern das Leben schwer machen. In London nahmen wir f\u00fcr Sie an einer Veranstaltung der Davidoff Ladies&#8216; Masterclass teil und berichten damit von einer Initiative, die Frauen den Einstieg in die Welt der Zigarre erleichtern soll.<\/p>\n<p>Wenn Sie diese Ausgabe verpasst haben, k\u00f6nnen Sie sie <a title=\"Vergangene Ausgaben bestellen\" href=\"https:\/\/www.cigarjournal.com\/de\/vergangene-ausgaben-bestellen\/\" target=\"_blank\" rel=\"noopener noreferrer\">einfach nachbestellen.<\/a><\/p>\n<p><strong>Hier finden Sie eine \u00dcbersicht der Inhalte der Ausgabe 2\/2013.<\/strong><\/p>\n<p>Zigarren-News <br \/>Shade Grown-Deckbl\u00e4tter aus Estel\u00ed <br \/>Abe Flores: Jenseits von klein und exklusiv <br \/>Smoky Spirits <br \/>Tasting: 45 Zigarren <br \/><a title=\"A. J. Fernandez \u2013 Disziplin und Leidenschaft\" href=\"https:\/\/www.cigarjournal.com\/de\/a-j-fernandez-disziplin-und-leidenschaft\/\" target=\"_blank\" rel=\"noopener noreferrer\">A. J. Fernandez vereint Disziplin und Leidenschaft<\/a> <br \/><a title=\"Ein Pl\u00e4doyer f\u00fcr Klassiker \u2013 Gereifte klassische vs. limitierte Zigarren\" href=\"https:\/\/www.cigarjournal.com\/de\/plaedoyer-fuer-klassiker-gereifte-vs-limitierte-zigarre\/\" target=\"_blank\" rel=\"noopener noreferrer\">Collectors Corner: Ein Pl\u00e4doyer f\u00fcr Klassiker<\/a> <br \/>Hans Kristian Hoejsgaard sorgt f\u00fcr eine spannende Zeit bei Davidoff <br \/>Die Feinde des Tabaks: Sch\u00e4dlinge im Tabakanbau <br \/>Zigarren in der Schweiz: Qualit\u00e4tskontrolle <br \/><a title=\"Zigarren k\u00fchl lagern?\" href=\"https:\/\/www.cigarjournal.com\/de\/zigarren-kuehl-lagern\/\" target=\"_blank\" rel=\"noopener noreferrer\">Zur k\u00fchlen Lagerung von Zigarren: Argumente und Gegenargumente<\/a> <br \/>Grillen unter Su\u0308dafrikas Himmel <br \/><a title=\"Meerapfel Tobacco Group: Exzellente Deckbl\u00e4tter aus Kamerun\" href=\"https:\/\/www.cigarjournal.com\/de\/meerapfel-tobacco-group-deckblaetter-kamerun\/\" target=\"_blank\" rel=\"noopener noreferrer\">Kamerun-Deckbl\u00e4tter: Afrikas Premiumtabak<\/a> <br \/><a title=\"Joya de Nicaragua: Eine Geschichte, die ihresgleichen sucht\" href=\"https:\/\/www.cigarjournal.com\/de\/joya-de-nicaraguas-geschichte-sucht-ihresgleichen\/\" target=\"_blank\" rel=\"noopener noreferrer\">Die Geschichte Joya de Nicaraguas: H\u00f6hen und Tiefen<\/a> <br \/>Am Kap der Guten Hoffnung: Luxushotels und elegante Lounges <br \/>Betrachtungen \u00fcber kubanische Zigarren <br \/>Ein Tag im Leben von Fabriksarbeitern bei CAO in Honduras <br \/>Die Geschichte der La Mahagua-Fabrik in Havanna <br \/>Lunch mit Pierre Salinger <br \/><a title=\"Davidoff Ladies\u2019 Masterclass: Vorsto\u00df in eine M\u00e4nnerdom\u00e4ne\" href=\"https:\/\/www.cigarjournal.com\/de\/davidoff-ladies-masterclass-vorstoss-in-maennerdomaene\/\" target=\"_blank\" rel=\"noopener noreferrer\">Davidoff Ladies&#8216; Masterclass: Plattform f\u00fcr den Vorsto\u00df in eine M\u00e4nnerdom\u00e4ne<\/a> <br \/>Zigarrenlounges in Niedersachsen <br \/><a href=\"https:\/\/www.cigarjournal.com\/de\/zu-besuch-im-garden-room-des-lanesborough-hotel-london\/\" target=\"_blank\" rel=\"noopener noreferrer\">Londons Garden Room: Ein kleiner Winkel der Zivilisation<\/a><\/p>\n","protected":false},"excerpt":{"rendered":"<p>F\u00fcr die Sommer-Ausgabe 2013 des Cigar Journals reiste Chefredakteurin Katja Rauch nach Nicaragua, um mit Abdel J. Fernandez \u00fcber seine Leidenschaft f\u00fcr Tabak und seine Zukunftspl\u00e4ne zu sprechen. Der Newcomer schaffte es, mit Marken wie San Lotano und Pinolero innerhalb weniger Jahre, anerkannte und preisgek\u00fcrte Zigarrenlinien auf dem US-amerikanischen und dem internationalen Markt zu etablieren.<a href=\"https:\/\/www.cigarjournal.com\/de\/vergangene-ausgaben\/sommer-ausgabe-2013-aj-fernandez\/\" title=\"Read more\" >&#8230;<\/a><\/p>\n","protected":false},"author":30,"featured_media":3526,"parent":1229,"menu_order":0,"comment_status":"closed","ping_status":"closed","template":"","meta":{"_mi_skip_tracking":false},"_links":{"self":[{"href":"https:\/\/www.cigarjournal.com\/de\/wp-json\/wp\/v2\/pages\/2981"}],"collection":[{"href":"https:\/\/www.cigarjournal.com\/de\/wp-json\/wp\/v2\/pages"}],"about":[{"href":"https:\/\/www.cigarjournal.com\/de\/wp-json\/wp\/v2\/types\/page"}],"author":[{"embeddable":true,"href":"https:\/\/www.cigarjournal.com\/de\/wp-json\/wp\/v2\/users\/30"}],"replies":[{"embeddable":true,"href":"https:\/\/www.cigarjournal.com\/de\/wp-json\/wp\/v2\/comments?post=2981"}],"version-history":[{"count":0,"href":"https:\/\/www.cigarjournal.com\/de\/wp-json\/wp\/v2\/pages\/2981\/revisions"}],"up":[{"embeddable":true,"href":"https:\/\/www.cigarjournal.com\/de\/wp-json\/wp\/v2\/pages\/1229"}],"wp:featuredmedia":[{"embeddable":true,"href":"https:\/\/www.cigarjournal.com\/de\/wp-json\/wp\/v2\/media\/3526"}],"wp:attachment":[{"href":"https:\/\/www.cigarjournal.com\/de\/wp-json\/wp\/v2\/media?parent=2981"}],"curies":[{"name":"wp","href":"https:\/\/api.w.org\/{rel}","templated":true}]}}