{"id":2978,"date":"2015-02-09T17:26:15","date_gmt":"2015-02-09T16:26:15","guid":{"rendered":"http:\/\/www.cigartrophy.com\/?page_id=2978"},"modified":"2021-06-29T09:18:18","modified_gmt":"2021-06-29T07:18:18","slug":"fruehjahrs-ausgabe-2013-la-flor-dominicana","status":"publish","type":"page","link":"https:\/\/www.cigarjournal.com\/de\/vergangene-ausgaben\/fruehjahrs-ausgabe-2013-la-flor-dominicana\/","title":{"rendered":"Fr\u00fchjahrs-Ausgabe 2013 &#8211; La Flor Dominicana"},"content":{"rendered":"<p><img class=\"alignright size-medium wp-image-3039\" src=\"https:\/\/www.cigarjournal.com\/wp-content\/uploads\/2015\/02\/cigar-journal-spring-2013-cover-la-flor-dominicana-500x708.jpg\" alt=\"cigar-journal-spring-2013-cover-la-flor-dominicana\" width=\"260\" height=\"368\" srcset=\"https:\/\/www.cigarjournal.com\/wp-content\/uploads\/2015\/02\/cigar-journal-spring-2013-cover-la-flor-dominicana-500x708.jpg 500w, https:\/\/www.cigarjournal.com\/wp-content\/uploads\/2015\/02\/cigar-journal-spring-2013-cover-la-flor-dominicana-770x1090.jpg 770w\" sizes=\"(max-width: 260px) 100vw, 260px\" \/><span style=\"background-color: transparent;\">Das Cover der Fr\u00fchjahres-Ausgabe 2013 des Cigar Journals ziert La Flor Dominicana: Wir trafen das Powerduo Litto und Ines Gomez, das hinter der dominikanischen Premiummarke steht und sprachen mit ihnen \u00fcber Ligero-Tabake, Innovation und das bislang einzige Zigarrenpatent der Welt. <\/span><\/p>\n<p><span style=\"background-color: transparent;\">In weiteren Stories erz\u00e4hlt Kolumnist Simon Chase, wie er zu der Ehre kam, die j\u00e4hrlichen Humidorauktionen im Rahmen der Habanos-Festivals zu leiten. Australien-Korrespondent Samuel Spurr berichtet von den Auswirkungen des dort geltenden Plain-Packaging und dem Alltag eines Zigarrenrauchers in einem der striktesten L\u00e4nder der Welt. Ebenfalls sprachen wir mit Alejandro Robainas Neffen Armando Pereda Robaina, der nun aus dem Schatten der Legende seines Onkels tritt. Claudia Puszkar erz\u00e4hlt vom Aufstieg und Fall der Familie Hupmann.<\/span><\/p>\n<p><span style=\"background-color: transparent;\">Wenn Sie diese Ausgabe verpasst haben, k\u00f6nnen Sie sie <\/span><a style=\"background-color: transparent;\" title=\"Vergangene Ausgaben bestellen\" href=\"https:\/\/www.cigarjournal.com\/de\/vergangene-ausgaben-bestellen\/\" target=\"_blank\" rel=\"noopener noreferrer\">einfach nachbestellen.<\/a><\/p>\n<p><strong style=\"background-color: transparent;\">Hier finden Sie eine \u00dcbersicht der Inhalte der Ausgabe 1\/2013.<\/strong><\/p>\n<p><span style=\"background-color: transparent;\">Zur Diktatur der F\u00fcrsorge <br \/>Zigarren-News <br \/>Shorty Rossi: Vier Fu\u00df gro\u00df und Zigarren rauchend <br \/>Positiver Trend bei Villiger <br \/>Smoky Spirits <br \/>Tasting: 40 Zigarren <br \/><\/span><a style=\"background-color: transparent;\" title=\"La Flor Dominicana h\u00e4lt das einzige Zigarren-Patent\" href=\"https:\/\/www.cigarjournal.com\/de\/la-flor-dominicana-einziges-zigarren-patent\/\" target=\"_blank\" rel=\"noopener noreferrer\">La Flor Dominicana h\u00e4lt das einige Zigarren-Patent<\/a><span style=\"background-color: transparent;\"> <br \/>Armando Pereda Robaina: Aus dem Schatten einer Legende <br \/>Sammlerst\u00fccke &#8211; Eine hei\u00dfe Sache <br \/>Entstehung einer Zigarre von der Scheune ins Tabaklager <br \/><\/span><a style=\"background-color: transparent;\" title=\"Asche zu Asche\" href=\"https:\/\/www.cigarjournal.com\/de\/asche-zu-asche\/\" target=\"_blank\" rel=\"noopener noreferrer\">Zigarrenasche: Farbe, Abbrand, Rollungsfehler<\/a><span style=\"background-color: transparent;\"> <br \/>Endlich Lenz &#8211; Spargelzeit <br \/>Andorra: Pilgerort f\u00fcr Genie\u00dfer <br \/>Personalisierte Zigarren des Moskau Cigar Clubs <br \/>Plain Packaging in Australien: Hinter feindlichen Linien <br \/><\/span><a style=\"background-color: transparent;\" title=\"Wenn Herkunft zum Verh\u00e4ngnis wird: Die H. Upmann-Manufaktur\" href=\"https:\/\/www.cigarjournal.com\/de\/herkunft-zum-verhaengnis-h-upmann-manufaktur\/\" target=\"_blank\" rel=\"noopener noreferrer\">Vom Aufstieg und Fall der Familie Hupmann<\/a><span style=\"background-color: transparent;\"> <br \/>Tobacco &amp; Arts: Karen Chekerdjian <br \/><\/span><a style=\"background-color: transparent;\" title=\"Keep Smiling \u2013 Komme, was wolle!\" href=\"https:\/\/www.cigarjournal.com\/de\/keep-smiling-komme-was-wolle\/\" target=\"_blank\" rel=\"noopener noreferrer\">Kubas Humidor-Auktionen: Auktionsleiter Simon Chase erz\u00e4hlt<\/a><span style=\"background-color: transparent;\"> <br \/>Zigarrenlounges in Sachsen, Sachsen-Anhalt und Th\u00fcringen <br \/>Daniel Marshall Cigar Lounge in Kitzb\u00fchel<\/span><\/p>\n","protected":false},"excerpt":{"rendered":"<p>Das Cover der Fr\u00fchjahres-Ausgabe 2013 des Cigar Journals ziert La Flor Dominicana: Wir trafen das Powerduo Litto und Ines Gomez, das hinter der dominikanischen Premiummarke steht und sprachen mit ihnen \u00fcber Ligero-Tabake, Innovation und das bislang einzige Zigarrenpatent der Welt. In weiteren Stories erz\u00e4hlt Kolumnist Simon Chase, wie er zu der Ehre kam, die j\u00e4hrlichen<a href=\"https:\/\/www.cigarjournal.com\/de\/vergangene-ausgaben\/fruehjahrs-ausgabe-2013-la-flor-dominicana\/\" title=\"Read more\" >&#8230;<\/a><\/p>\n","protected":false},"author":30,"featured_media":3102,"parent":1229,"menu_order":0,"comment_status":"closed","ping_status":"closed","template":"","meta":{"_mi_skip_tracking":false},"_links":{"self":[{"href":"https:\/\/www.cigarjournal.com\/de\/wp-json\/wp\/v2\/pages\/2978"}],"collection":[{"href":"https:\/\/www.cigarjournal.com\/de\/wp-json\/wp\/v2\/pages"}],"about":[{"href":"https:\/\/www.cigarjournal.com\/de\/wp-json\/wp\/v2\/types\/page"}],"author":[{"embeddable":true,"href":"https:\/\/www.cigarjournal.com\/de\/wp-json\/wp\/v2\/users\/30"}],"replies":[{"embeddable":true,"href":"https:\/\/www.cigarjournal.com\/de\/wp-json\/wp\/v2\/comments?post=2978"}],"version-history":[{"count":0,"href":"https:\/\/www.cigarjournal.com\/de\/wp-json\/wp\/v2\/pages\/2978\/revisions"}],"up":[{"embeddable":true,"href":"https:\/\/www.cigarjournal.com\/de\/wp-json\/wp\/v2\/pages\/1229"}],"wp:featuredmedia":[{"embeddable":true,"href":"https:\/\/www.cigarjournal.com\/de\/wp-json\/wp\/v2\/media\/3102"}],"wp:attachment":[{"href":"https:\/\/www.cigarjournal.com\/de\/wp-json\/wp\/v2\/media?parent=2978"}],"curies":[{"name":"wp","href":"https:\/\/api.w.org\/{rel}","templated":true}]}}