{"id":2891,"date":"2015-02-09T14:28:10","date_gmt":"2015-02-09T13:28:10","guid":{"rendered":"http:\/\/www.cigartrophy.com\/?page_id=2891"},"modified":"2021-06-29T13:42:11","modified_gmt":"2021-06-29T11:42:11","slug":"winter-ausgabe-2014-die-globalen-akteure-der-zigarrenwelt","status":"publish","type":"page","link":"https:\/\/www.cigarjournal.com\/de\/vergangene-ausgaben\/winter-ausgabe-2014-die-globalen-akteure-der-zigarrenwelt\/","title":{"rendered":"Winter-Ausgabe 2014 \u2013 Die globalen Akteure der Zigarrenwelt"},"content":{"rendered":"<p><img class=\"alignright size-medium wp-image-3071\" src=\"https:\/\/www.cigarjournal.com\/wp-content\/uploads\/2015\/02\/cigar-journal-cover-winter-2014-global-players-cigar-world-500x694.jpg\" alt=\"cigar-journal-cover-winter-2014-global-players-cigar-world\" width=\"260\" height=\"360\" srcset=\"https:\/\/www.cigarjournal.com\/wp-content\/uploads\/2015\/02\/cigar-journal-cover-winter-2014-global-players-cigar-world-500x694.jpg 500w, https:\/\/www.cigarjournal.com\/wp-content\/uploads\/2015\/02\/cigar-journal-cover-winter-2014-global-players-cigar-world-770x1068.jpg 770w\" sizes=\"(max-width: 260px) 100vw, 260px\" \/> In der Winter-Ausgabe 2014 besch\u00e4ftigen wir uns eingehend mit dem globalen Zigarrenmarkt: den gr\u00f6\u00dften Playern der Branche und ihren Franchisenetzwerken, dem Sprung der Zigarren der neuen Welt nach Europa und Asien und den Entwicklungen an den M\u00e4rkten weltweit.<\/p>\n<p>Weitere Themen des Heftes: Unser Australien-Korrespondent Samuel Spurr erforschte f\u00fcr uns Down Under: den Aufschwung der Zigarrenszene und die Genussdestination Barossa Valley. Wir waren f\u00fcr Sie auch in der Normandie und trafen Daniel Cl\u00e9ment, einen K\u00fcnstler, der exklusive Humidore f\u00fcr Davidoff fertigt. In einem Firmen-Portrait schreiben wir \u00fcber Xikar, einen amerikanischen Accessoire-Hersteller, der es mit Innovationskraft und Bekenntnis zu Qualit\u00e4t an die Spitze der Branche schaffte. Nick Hammond berichtet von seinen Eindr\u00fccken von der mittlerweile f\u00fcnften Weltmeisterschaft im langsamen Zigarrerauchen.<\/p>\n<p>Wenn Sie diese Ausgabe verpasst haben, k\u00f6nnen Sie sie <a title=\"Vergangene Ausgaben bestellen\" href=\"https:\/\/www.cigarjournal.com\/de\/vergangene-ausgaben-bestellen\/\" target=\"_blank\" rel=\"noopener noreferrer\">einfach nachbestellen.<\/a><\/p>\n<p><strong>Hier finden Sie eine \u00dcbersicht der Inhalte der Ausgabe 4\/2014.<\/strong><\/p>\n<p>Zigarren News <br \/>Es kommt Bewegung in den europ\u00e4ischen Markt: Neuheiten von der Inter-tabac <br \/><a title=\"F\u00fcnftes Zigarrenfestival in G\u00f6teborg\" href=\"https:\/\/www.cigarjournal.com\/de\/fuenftes-zigarrenfestival-in-goeteborg\/\" target=\"_blank\" rel=\"noopener noreferrer\">Zigarrenfestival in G\u00f6teborg<\/a> <br \/>Gr\u00fcndung von Cigar Rights of Europe <br \/><a title=\"30 Jahre Gestocigars\" href=\"https:\/\/www.cigarjournal.com\/de\/30-jahre-gestocigars\/\" target=\"_blank\" rel=\"noopener noreferrer\">30 Jahre Gestocigars<\/a> <br \/><a title=\"Kraftvoll: Highland Park Dark Origins\" href=\"https:\/\/www.cigarjournal.com\/de\/smoky-spirits-kraftvoll-highland-park-dark-origins\/\" target=\"_blank\" rel=\"noopener noreferrer\">Smoky Spirits<\/a> <br \/><a title=\"Ein Blick auf die globalen Akteure der Zigarrenwelt\" href=\"https:\/\/www.cigarjournal.com\/de\/globale-akteure-der-zigarrenwelt-2014\/\" target=\"_blank\" rel=\"noopener noreferrer\">Die globalen Akteure der Zigarrenwelt<\/a> <br \/><a title=\"Xikar: der amerikanische Traum aus der Garage\" href=\"https:\/\/www.cigarjournal.com\/de\/xikar-der-amerikanische-traum-aus-der-garage\/\" target=\"_blank\" rel=\"noopener noreferrer\">Xikar: Der amerikanische Traum aus der Garage<\/a> <br \/><a title=\"Globale Versammlung in Split: Die f\u00fcnfte Weltmeisterschaft im Zigarrenrauchen\" href=\"https:\/\/www.cigarjournal.com\/de\/globale-versammlung-in-split-die-fuenfte-weltmeisterschaft-im-zigarrenrauchen\/\" target=\"_blank\" rel=\"noopener noreferrer\">Cigar Smoking World Championship 2014<\/a> <br \/>Australien: Aufschwung in Down Under <br \/>Sasja van Horssen: Starke Zigarren, starke Meinungen <br \/><a title=\"Rick Rodriguez: Vom Zigarrenverk\u00e4ufer zum Master Blender\" href=\"https:\/\/www.cigarjournal.com\/de\/rick-rodriguez-vom-zigarrenverkaeufer-zum-master-blender\/\" target=\"_blank\" rel=\"noopener noreferrer\">Interview mit CAO&#8217;s Rick Rodriguez<\/a> <br \/>Tasting: 60 Zigarren <br \/>Auf Fehlersuche: Fehlkonstruktionen bei Humidoren <br \/>Daniel Clem\u00e9nt: Humidorkunst <br \/>Travel Corner: Bilbao &amp; San Sebasti\u00e1n <br \/><a title=\"Ein Tag im Leben von Rafael Barrera\" href=\"https:\/\/www.cigarjournal.com\/de\/ein-tag-im-leben-von-rafael-barrera\/\" target=\"_blank\" rel=\"noopener noreferrer\">Ein Tag im Leben von Rafael Barrera<\/a> <br \/>Tobacco &amp; Arts: Nikita Schumacher <br \/>Das Barossa-Tal: Australiens Gourmet-Destination <br \/>Kochen &amp; Zigarre: Giro d&#8217;Italia <br \/><a title=\"Edicio\u0301nes Limitadas \u2013 Not macht erfinderisch\" href=\"https:\/\/www.cigarjournal.com\/de\/ediciones-limitadas-not-macht-erfinderisch\/\" target=\"_blank\" rel=\"noopener noreferrer\">Die Geburt der kubanischen Edici\u00f3nes Limitadas<\/a> <br \/><a title=\"H. Upmann Manufaktur: Zwei Giganten unter einem Dach\" href=\"https:\/\/www.cigarjournal.com\/de\/upmann-manufaktur-giganten-unter-einem-dach\/\" target=\"_blank\" rel=\"noopener noreferrer\">Pollacks H. Upmann-Fabrik<\/a> <br \/><a href=\"https:\/\/www.cigarjournal.com\/de\/cigar-trophy-awards-2014\/\" target=\"_blank\" rel=\"noopener noreferrer\">Cigar Trophy 2014: Kuba<\/a> <br \/><a title=\"Auf eine Zigarre mit Ranald Macdonald: In Churchills Fu\u00dfstapfen\" href=\"https:\/\/www.cigarjournal.com\/de\/ranald-macdonald-in-churchills-fussstapfen\/\" target=\"_blank\" rel=\"noopener noreferrer\">Auf eine Zigarre mit Ranald MacDonald<\/a> <br \/><a title=\"Wie viele Bl\u00e4tter braucht es f\u00fcr eine Zigarre?\" href=\"https:\/\/www.cigarjournal.com\/de\/wie-viele-blaetter-braucht-es-fuer-eine-zigarre\/\" target=\"_blank\" rel=\"noopener noreferrer\">Wie viele Bl\u00e4tter f\u00fcr eine Zigarre?<\/a><\/p>\n","protected":false},"excerpt":{"rendered":"<p>In der Winter-Ausgabe 2014 besch\u00e4ftigen wir uns eingehend mit dem globalen Zigarrenmarkt: den gr\u00f6\u00dften Playern der Branche und ihren Franchisenetzwerken, dem Sprung der Zigarren der neuen Welt nach Europa und Asien und den Entwicklungen an den M\u00e4rkten weltweit. Weitere Themen des Heftes: Unser Australien-Korrespondent Samuel Spurr erforschte f\u00fcr uns Down Under: den Aufschwung der Zigarrenszene<a href=\"https:\/\/www.cigarjournal.com\/de\/vergangene-ausgaben\/winter-ausgabe-2014-die-globalen-akteure-der-zigarrenwelt\/\" title=\"Read more\" >&#8230;<\/a><\/p>\n","protected":false},"author":30,"featured_media":3104,"parent":1229,"menu_order":0,"comment_status":"closed","ping_status":"closed","template":"","meta":{"_mi_skip_tracking":false},"_links":{"self":[{"href":"https:\/\/www.cigarjournal.com\/de\/wp-json\/wp\/v2\/pages\/2891"}],"collection":[{"href":"https:\/\/www.cigarjournal.com\/de\/wp-json\/wp\/v2\/pages"}],"about":[{"href":"https:\/\/www.cigarjournal.com\/de\/wp-json\/wp\/v2\/types\/page"}],"author":[{"embeddable":true,"href":"https:\/\/www.cigarjournal.com\/de\/wp-json\/wp\/v2\/users\/30"}],"replies":[{"embeddable":true,"href":"https:\/\/www.cigarjournal.com\/de\/wp-json\/wp\/v2\/comments?post=2891"}],"version-history":[{"count":0,"href":"https:\/\/www.cigarjournal.com\/de\/wp-json\/wp\/v2\/pages\/2891\/revisions"}],"up":[{"embeddable":true,"href":"https:\/\/www.cigarjournal.com\/de\/wp-json\/wp\/v2\/pages\/1229"}],"wp:featuredmedia":[{"embeddable":true,"href":"https:\/\/www.cigarjournal.com\/de\/wp-json\/wp\/v2\/media\/3104"}],"wp:attachment":[{"href":"https:\/\/www.cigarjournal.com\/de\/wp-json\/wp\/v2\/media?parent=2891"}],"curies":[{"name":"wp","href":"https:\/\/api.w.org\/{rel}","templated":true}]}}