{"id":2886,"date":"2015-02-09T14:25:08","date_gmt":"2015-02-09T13:25:08","guid":{"rendered":"http:\/\/www.cigartrophy.com\/?page_id=2886"},"modified":"2021-06-29T12:35:59","modified_gmt":"2021-06-29T10:35:59","slug":"sommer-ausgabe-2014-drew-estate","status":"publish","type":"page","link":"https:\/\/www.cigarjournal.com\/de\/vergangene-ausgaben\/sommer-ausgabe-2014-drew-estate\/","title":{"rendered":"Sommer-Ausgabe 2014 &#8211; Drew Estate"},"content":{"rendered":"<p><img class=\"alignright size-medium wp-image-3075\" src=\"https:\/\/www.cigarjournal.com\/wp-content\/uploads\/2015\/02\/cigar-journal-cover-summer-2014-drew-estate-willy-herrera-500x706.jpg\" alt=\"cigar-journal-cover-summer-2014-drew-estate-willy-herrera\" width=\"260\" height=\"367\" srcset=\"https:\/\/www.cigarjournal.com\/wp-content\/uploads\/2015\/02\/cigar-journal-cover-summer-2014-drew-estate-willy-herrera-500x706.jpg 500w, https:\/\/www.cigarjournal.com\/wp-content\/uploads\/2015\/02\/cigar-journal-cover-summer-2014-drew-estate-willy-herrera-770x1088.jpg 770w, https:\/\/www.cigarjournal.com\/wp-content\/uploads\/2015\/02\/cigar-journal-cover-summer-2014-drew-estate-willy-herrera-600x848.jpg 600w, https:\/\/www.cigarjournal.com\/wp-content\/uploads\/2015\/02\/cigar-journal-cover-summer-2014-drew-estate-willy-herrera-800x1131.jpg 800w\" sizes=\"(max-width: 260px) 100vw, 260px\" \/> Die Sommer-Ausgabe 2014 informiert Sie \u00fcber vielf\u00e4ltige Themen: Humidorexperte Marc Andr\u00e9 besch\u00e4ftigt sich mit einem der wichtigsten Utensilien von Passionados: Hygrometern und ihrer Messgenauigkeit. Wir begaben uns auf Lokalaugenschein in die Hinterzimmer Havannas, um vom Schwarzmarkt kubanischer Zigarren zu berichten und reisten in die Dominikanische Republik, wo die von den Zigarrenfamilien Fuente und Newman ins Leben gerufene CFCF (Cigar Family Charitable Foundation) das Leben der lokalen Community ver\u00e4ndert.<\/p>\n<p>Unsere Coverstory widmet sich Drew Estate: dem Aufstieg Jonathan Drews\u2019 Unternehmen vom Kiosk zur globalen Zigarrenfirma, sowie der Nennung Willy Herreras zum ersten Masterblender des nicaraguanischen Herstellers.<\/p>\n<p>Wenn Sie diese Ausgabe verpasst haben, k\u00f6nnen Sie sie <a title=\"Vergangene Ausgaben bestellen\" href=\"https:\/\/www.cigarjournal.com\/de\/vergangene-ausgaben-bestellen\/\" target=\"_blank\" rel=\"noopener noreferrer\">einfach nachbestellen.<\/a><\/p>\n<p><strong>Hier finden Sie eine \u00dcbersicht der Inhalte der Ausgabe 2\/2014.<\/strong><\/p>\n<p>Zigarren-News <br \/><a title=\"Deutschland zelebriert den vierten Habanos Day\" href=\"https:\/\/www.cigarjournal.com\/de\/deutschlands-4-habanos-day-2014\/\" target=\"_blank\" rel=\"noopener noreferrer\">Deutschland feierte den 4. Habanos Day<\/a> <br \/><a title=\"Spatenstich f\u00fcr neues Atelier der Davidoff Art Residency\" href=\"https:\/\/www.cigarjournal.com\/de\/spatenstich-fuer-davidoff-art-residency\/\" target=\"_blank\" rel=\"noopener noreferrer\">Spatenstich f\u00fcr Davidoffs Art in Residency in der Dominikanischen Republik<\/a> <br \/><a title=\"Orange wie Macanudo\" href=\"https:\/\/www.cigarjournal.com\/de\/orange-wie-macanudo-stg\/\" target=\"_blank\" rel=\"noopener noreferrer\">Macanudos Neue: Inspirado<\/a> <br \/><a title=\"Die gro\u00dfe Bedeutung der Zigarrenindustrie in der Dominikanischen Republik\" href=\"https:\/\/www.cigarjournal.com\/de\/die-grosse-bedeutung-der-zigarrenindustrie-in-der-dominikanischen-republik\/\" target=\"_blank\" rel=\"noopener noreferrer\">Die Bedeutung der Zigarrenbranche f\u00fcr die dominikanische Wirtschaft<\/a> <br \/><a title=\"Perfekter Start: Jim Beam Signature Craft\" href=\"https:\/\/www.cigarjournal.com\/de\/smoky-spirits-perfekter-start-jim-beam-signature-craft\/\" target=\"_blank\" rel=\"noopener noreferrer\">Smoky Spirits<\/a> <br \/><a title=\"Drew Estate: Vom Kiosk zum globalen Zigarrenunternehmen\" href=\"https:\/\/www.cigarjournal.com\/de\/drew-estate-vom-kiosk-zum-globalen-zigarrenunternehmen\/\" target=\"_blank\" rel=\"noopener noreferrer\">Drew Estate &#8211; Vom Kiosk zum globalen Zigarrenunternehmen<\/a> <br \/>Blind Tasting: 45 Zigarren <br \/><a title=\"D\u00e4nemark: eine Tabaknation im Hinterzimmer\" href=\"https:\/\/www.cigarjournal.com\/de\/daenemark-eine-tabaknation-im-hinterzimmer\/\" target=\"_blank\" rel=\"noopener noreferrer\">D\u00e4nemark: Eine Tabaknation im Hinterzimmer<\/a> <br \/><a title=\"Royal Danish Cigars: Insider-Tipp f\u00fcr verw\u00f6hnte Gaumen\" href=\"https:\/\/www.cigarjournal.com\/de\/royal-danish-cigars-insider-tipp-fuer-verwoehnte-gaumen\/\" target=\"_blank\" rel=\"noopener noreferrer\">Portrait: Royal Danish Cigars<\/a> <br \/><a title=\"Spektakul\u00e4res Boisdale: die Spectator Cigar Awards 2014\" href=\"https:\/\/www.cigarjournal.com\/de\/spektakulaeres-boisdale-die-spectator-cigar-awards-2014\/\" target=\"_blank\" rel=\"noopener noreferrer\">Spektakul\u00e4res Boisdale<\/a> <br \/><a title=\"Alles ist relativ \u2026 vor allem die Luftfeuchtigkeit\" href=\"https:\/\/www.cigarjournal.com\/de\/alles-ist-relativ-vor-allem-die-luftfeuchtigkeit\/\" target=\"_blank\" rel=\"noopener noreferrer\">Alles ist relativ, vor allem die Luftfeuchtigkeit<\/a> <br \/><a title=\"Humidores Habana: Ein St\u00fcck Kuba\" href=\"https:\/\/www.cigarjournal.com\/de\/humidores-habana-ein-stueck-kuba\/\" target=\"_blank\" rel=\"noopener noreferrer\">Humidores Habana: Ein St\u00fcck Kuba<\/a> <br \/><a title=\"Travel &amp; Humidor: Reisehumidore im Test\" href=\"https:\/\/www.cigarjournal.com\/de\/travel-humidor-reisehumidore-im-test\/\" target=\"_blank\" rel=\"noopener noreferrer\">Reisehumidore im Test<\/a> <br \/>Ein Tag im Leben von Ram\u00f3n Emilio Cruz <br \/><a title=\"Puerto Rico: Welthauptstadt des Rums\" href=\"https:\/\/www.cigarjournal.com\/de\/puerto-rico-welthauptstadt-des-rums\/\" target=\"_blank\" rel=\"noopener noreferrer\">Travel Corner: Puerto Rico<\/a> <br \/><a title=\"Christian Bousidans magische D\u00fcfte mit Tabaknoten\" href=\"https:\/\/www.cigarjournal.com\/de\/magische-duefte-mit-tabaknoten\/\" target=\"_blank\" rel=\"noopener noreferrer\">Christian Bousidan: Magische D\u00fcfte mit Tabaknoten<\/a> <br \/>Kochen &amp; Zigarre: Tarte Flamb\u00e9e <br \/><a title=\"Hamlet Jaime Peredes: Ein Torcedor \u2013 Sein oder Nichtsein?\" href=\"https:\/\/www.cigarjournal.com\/de\/hamlet-jaime-peredes-ein-torcedor\/\" target=\"_blank\" rel=\"noopener noreferrer\">Ein Torcedor &#8211; Sein oder nicht sein<\/a> <br \/><a title=\"Es war einmal \u2026 ein Lagerhaus auf der Calle San Carlos No. 816\" href=\"https:\/\/www.cigarjournal.com\/de\/es-war-einmal-ein-lagerhaus-auf-der-calle-san-carlos-no-816\/\" target=\"_blank\" rel=\"noopener noreferrer\">Habanos Corner: Pollacks Partag\u00e1s-Fabrik<\/a> <br \/><a title=\"Cigar Family Charitable Foundation: Leben ver\u00e4ndern durch Bildung\" href=\"https:\/\/www.cigarjournal.com\/de\/cigar-family-charitable-foundation-leben-veraendern-durch-bildung\/\" target=\"_blank\" rel=\"noopener noreferrer\">Die Cigar Family Charitable Foundation ver\u00e4ndert Leben<\/a> <br \/><a title=\"Wollen Sie Zigarren kaufen? Kubanische Stra\u00dfenh\u00e4ndler.\" href=\"https:\/\/www.cigarjournal.com\/de\/kubanische-strassenhaendler\/\" target=\"_blank\" rel=\"noopener noreferrer\">Kubanische Stra\u00dfenh\u00e4ndler: &#8222;M\u00f6gen Sie Zigarren?&#8220;<\/a> <br \/><a title=\"Habanos Nordic: Puros am Nordpol\" href=\"https:\/\/www.cigarjournal.com\/de\/habanos-nordic-puros-am-nordpol\/\" target=\"_blank\" rel=\"noopener noreferrer\">Habanos Nordic AB: Puros am Nordpol<\/a> <br \/><a title=\"Tradition des Vorlesens: Lectores de Tabaquer\u00edas\" href=\"https:\/\/www.cigarjournal.com\/de\/tradition-des-vorlesens-lectores-de-tabaquerias\/\" target=\"_blank\" rel=\"noopener noreferrer\">Cigar Trivia: Tabakvorleser, Lectores De Tabaquer\u00edas<\/a><\/p>\n","protected":false},"excerpt":{"rendered":"<p>Die Sommer-Ausgabe 2014 informiert Sie \u00fcber vielf\u00e4ltige Themen: Humidorexperte Marc Andr\u00e9 besch\u00e4ftigt sich mit einem der wichtigsten Utensilien von Passionados: Hygrometern und ihrer Messgenauigkeit. Wir begaben uns auf Lokalaugenschein in die Hinterzimmer Havannas, um vom Schwarzmarkt kubanischer Zigarren zu berichten und reisten in die Dominikanische Republik, wo die von den Zigarrenfamilien Fuente und Newman ins<a href=\"https:\/\/www.cigarjournal.com\/de\/vergangene-ausgaben\/sommer-ausgabe-2014-drew-estate\/\" title=\"Read more\" >&#8230;<\/a><\/p>\n","protected":false},"author":30,"featured_media":3108,"parent":1229,"menu_order":0,"comment_status":"closed","ping_status":"closed","template":"","meta":{"_mi_skip_tracking":false},"_links":{"self":[{"href":"https:\/\/www.cigarjournal.com\/de\/wp-json\/wp\/v2\/pages\/2886"}],"collection":[{"href":"https:\/\/www.cigarjournal.com\/de\/wp-json\/wp\/v2\/pages"}],"about":[{"href":"https:\/\/www.cigarjournal.com\/de\/wp-json\/wp\/v2\/types\/page"}],"author":[{"embeddable":true,"href":"https:\/\/www.cigarjournal.com\/de\/wp-json\/wp\/v2\/users\/30"}],"replies":[{"embeddable":true,"href":"https:\/\/www.cigarjournal.com\/de\/wp-json\/wp\/v2\/comments?post=2886"}],"version-history":[{"count":0,"href":"https:\/\/www.cigarjournal.com\/de\/wp-json\/wp\/v2\/pages\/2886\/revisions"}],"up":[{"embeddable":true,"href":"https:\/\/www.cigarjournal.com\/de\/wp-json\/wp\/v2\/pages\/1229"}],"wp:featuredmedia":[{"embeddable":true,"href":"https:\/\/www.cigarjournal.com\/de\/wp-json\/wp\/v2\/media\/3108"}],"wp:attachment":[{"href":"https:\/\/www.cigarjournal.com\/de\/wp-json\/wp\/v2\/media?parent=2886"}],"curies":[{"name":"wp","href":"https:\/\/api.w.org\/{rel}","templated":true}]}}