{"id":2884,"date":"2015-02-09T14:24:07","date_gmt":"2015-02-09T13:24:07","guid":{"rendered":"http:\/\/www.cigartrophy.com\/?page_id=2884"},"modified":"2021-06-29T11:10:40","modified_gmt":"2021-06-29T09:10:40","slug":"fruehjahrs-ausgabe-2014-rocky-patel-premium-cigars","status":"publish","type":"page","link":"https:\/\/www.cigarjournal.com\/de\/vergangene-ausgaben\/fruehjahrs-ausgabe-2014-rocky-patel-premium-cigars\/","title":{"rendered":"Fr\u00fchjahrs-Ausgabe 2014 \u2013 Rocky Patel Premium Cigars"},"content":{"rendered":"<p><img class=\"alignright size-medium wp-image-3077\" src=\"https:\/\/www.cigarjournal.com\/wp-content\/uploads\/2015\/02\/cigar-journal-cover-spring-2014-rocky-patel-500x706.jpg\" alt=\"cigar-journal-cover-spring-2014-rocky-patel\" width=\"260\" height=\"367\" srcset=\"https:\/\/www.cigarjournal.com\/wp-content\/uploads\/2015\/02\/cigar-journal-cover-spring-2014-rocky-patel-500x706.jpg 500w, https:\/\/www.cigarjournal.com\/wp-content\/uploads\/2015\/02\/cigar-journal-cover-spring-2014-rocky-patel-770x1088.jpg 770w\" sizes=\"(max-width: 260px) 100vw, 260px\" \/> F\u00fcr die Fr\u00fchjahrs-Ausgabe 2014 reisten wir nach Florida, um Rocky Patel zu besuchen: Der ehemalige Hollywood-Anwalt baute mit Rocky Patel Premium Cigars nicht nur eine international bekannte und anerkannte Zigarrenmarke auf, sondern versteht sich vor allem als Vermittler eines Lifestyles.<\/p>\n<p>Ebenfalls berichten wir in dieser Ausgabe vom Encuentros de Amigos de Partag\u00e1s in Havanna, den Zigarrenfestivals in Kuba und der Dominikanischen Republik, sowie von unserem Besuch im Tabakmuseum in der kubanischen Hauptstadt. Chefredakteurin Katja Rauch reiste nach Bah\u00eda in Brasilien auf den Spuren Geraldo Dannemanns, und unser Skandinavien-Korrespondent Simon Lundh berichtet von der Zigarrenszene in G\u00f6teborg. Neben einem Blind-Tasting von 60 Zigarren, rauchten wir zus\u00e4tzlich die Edici\u00f3nes Regionales 2013 in einer Spezialverkostung.<\/p>\n<p>Wenn Sie diese Ausgabe verpasst haben, k\u00f6nnen Sie sie<a title=\"Vergangene Ausgaben bestellen\" href=\"https:\/\/www.cigarjournal.com\/de\/vergangene-ausgaben-bestellen\/\" target=\"_blank\" rel=\"noopener noreferrer\"> einfach nachbestellen.<\/a><\/p>\n<p><strong>Hier finden Sie eine \u00dcbersicht der Inhalte der Ausgabe 1\/2014.<\/strong><\/p>\n<p>Zigarren-News <br \/><a title=\"Kr\u00f6nender Abschluss: Auchentoshan Three Wood\" href=\"https:\/\/www.cigarjournal.com\/de\/smoky-spirits-abschluss-auchentoshan-three-wood\/\" target=\"_blank\" rel=\"noopener noreferrer\">Smoky Spirits<\/a> <br \/>Blindverkostung: 60 Zigarren <br \/>Tasting Edici\u00f3n Regional 2013 <br \/><a title=\"Rocky Patel Premium Cigars: It\u2019s a Lifestyle\" href=\"https:\/\/www.cigarjournal.com\/de\/rocky-patel-premium-cigars-its-a-lifestyle\/\" target=\"_blank\" rel=\"noopener noreferrer\">Rocky Patel Premium Cigars: It&#8217;s a Lifestyle<\/a> <br \/><a title=\"Ein Tag im Leben von \u2026 Emmanuel Martinez\" href=\"https:\/\/www.cigarjournal.com\/de\/ein-tag-im-leben-von-emmanuel-martinez\/\" target=\"_blank\" rel=\"noopener noreferrer\">Ein Tag im Leben von Emmanuel Martinez<\/a><br \/><a href=\"https:\/\/www.cigarjournal.com\/de\/netzwerk-international-womens-cigar-society\/\" target=\"_blank\" rel=\"noopener noreferrer\">International Women\u2019s Cigar Society<\/a> <br \/><a title=\"G\u00f6teborg: Ein Hauch New York in Schwedens Gourmet-Metropole\" href=\"https:\/\/www.cigarjournal.com\/de\/goeteborg-ein-hauch-new-york-in-schwedens-gourmet-metropole\/\" target=\"_blank\" rel=\"noopener noreferrer\">Travel Corner: G\u00f6teborg<\/a> <br \/><a title=\"Roman Szymonowicz und die hohe Kunst des Bluffens\" href=\"https:\/\/www.cigarjournal.com\/de\/roman-szymonowicz-und-die-hohe-kunst-des-bluffens\/\" target=\"_blank\" rel=\"noopener noreferrer\">Tobacco &amp; Arts: Roman Szymonowicz<\/a> <br \/><a title=\"Steffen Rinn: Hessens letzter Zigarrenfabrikant\" href=\"https:\/\/www.cigarjournal.com\/de\/steffen-rinn-hessens-letzter-zigarrenfabrikant\/\" target=\"_blank\" rel=\"noopener noreferrer\">Don Stefano, Hessens letzter Zigarrenfabrikant<\/a> <br \/>Zum Einfluss von Temperatur auf die Entwicklung von Zigarren <br \/><a title=\"Maori Tabacs S.A.: Lukrative Gesch\u00e4fte in Andorra\" href=\"https:\/\/www.cigarjournal.com\/de\/maori-tabacs-s-a-lukrative-geschaefte-in-andorra\/\" target=\"_blank\" rel=\"noopener noreferrer\">Maori Tabacs: Gute Gesch\u00e4fte in Andorra<\/a> <br \/>Kochen &amp; Zigarre: Wiener K\u00fcche mit Twist <br \/><a title=\"Ringma\u00dfe: Eine Frage der Generationen?\" href=\"https:\/\/www.cigarjournal.com\/de\/ringmasse-eine-frage-der-generationen\/\" target=\"_blank\" rel=\"noopener noreferrer\">Ringmasse: Eine Frage der Generationen?<\/a> <br \/><a title=\"Festival del Puro Mexicano: Premiere in San Andr\u00e9s\" href=\"https:\/\/www.cigarjournal.com\/de\/festival-del-puro-mexicano-premiere-in-san-andres\/\" target=\"_blank\" rel=\"noopener noreferrer\">Festival del Puro Mexicana<\/a> <br \/><a title=\"Museo del Tabaco: Ein lebendiges Museum\" href=\"https:\/\/www.cigarjournal.com\/de\/museo-del-tabaco-ein-lebendiges-museum\/\" target=\"_blank\" rel=\"noopener noreferrer\">Museo del Tabaco in Havanna<\/a> <br \/><a title=\"Don Quijote de la Mancha: Eine Zigarrenkiste auf Zeitreise\" href=\"https:\/\/www.cigarjournal.com\/de\/don-quijote-juan-cueto-hermano-zigarrenkiste-1913\/\" target=\"_blank\" rel=\"noopener noreferrer\">Don Quijote &#8211; Zeitreise<\/a> <br \/><a title=\"Das Anz\u00fcnden einer Zigarre: Keine Kunst\" href=\"https:\/\/www.cigarjournal.com\/de\/das-anzuenden-einer-zigarre-keine-kunst\/\" target=\"_blank\" rel=\"noopener noreferrer\">Zigarren anzu\u0308nden: Keine Kunst<\/a> <br \/><a title=\"Festival de Habano: Kuba enth\u00fcllt das Blending\" href=\"https:\/\/www.cigarjournal.com\/de\/festival-de-habano-kuba-enthuellt-blending\/\" target=\"_blank\" rel=\"noopener noreferrer\">Festival del Habano: Kuba enth\u00fcllt das Blending<\/a> <br \/><a title=\"ProCigar-Festival 2014: Dinner mit \u201cmeinem\u201d Zigarren-Hersteller\" href=\"https:\/\/www.cigarjournal.com\/de\/procigar-festival-dinner-mit-zigarren-hersteller\/\" target=\"_blank\" rel=\"noopener noreferrer\">Procigar-Festival<\/a> <br \/><a title=\"Ducks of Kilspindie: Donald Duck\u2019s Sohn\" href=\"https:\/\/www.cigarjournal.com\/de\/ducks-of-kilspindie-donald-ducks-sohn\/\" target=\"_blank\" rel=\"noopener noreferrer\">Ducks of Kilspindie: Raucherrefugium in Schottland<\/a> <br \/><a title=\"Boutique Cigars: Illusione \u2013 Hottest Boutique Brand\" href=\"https:\/\/www.cigarjournal.com\/de\/boutique-cigars-illusione-hottest-boutique-brand\/\" target=\"_blank\" rel=\"noopener noreferrer\">Portrait: Zigarren von Illusione<\/a> <br \/><a title=\"Viele Namen, ein Haus \u2013 die Manufaktur Antonio Briones Montoto\" href=\"https:\/\/www.cigarjournal.com\/de\/viele-namen-ein-haus-die-manufaktur-antonio-briones-montoto\/\" target=\"_blank\" rel=\"noopener noreferrer\">Habanos Corner: Viele Namen, ein Haus<\/a> <br \/><a title=\"Brasilien: Aufbruch nach Bahia\" href=\"https:\/\/www.cigarjournal.com\/de\/brasilien-aufbruch-nach-bahia\/\" target=\"_blank\" rel=\"noopener noreferrer\">Brasilien: Aufbruch nach Bah\u00eda<\/a> <br \/><a title=\"Encuentros de Amigos de Partag\u00e1s \u2013 Patronin der Amigos\" href=\"https:\/\/www.cigarjournal.com\/de\/encuentros-de-amigos-de-partagas-patronin-der-amigos\/\" target=\"_blank\" rel=\"noopener noreferrer\">Encuentros de Amigos de Partag\u00e1s<\/a> <br \/><a title=\"Die Nordsee ruft: Cigar Lounges in Hamburg, Bremen &amp; Schleswig-Holstein\" href=\"https:\/\/www.cigarjournal.com\/de\/die-nordsee-ruft-cigar-lounges-in-hamburg-bremen-schleswig-holstein\/\" target=\"_blank\" rel=\"noopener noreferrer\">Genussland Deutschland: Genie\u00dfen an der Nordsee<\/a> <br \/><a title=\"Cigar Trivia: Culebras \u2013 Krumme Zigarren\" href=\"https:\/\/www.cigarjournal.com\/de\/cigar-trivia-culebras-krumme-zigarren\/\" target=\"_blank\" rel=\"noopener noreferrer\">Cigar Trivia: Culebras<\/a><\/p>\n","protected":false},"excerpt":{"rendered":"<p>F\u00fcr die Fr\u00fchjahrs-Ausgabe 2014 reisten wir nach Florida, um Rocky Patel zu besuchen: Der ehemalige Hollywood-Anwalt baute mit Rocky Patel Premium Cigars nicht nur eine international bekannte und anerkannte Zigarrenmarke auf, sondern versteht sich vor allem als Vermittler eines Lifestyles. Ebenfalls berichten wir in dieser Ausgabe vom Encuentros de Amigos de Partag\u00e1s in Havanna, den<a href=\"https:\/\/www.cigarjournal.com\/de\/vergangene-ausgaben\/fruehjahrs-ausgabe-2014-rocky-patel-premium-cigars\/\" title=\"Read more\" >&#8230;<\/a><\/p>\n","protected":false},"author":30,"featured_media":3111,"parent":1229,"menu_order":0,"comment_status":"closed","ping_status":"closed","template":"","meta":{"_mi_skip_tracking":false},"_links":{"self":[{"href":"https:\/\/www.cigarjournal.com\/de\/wp-json\/wp\/v2\/pages\/2884"}],"collection":[{"href":"https:\/\/www.cigarjournal.com\/de\/wp-json\/wp\/v2\/pages"}],"about":[{"href":"https:\/\/www.cigarjournal.com\/de\/wp-json\/wp\/v2\/types\/page"}],"author":[{"embeddable":true,"href":"https:\/\/www.cigarjournal.com\/de\/wp-json\/wp\/v2\/users\/30"}],"replies":[{"embeddable":true,"href":"https:\/\/www.cigarjournal.com\/de\/wp-json\/wp\/v2\/comments?post=2884"}],"version-history":[{"count":0,"href":"https:\/\/www.cigarjournal.com\/de\/wp-json\/wp\/v2\/pages\/2884\/revisions"}],"up":[{"embeddable":true,"href":"https:\/\/www.cigarjournal.com\/de\/wp-json\/wp\/v2\/pages\/1229"}],"wp:featuredmedia":[{"embeddable":true,"href":"https:\/\/www.cigarjournal.com\/de\/wp-json\/wp\/v2\/media\/3111"}],"wp:attachment":[{"href":"https:\/\/www.cigarjournal.com\/de\/wp-json\/wp\/v2\/media?parent=2884"}],"curies":[{"name":"wp","href":"https:\/\/api.w.org\/{rel}","templated":true}]}}