{"id":28077,"date":"2019-02-27T11:19:21","date_gmt":"2019-02-27T10:19:21","guid":{"rendered":"https:\/\/www.cigarjournal.com\/?page_id=28077"},"modified":"2021-07-22T10:24:05","modified_gmt":"2021-07-22T08:24:05","slug":"winter-ausgabe-2018-carlos-fuente-jr-takes-lifetime-achievement-award","status":"publish","type":"page","link":"https:\/\/www.cigarjournal.com\/de\/vergangene-ausgaben\/winter-ausgabe-2018-carlos-fuente-jr-takes-lifetime-achievement-award\/","title":{"rendered":"Winter-Ausgabe 2018 &#8211; Carlos Fuente Jr. Takes Lifetime Achievement Award"},"content":{"rendered":"<p><img class=\"size-medium wp-image-28075 alignright\" src=\"https:\/\/www.cigarjournal.com\/wp-content\/uploads\/2019\/02\/cigar-journal-winter-edition-2018-carlito-fuente-1-500x707-500x707.jpg\" alt=\"\" width=\"260\" height=\"368\" \/> Wir trafen Carlos Fuente Jr. auf dem als Chateau de la Fuente bekannten Anwesen auf halbem Weg zwischen Santo Domingo und dem Epizentrum der dominikanischen Zigarrenindustrie, Santiago de los Caballeros. Ein Gespr\u00e4ch \u00fcber Familie, Partnerschaften, und sein gr\u00f6\u00dftes Herzensanliegen, die <a title=\"Cigar Family Charitable Foundation: Leben ver\u00e4ndern durch Bildung\" href=\"https:\/\/www.cigarjournal.com\/de\/cigar-family-charitable-foundation-leben-veraendern-durch-bildung\/\" target=\"_blank\" rel=\"noopener noreferrer\">Cigar Family Charitable Foundation<\/a>.<\/p>\n<p>Weiter Themen in der Winter-Ausgabe 2018:<\/p>\n<p>Haben Sie jemals dar\u00fcber nachgedacht, wie die St\u00e4rke einer Zigarre zustande kommt, und was es eigentlich ist, das von vielen als St\u00e4rke wahrgenommen wird? Wir haben Branchenexperten dazu befragt.<\/p>\n<p>Neue Generation bei La Flor Dominicana: F\u00fcr Tony Gomez war es nicht immer klar, dass er in das Unternehmen einsteigen w\u00fcrde, das sein Vater Litto mit Tonys Stiefmutter gegr\u00fcndet hatte, als er erst sieben Jahre alt war. Wir sprachen mit dem ikonischen Vater-Sohn-Team \u00fcber die Anf\u00e4nge und die Zukunft ihrer Zusammenarbeit.<\/p>\n<p>Reserva &amp; Gran Reserva: Seit ihrem erstmaligen Auftritt 2003 bzw. 2009 z\u00e4hlen die Reserva- und Gran Reserva-Lancierungen unter Habanosfans und Sammlern zu den begehrtesten Editionen. Unser Habanosexperte Nicola Di Nunzio gibt eine Einf\u00fchrung in den illustren Kreis.<\/p>\n<p>Wenn Sie diese Ausgabe verpasst haben, k\u00f6nnen Sie sie <a title=\"Vergangene Ausgaben bestellen\" href=\"https:\/\/www.cigarjournal.com\/de\/vergangene-ausgaben-bestellen\/\" target=\"_blank\" rel=\"noopener noreferrer\">einfach nachbestellen.<\/a><\/p>\n<p><strong>Hier finden Sie eine \u00dcbersicht der Inhalte der Ausgabe 4\/2018<\/strong><\/p>\n<p>Cigar Trophy Awards 2018: Die Gewinner <br \/>Zigarren-News: Neue Zigarren &amp; Accessoires <br \/>Cigar Locations weltweit <br \/>Zigarrenevents <br \/>Smoky Spirits <br \/><a href=\"https:\/\/www.cigarjournal.com\/de\/carlos-fuente-jr-wir-sind-alle-eins\/\" target=\"_blank\" rel=\"noopener noreferrer\">Coverstory: Carlito Fuente<\/a> <br \/>Blind Tasting: 60 Zigarren <br \/>Cigar Smoking World Championship: Neuer Weltmeister <br \/><a href=\"https:\/\/www.cigarjournal.com\/de\/habanos-hot-spots-ein-globaler-ueberblick\/\" target=\"_blank\" rel=\"noopener noreferrer\">Habanos Hot Spots: Ein globaler \u00dcberblick<\/a> <br \/>Gurkha Cigars: Zeit des Wandels <br \/>Cigar Wives Teil 2 <br \/>Zigarrenpers\u00f6nlichkeiten: Roberto Rodriguez Pardal <br \/><a href=\"https:\/\/www.cigarjournal.com\/de\/die-naechste-generation-bei-la-flor-dominicana-tony-gomez\/\" target=\"_blank\" rel=\"noopener noreferrer\">2. Generation be La Flor Dominicana<\/a> <br \/>Cigar Friendly: Sofia Englewood, New Jersey <br \/>Cubanacan Cigars: Expansion &amp; Redesign <br \/><a title=\"\" href=\"https:\/\/www.cigarjournal.com\/de\/hand-rolled-ein-film-ueber-zigarren\/\" target=\"_blank\" rel=\"noopener noreferrer\">Cigar Movie \u201eHand Rolled\u201c<\/a> <br \/>The Romance of Cigar-Speak <br \/><a title=\"\" href=\"https:\/\/www.cigarjournal.com\/cigar-places-hotell-havanna-sweden\/\" target=\"_blank\" rel=\"noopener noreferrer\">Hotell Havanna \u2013 Schwedisches Zigarren-Refugium<\/a> <br \/><a href=\"https:\/\/www.cigarjournal.com\/de\/the-brangelina-of-cigars\/\" target=\"_blank\" rel=\"noopener noreferrer\">Janny Garc\u00eda &amp; Pete Johnson: Brangelina der Zigarrenwelt<\/a> <br \/><a href=\"https:\/\/www.cigarjournal.com\/de\/wie-der-tabak-den-wohnraum-erobert\/\" target=\"_blank\" rel=\"noopener noreferrer\">Wie der Tabak den Wohnraum erobert<\/a> <br \/>Quesada: Verkaufsger\u00fcchte unfundiert <br \/>Felix Mesa\u2019s neue Marke: Vegas del Purial <br \/>Marken-Portr\u00e4t: Liga Privada <br \/><a href=\"https:\/\/www.cigarjournal.com\/de\/zigarren-wissen-was-bedeutet-staerke\/\" target=\"_blank\" rel=\"noopener noreferrer\">Zigarrenwissen: Was bedeutet St\u00e4rke bei Zigarren?<\/a> <br \/><a href=\"https:\/\/www.cigarjournal.com\/de\/sammelleidenschaft-ein-uberblick-von-reserva-gran-reserva\/\" target=\"_blank\" rel=\"noopener noreferrer\">Habanos Collectors: Reserva &amp; Gran Reserva<\/a> <br \/>Eiling Lim, Malaysias Whisky-Expertin <br \/>Centaur Cigars: Zigarren f\u00fcr Helden <br \/><a title=\"\" href=\"https:\/\/www.cigarjournal.com\/de\/cocktails-zigarren-in-madrid-cigar-friendly\/\" target=\"_blank\" rel=\"noopener noreferrer\">Bars &amp; Cigars in Madrid<\/a> <br \/>Most Memorable Cigar: Eladio D\u00edaz, Davidoff-Meisterblender<\/p>\n","protected":false},"excerpt":{"rendered":"<p>Wir trafen Carlos Fuente Jr. auf dem als Chateau de la Fuente bekannten Anwesen auf halbem Weg zwischen Santo Domingo und dem Epizentrum der dominikanischen Zigarrenindustrie, Santiago de los Caballeros. Ein Gespr\u00e4ch \u00fcber Familie, Partnerschaften, und sein gr\u00f6\u00dftes Herzensanliegen, die Cigar Family Charitable Foundation. Weiter Themen in der Winter-Ausgabe 2018: Haben Sie jemals dar\u00fcber nachgedacht,<a href=\"https:\/\/www.cigarjournal.com\/de\/vergangene-ausgaben\/winter-ausgabe-2018-carlos-fuente-jr-takes-lifetime-achievement-award\/\" title=\"Read more\" >&#8230;<\/a><\/p>\n","protected":false},"author":111,"featured_media":28075,"parent":1229,"menu_order":0,"comment_status":"closed","ping_status":"closed","template":"","meta":{"_mi_skip_tracking":false},"_links":{"self":[{"href":"https:\/\/www.cigarjournal.com\/de\/wp-json\/wp\/v2\/pages\/28077"}],"collection":[{"href":"https:\/\/www.cigarjournal.com\/de\/wp-json\/wp\/v2\/pages"}],"about":[{"href":"https:\/\/www.cigarjournal.com\/de\/wp-json\/wp\/v2\/types\/page"}],"author":[{"embeddable":true,"href":"https:\/\/www.cigarjournal.com\/de\/wp-json\/wp\/v2\/users\/111"}],"replies":[{"embeddable":true,"href":"https:\/\/www.cigarjournal.com\/de\/wp-json\/wp\/v2\/comments?post=28077"}],"version-history":[{"count":0,"href":"https:\/\/www.cigarjournal.com\/de\/wp-json\/wp\/v2\/pages\/28077\/revisions"}],"up":[{"embeddable":true,"href":"https:\/\/www.cigarjournal.com\/de\/wp-json\/wp\/v2\/pages\/1229"}],"wp:featuredmedia":[{"embeddable":true,"href":"https:\/\/www.cigarjournal.com\/de\/wp-json\/wp\/v2\/media\/28075"}],"wp:attachment":[{"href":"https:\/\/www.cigarjournal.com\/de\/wp-json\/wp\/v2\/media?parent=28077"}],"curies":[{"name":"wp","href":"https:\/\/api.w.org\/{rel}","templated":true}]}}