{"id":27716,"date":"2019-02-27T09:51:20","date_gmt":"2019-02-27T08:51:20","guid":{"rendered":"https:\/\/www.cigarjournal.com\/?page_id=27716"},"modified":"2021-07-01T08:40:32","modified_gmt":"2021-07-01T06:40:32","slug":"winter-ausgabe-2007-city-portrait-maya-selvas-paris","status":"publish","type":"page","link":"https:\/\/www.cigarjournal.com\/de\/vergangene-ausgaben\/winter-ausgabe-2007-city-portrait-maya-selvas-paris\/","title":{"rendered":"Winter-Ausgabe 2007 &#8211; City Portrait, Maya Selva&#8217;s Paris"},"content":{"rendered":"<div id=\"attachment_27714\" style=\"width: 270px\" class=\"wp-caption alignright\"><img aria-describedby=\"caption-attachment-27714\" class=\"size-medium wp-image-27714\" src=\"https:\/\/www.cigarjournal.com\/wp-content\/uploads\/2019\/02\/Cover-Winter.2007-500x708.jpg\" alt=\"\" width=\"260\" height=\"368\" srcset=\"https:\/\/www.cigarjournal.com\/wp-content\/uploads\/2019\/02\/Cover-Winter.2007-500x708.jpg 500w, https:\/\/www.cigarjournal.com\/wp-content\/uploads\/2019\/02\/Cover-Winter.2007.jpg 544w\" sizes=\"(max-width: 260px) 100vw, 260px\" \/><\/p>\n<p id=\"caption-attachment-27714\" class=\"wp-caption-text\">Cover Winter 2007 Cigar Journal<\/p>\n<\/div>\n<p>Ein 28-j\u00e4hriger Wirtschaftsstudent kombinierte seine Kreative Ader und das flammende Interesse f\u00fcr Zigarren \u2013 und gr\u00fcndete Prometheus. Unser Kolumnist Samuel Spurr traf Keith K. Park pers\u00f6nlich und sprach mit ihm \u00fcber seine Story, Zigarren und den Aufstieg von Prometheus.<\/p>\n<p>In der Winter-Ausgabe 2007 ziert Maya Selva das Cover. Unsere Reise-Kolumnistin Gabriela Greess traf die Powerfrau in Paris an. Gemeinsam erkundeten die Beiden Top Restaurants und Bars in der franz\u00f6sischen Hauptstadt.<\/p>\n<p>Unter anderem erz\u00e4hlt Maya Selva von ihrer neusten Zigarren Kreation, die sie gemeinsam mit dem K\u00fcchenchef Jean Christansen entwickelte.<\/p>\n<p>Au\u00dferdem finden Sie wieder eine gro\u00dfen Bericht \u00fcber die Cigar Trophy 2007 \u2013 Die Oscars f\u00fcr die Besten aus der Welt der Zigarre.<\/p>\n<p>Wenn Sie diese Ausgabe verpasst haben, k\u00f6nnen Sie sie <a title=\"Vergangene Ausgaben bestellen\" href=\"https:\/\/www.cigarjournal.com\/de\/vergangene-ausgaben-bestellen\/\" target=\"_blank\" rel=\"noopener noreferrer\">einfach nachbestellen.<\/a> \u00a0<\/p>\n<p><strong>Hier finden Sie eine \u00dcbersicht der Inhalte der Ausgabe 4\/2007. <\/strong><\/p>\n<p>News <br \/>Smoky Spirits <br \/>Lifestyle Cult <br \/>Cameroon-Tasting: Feine Deckbl\u00e4tter aus Cameroon <br \/>Novelties-Tasting: Neu am Markt <br \/>City Portrait Paris: Mit Maya Selva unterwegs in Paris <br \/>Cigar Trophy 2007 <br \/>Brilliant: Die 61 besten Zigarren 2007 <br \/>Inter-Tabac 2007: Europas Zigarrenmarkt zeigt seine Muskeln <br \/>Suisse Tabac: Schweiz: Kleines Land, gro\u00dfer Markt <br \/><a title=\"Jubil\u00e4um: 15 Jahre Prometheus\" href=\"https:\/\/www.cigarjournal.com\/de\/jubilaeum-15-jahre-prometheus\/\" target=\"_blank\" rel=\"noopener noreferrer\">Prometheus: Man of Fire<\/a> <br \/>Siegfried Maruschke: The &#8222;Thing With Pipe Tobacco&#8220; <br \/>Tiedje Interview: \u201eWo war da die Lobby?&#8220; <br \/>Kinky Friedman: Why the Hell Not? <br \/>Razzien Crackdown: Wahshington&#8217;s Crackdown Against Habanos <br \/>Cuba News Breitling <br \/>Inter-Tabac 2007 <br \/>Pipe News <br \/>Pfeifentabak f\u00fcr Sie geraucht <br \/>Richard Carleton Hacker: Cognac &amp; Zigarren <br \/>Esterh\u00e1zy: F\u00fcrstliche Weine <br \/>Befeuchtungssysteme: High Tech f\u00fcr ideales Klima <br \/>Crossover Tasting: Best of <br \/>Top Shops <br \/>Events <br \/>Lounges <br \/>Clubs<\/p>\n","protected":false},"excerpt":{"rendered":"<p>Ein 28-j\u00e4hriger Wirtschaftsstudent kombinierte seine Kreative Ader und das flammende Interesse f\u00fcr Zigarren \u2013 und gr\u00fcndete Prometheus. Unser Kolumnist Samuel Spurr traf Keith K. Park pers\u00f6nlich und sprach mit ihm \u00fcber seine Story, Zigarren und den Aufstieg von Prometheus. In der Winter-Ausgabe 2007 ziert Maya Selva das Cover. Unsere Reise-Kolumnistin Gabriela Greess traf die Powerfrau<a href=\"https:\/\/www.cigarjournal.com\/de\/vergangene-ausgaben\/winter-ausgabe-2007-city-portrait-maya-selvas-paris\/\" title=\"Read more\" >&#8230;<\/a><\/p>\n","protected":false},"author":111,"featured_media":27714,"parent":1229,"menu_order":0,"comment_status":"closed","ping_status":"closed","template":"","meta":{"_mi_skip_tracking":false},"_links":{"self":[{"href":"https:\/\/www.cigarjournal.com\/de\/wp-json\/wp\/v2\/pages\/27716"}],"collection":[{"href":"https:\/\/www.cigarjournal.com\/de\/wp-json\/wp\/v2\/pages"}],"about":[{"href":"https:\/\/www.cigarjournal.com\/de\/wp-json\/wp\/v2\/types\/page"}],"author":[{"embeddable":true,"href":"https:\/\/www.cigarjournal.com\/de\/wp-json\/wp\/v2\/users\/111"}],"replies":[{"embeddable":true,"href":"https:\/\/www.cigarjournal.com\/de\/wp-json\/wp\/v2\/comments?post=27716"}],"version-history":[{"count":0,"href":"https:\/\/www.cigarjournal.com\/de\/wp-json\/wp\/v2\/pages\/27716\/revisions"}],"up":[{"embeddable":true,"href":"https:\/\/www.cigarjournal.com\/de\/wp-json\/wp\/v2\/pages\/1229"}],"wp:featuredmedia":[{"embeddable":true,"href":"https:\/\/www.cigarjournal.com\/de\/wp-json\/wp\/v2\/media\/27714"}],"wp:attachment":[{"href":"https:\/\/www.cigarjournal.com\/de\/wp-json\/wp\/v2\/media?parent=27716"}],"curies":[{"name":"wp","href":"https:\/\/api.w.org\/{rel}","templated":true}]}}