{"id":24806,"date":"2019-02-27T09:38:30","date_gmt":"2019-02-27T08:38:30","guid":{"rendered":"https:\/\/www.cigarjournal.com\/?page_id=24806"},"modified":"2021-07-01T08:33:29","modified_gmt":"2021-07-01T06:33:29","slug":"fruehjahrs-ausgabe-2007-mister-dracula","status":"publish","type":"page","link":"https:\/\/www.cigarjournal.com\/de\/vergangene-ausgaben\/fruehjahrs-ausgabe-2007-mister-dracula\/","title":{"rendered":"Fr\u00fchjahrs-Ausgabe 2007 &#8211; Mister Dracula"},"content":{"rendered":"<p><img class=\"alignright wp-image-24720 size-medium\" src=\"https:\/\/www.cigarjournal.com\/wp-content\/uploads\/2018\/11\/Cigar-Journal-Cover-Spring-2007-500x707.jpg\" alt=\"Cover Spring 2007\" width=\"260\" height=\"368\" srcset=\"https:\/\/www.cigarjournal.com\/wp-content\/uploads\/2018\/11\/Cigar-Journal-Cover-Spring-2007-500x707.jpg 500w, https:\/\/www.cigarjournal.com\/wp-content\/uploads\/2018\/11\/Cigar-Journal-Cover-Spring-2007.jpg 770w, https:\/\/www.cigarjournal.com\/wp-content\/uploads\/2018\/11\/Cigar-Journal-Cover-Spring-2007-600x849.jpg 600w\" sizes=\"(max-width: 260px) 100vw, 260px\" \/> In der Fr\u00fchjahrs-Ausgabe trafen wir Hendrik Kelner in der Cidav-Fabrik. Bei einem interessanten Gespr\u00e4ch mit seinem Sohn schildert er uns seine Lebensgeschichte und den Werdegang seiner Zigarrenmanufaktur.<\/p>\n<p>Unsere Coverstory widmen wir Christopher Lee, einem britischen Schauspieler, der vor allem durch seine Rolle in \u201eDracula&#8220; bekannt wurde. Seine zweite gro\u00dfe Leidenschaft neben den Biss in sch\u00f6ne H\u00e4lse? Die Zigarre.<\/p>\n<p>Unsere Chefredakteurin Katja Gnann traf ihn im Londoner Stadtteil Chelsea bei einem \u201etea for two&#8220;.<\/p>\n<p>In weiteren Stories berichten wir Ihnen \u00fcber Zigarren-Bars und Lounges in Belfast, sowie umfangreiche Tastings von \u201eShort Smokes&#8220; bis hin zum Crossover-Tasting von Tee und Zigarre. \u00a0<\/p>\n<p>Wenn Sie diese Ausgabe verpasst haben, k\u00f6nnen Sie sie <a title=\"Vergangene Ausgaben bestellen\" href=\"https:\/\/www.cigarjournal.com\/de\/vergangene-ausgaben-bestellen\/\" target=\"_blank\" rel=\"noopener noreferrer\">einfach nachbestellen.<\/a> \u00a0<\/p>\n<p><strong>Hier finden Sie eine \u00dcbersicht der Inhalte der Ausgabe 1\/2007.<\/strong><\/p>\n<p>Zigarren-News <br \/>Smoky Spirits <br \/>Tasting: Besinnliches Intermezzo: Short Smokers <br \/>Coverstory: Christopher Lee &#8211; Wie der Schauspieler zur Zigarre kam <br \/><a title=\"Tabak Provenienz: Connecticut\" href=\"https:\/\/www.cigarjournal.com\/de\/tabak-provenienz-connecticut\/\" target=\"_blank\" rel=\"noopener noreferrer\">Tabakprovenienz: Goldener Connecticut<\/a> <br \/>Zigarren Podcasts mit Bob und Dale <br \/><a title=\"Hendrik Kelner und die Entstehung seiner Zigarrenmanufaktur\" href=\"https:\/\/www.cigarjournal.com\/de\/hendrik-kelner-und-die-entstehung-seiner-zigarrenmanufaktur\/\" target=\"_blank\" rel=\"noopener noreferrer\">Hendrik Kelner: El Padre del Tabaco Dominicano<\/a> <br \/>City Portrait: Belfast <br \/>Provence: Haute Cuisine, Parfums &amp; Cigars <br \/><a href=\"https:\/\/www.cigarjournal.com\/de\/partagas-eine-weltmarke-zwei-gesichter\/\" target=\"_blank\" rel=\"noopener noreferrer\">Partag\u00e1s: Eine Weltmarke &#8211; zwei Gesichter<\/a> <br \/>Rich Perlman: Europa erobert den amerikanischen Zigarrenmarkt <br \/>News aus Kuba <br \/>Erhard Junghans: Reminiszenz an einen deutschen Uhrmacher <br \/>William Ashton-Taylor: Der Gentleman-Pfeifenmacher <br \/>Price-Check: Zigarren werden geraucht und bewertet <br \/>Crossover Tasting: Tee und Zigarren <br \/>Baron Ullmann: Zigarren mit Vision <br \/>Zigarrendoktor: Sebastian Zimmel<\/p>\n","protected":false},"excerpt":{"rendered":"<p>In der Fr\u00fchjahrs-Ausgabe trafen wir Hendrik Kelner in der Cidav-Fabrik. Bei einem interessanten Gespr\u00e4ch mit seinem Sohn schildert er uns seine Lebensgeschichte und den Werdegang seiner Zigarrenmanufaktur. Unsere Coverstory widmen wir Christopher Lee, einem britischen Schauspieler, der vor allem durch seine Rolle in \u201eDracula&#8220; bekannt wurde. Seine zweite gro\u00dfe Leidenschaft neben den Biss in sch\u00f6ne<a href=\"https:\/\/www.cigarjournal.com\/de\/vergangene-ausgaben\/fruehjahrs-ausgabe-2007-mister-dracula\/\" title=\"Read more\" >&#8230;<\/a><\/p>\n","protected":false},"author":111,"featured_media":24807,"parent":1229,"menu_order":0,"comment_status":"closed","ping_status":"closed","template":"","meta":{"_mi_skip_tracking":false},"_links":{"self":[{"href":"https:\/\/www.cigarjournal.com\/de\/wp-json\/wp\/v2\/pages\/24806"}],"collection":[{"href":"https:\/\/www.cigarjournal.com\/de\/wp-json\/wp\/v2\/pages"}],"about":[{"href":"https:\/\/www.cigarjournal.com\/de\/wp-json\/wp\/v2\/types\/page"}],"author":[{"embeddable":true,"href":"https:\/\/www.cigarjournal.com\/de\/wp-json\/wp\/v2\/users\/111"}],"replies":[{"embeddable":true,"href":"https:\/\/www.cigarjournal.com\/de\/wp-json\/wp\/v2\/comments?post=24806"}],"version-history":[{"count":0,"href":"https:\/\/www.cigarjournal.com\/de\/wp-json\/wp\/v2\/pages\/24806\/revisions"}],"up":[{"embeddable":true,"href":"https:\/\/www.cigarjournal.com\/de\/wp-json\/wp\/v2\/pages\/1229"}],"wp:featuredmedia":[{"embeddable":true,"href":"https:\/\/www.cigarjournal.com\/de\/wp-json\/wp\/v2\/media\/24807"}],"wp:attachment":[{"href":"https:\/\/www.cigarjournal.com\/de\/wp-json\/wp\/v2\/media?parent=24806"}],"curies":[{"name":"wp","href":"https:\/\/api.w.org\/{rel}","templated":true}]}}