{"id":23824,"date":"2018-11-28T12:08:16","date_gmt":"2018-11-28T11:08:16","guid":{"rendered":"https:\/\/www.cigarjournal.com\/?page_id=23824"},"modified":"2021-07-01T09:35:22","modified_gmt":"2021-07-01T07:35:22","slug":"winter-ausgabe-2009-eccj09-15th-anniversary","status":"publish","type":"page","link":"https:\/\/www.cigarjournal.com\/de\/vergangene-ausgaben\/winter-ausgabe-2009-eccj09-15th-anniversary\/","title":{"rendered":"Winter-Ausgabe 2009 &#8211; ECCJ&#8217;09 15th Anniversary"},"content":{"rendered":"<p><img class=\"alignright wp-image-23832 size-full\" src=\"https:\/\/www.cigarjournal.com\/wp-content\/uploads\/2018\/10\/2009-4-Winter-Edition.jpg\" alt=\"\" width=\"320\" height=\"452\" \/><span style=\"background-color: transparent;\">Die Jubil\u00e4umsausgabe des European Cigar Cult Journal versteht sich als ein Dankesch\u00f6n f\u00fcr unsere Leser, die uns schon seit f\u00fcnfzehn Jahren die Treue geschenkt haben. <\/span><\/p>\n<p><span style=\"background-color: transparent;\">Imperial Tobacco Group PLC ist der gr\u00f6\u00dfte Produzent von Premium Zigarren. Fernando Dom\u00ednguez erz\u00e4hlt uns wie Ihnen der Aufstieg als Marktf\u00fchrer von Premium-Zigarren gelungen ist. <\/span><\/p>\n<p><span style=\"background-color: transparent;\">In weiteren Themen befassen wir uns in der Winter-Ausgabe 2009 mit Pfeifen Tabak von Marc Baren, Zigarren-Hotspots in Barcelona, und einer sensationellen Erfindung Altadis: Zigarren in Aluminiumtuben.<\/span><\/p>\n<p><span style=\"background-color: transparent;\">Wenn Sie diese Ausgabe verpasst haben, k\u00f6nnen Sie sie <\/span><a style=\"background-color: transparent;\" title=\"Vergangene Ausgaben bestellen\" href=\"https:\/\/www.cigarjournal.com\/de\/vergangene-ausgaben-bestellen\/\" target=\"_blank\" rel=\"noopener noreferrer\">einfach nachbestellen.<\/a><\/p>\n<p><strong style=\"background-color: transparent;\">Hier finden Sie eine \u00dcbersicht der Inhalte der Ausgabe 4\/2009.<\/strong><\/p>\n<p><span style=\"background-color: transparent;\">Brilliant in 2009 &#8211; Die 72 Zigarren des Jahres <br \/>Zigarren-News <br \/>Smoky Spirits <br \/>Tasting: Neu in den Regalen <br \/><\/span><a style=\"background-color: transparent;\" title=\"\" href=\"https:\/\/www.cigarjournal.com\/de\/imperial-tobacco-plc\/\" target=\"_blank\" rel=\"noopener noreferrer\">Coverstory: Fernando Dom\u00ednguez, Imperial Tobacco PLC<\/a><span style=\"background-color: transparent;\"> <br \/>Cigar Trophy 2009 &#8211; Dortmund <br \/>City Portrait: Barcelona <br \/>Tobacco &amp; Arts <br \/><\/span>Collector&#8217;s Corner: Kaufen und Investieren?<span style=\"background-color: transparent;\"> <br \/>Holy Smoke: Tabak und Kirche <br \/>Cuba News <br \/>Humidor Corner <br \/><\/span>OpusX &#8211; The Lost City<span style=\"background-color: transparent;\"> <br \/>Altadis: Westentaschen-Helden <br \/>Bovet: Uhren seit 1822 <br \/>Champagner &amp; Zigarre <br \/>Pipe News <br \/>Pfeifen Tabak von Mac Baren <br \/>Next Generation: Uwe Jopp <br \/>Pfeifentabak f\u00fcr Sie geraucht <br \/>Global Cigar Shopper<\/span><\/p>\n","protected":false},"excerpt":{"rendered":"<p>Die Jubil\u00e4umsausgabe des European Cigar Cult Journal versteht sich als ein Dankesch\u00f6n f\u00fcr unsere Leser, die uns schon seit f\u00fcnfzehn Jahren die Treue geschenkt haben. Imperial Tobacco Group PLC ist der gr\u00f6\u00dfte Produzent von Premium Zigarren. Fernando Dom\u00ednguez erz\u00e4hlt uns wie Ihnen der Aufstieg als Marktf\u00fchrer von Premium-Zigarren gelungen ist. In weiteren Themen befassen wir<a href=\"https:\/\/www.cigarjournal.com\/de\/vergangene-ausgaben\/winter-ausgabe-2009-eccj09-15th-anniversary\/\" title=\"Read more\" >&#8230;<\/a><\/p>\n","protected":false},"author":111,"featured_media":23832,"parent":1229,"menu_order":0,"comment_status":"closed","ping_status":"closed","template":"","meta":{"_mi_skip_tracking":false},"_links":{"self":[{"href":"https:\/\/www.cigarjournal.com\/de\/wp-json\/wp\/v2\/pages\/23824"}],"collection":[{"href":"https:\/\/www.cigarjournal.com\/de\/wp-json\/wp\/v2\/pages"}],"about":[{"href":"https:\/\/www.cigarjournal.com\/de\/wp-json\/wp\/v2\/types\/page"}],"author":[{"embeddable":true,"href":"https:\/\/www.cigarjournal.com\/de\/wp-json\/wp\/v2\/users\/111"}],"replies":[{"embeddable":true,"href":"https:\/\/www.cigarjournal.com\/de\/wp-json\/wp\/v2\/comments?post=23824"}],"version-history":[{"count":0,"href":"https:\/\/www.cigarjournal.com\/de\/wp-json\/wp\/v2\/pages\/23824\/revisions"}],"up":[{"embeddable":true,"href":"https:\/\/www.cigarjournal.com\/de\/wp-json\/wp\/v2\/pages\/1229"}],"wp:featuredmedia":[{"embeddable":true,"href":"https:\/\/www.cigarjournal.com\/de\/wp-json\/wp\/v2\/media\/23832"}],"wp:attachment":[{"href":"https:\/\/www.cigarjournal.com\/de\/wp-json\/wp\/v2\/media?parent=23824"}],"curies":[{"name":"wp","href":"https:\/\/api.w.org\/{rel}","templated":true}]}}