{"id":23690,"date":"2018-11-28T12:10:22","date_gmt":"2018-11-28T11:10:22","guid":{"rendered":"https:\/\/www.cigarjournal.com\/?page_id=23690"},"modified":"2021-07-01T09:22:46","modified_gmt":"2021-07-01T07:22:46","slug":"sommer-ausgabe-2009-scandinavian-tobacco-group","status":"publish","type":"page","link":"https:\/\/www.cigarjournal.com\/de\/vergangene-ausgaben\/sommer-ausgabe-2009-scandinavian-tobacco-group\/","title":{"rendered":"Sommer-Ausgabe 2009 &#8211; Scandinavian Tobacco Group"},"content":{"rendered":"<p><img class=\"alignright wp-image-23691 size-full\" src=\"https:\/\/www.cigarjournal.com\/wp-content\/uploads\/2018\/10\/Cigar-Journal-Cover-Summer-2009.jpg\" alt=\"\" width=\"320\" height=\"452\" \/> Das European Cigar Cult Journal feiert 2009 sein 15-j\u00e4hriges Bestehen.<\/p>\n<p>W\u00e4hrend die Anti-Rauchergesetzte rund um den Globus immer strikter werden, entwickelt sich gleichzeitig eine Szene der gehobenen Rauchkultur. European Cigar CultJournal empfiehlt ihnen Rauchsalons in aller Welt.<\/p>\n<p>Die d\u00e4nische Scandinavian Tobacco Group ist ein Global Player im Tabakbusiness. Sie gilt als gr\u00f6\u00dfter Pfeifen-Hersteller in der Welt bei Zigarren als Nummer eins in Europa und weltweit auf Rang drei. Im Gespr\u00e4ch mit dem European Cigar cult Journal steckt Anders Colding Friis, President &amp; CEO, klar sein n\u00e4chstes Ziel: \u201eWir werden Swedish Match \u00fcberholen!&#8220;<\/p>\n<p>Wenn Sie diese Ausgabe verpasst haben, k\u00f6nnen Sie sie <a title=\"Vergangene Ausgaben bestellen\" href=\"https:\/\/www.cigarjournal.com\/de\/vergangene-ausgaben-bestellen\/\" target=\"_blank\" rel=\"noopener noreferrer\">einfach nachbestellen.<\/a><\/p>\n<p><strong>Hier finden Sie eine \u00dcbersicht der Inhalte der Ausgabe 2\/2009.<\/strong><\/p>\n<p>Zigarren-News<br \/>Kommentar: Die Hatz kommt erst nach den Wahlen <br \/>Smoky Spirits <br \/>Sungrown Tasting &#8211; Lass die Sonne rein<br \/><a title=\"Anders Colding Friis, Scandinavian Tobacco Group\" href=\"https:\/\/www.cigarjournal.com\/de\/anders-colding-friis-scandinavian-tobacco-group\/\" target=\"_blank\" rel=\"noopener noreferrer\">Coverstory: Andres Colding Friis &#8211; Skandinavian Tobacco Group<\/a> <br \/>Destination Kanaren: Vulkane, Yachten &amp; Puros <br \/>Tabakprovenienz: Costa Rica <br \/>Cigar Rights of America<br \/>Petition &#8211; Wir wollen Fakten<br \/>Kommentar: Schutz vor Tabakkonsum und Alkoholmissbrauch<br \/>Collector&#8217;s Corner: Vor der Revolution <br \/>Don Diego Cigars <br \/>Macau: Eine neue Zigarrenoase <br \/>Ashton Cigars: Kultsymbole auf allen Linien <br \/>Edici\u00f3nes Regionales Tasting: Exklusive Habanos f\u00fcr exklusive M\u00e4rkte <br \/><a title=\"Cuba News\" href=\"https:\/\/www.cigarjournal.com\/de\/alles-gute-zum-geburtstag-alejandro\/\" target=\"_blank\" rel=\"noopener noreferrer\">Cuba News<\/a> <br \/>Nicotiana: Die Kulturgeschichte des Tabaks <br \/>Oldtimer &amp; Zigarre <br \/>Bell &amp; Ross Uhren <br \/>Next Generation: Junge, Wilde Pfeifenmacher <br \/>Pipe News <br \/>Pfeifentabak f\u00fcr Sie geraucht <br \/>Event R\u00fcckblick <br \/>Events <br \/>Lounges <br \/>Clubs<\/p>\n","protected":false},"excerpt":{"rendered":"<p>Das European Cigar Cult Journal feiert 2009 sein 15-j\u00e4hriges Bestehen. W\u00e4hrend die Anti-Rauchergesetzte rund um den Globus immer strikter werden, entwickelt sich gleichzeitig eine Szene der gehobenen Rauchkultur. European Cigar CultJournal empfiehlt ihnen Rauchsalons in aller Welt. Die d\u00e4nische Scandinavian Tobacco Group ist ein Global Player im Tabakbusiness. Sie gilt als gr\u00f6\u00dfter Pfeifen-Hersteller in der<a href=\"https:\/\/www.cigarjournal.com\/de\/vergangene-ausgaben\/sommer-ausgabe-2009-scandinavian-tobacco-group\/\" title=\"Read more\" >&#8230;<\/a><\/p>\n","protected":false},"author":111,"featured_media":23691,"parent":1229,"menu_order":0,"comment_status":"closed","ping_status":"closed","template":"","meta":{"_mi_skip_tracking":false},"_links":{"self":[{"href":"https:\/\/www.cigarjournal.com\/de\/wp-json\/wp\/v2\/pages\/23690"}],"collection":[{"href":"https:\/\/www.cigarjournal.com\/de\/wp-json\/wp\/v2\/pages"}],"about":[{"href":"https:\/\/www.cigarjournal.com\/de\/wp-json\/wp\/v2\/types\/page"}],"author":[{"embeddable":true,"href":"https:\/\/www.cigarjournal.com\/de\/wp-json\/wp\/v2\/users\/111"}],"replies":[{"embeddable":true,"href":"https:\/\/www.cigarjournal.com\/de\/wp-json\/wp\/v2\/comments?post=23690"}],"version-history":[{"count":0,"href":"https:\/\/www.cigarjournal.com\/de\/wp-json\/wp\/v2\/pages\/23690\/revisions"}],"up":[{"embeddable":true,"href":"https:\/\/www.cigarjournal.com\/de\/wp-json\/wp\/v2\/pages\/1229"}],"wp:featuredmedia":[{"embeddable":true,"href":"https:\/\/www.cigarjournal.com\/de\/wp-json\/wp\/v2\/media\/23691"}],"wp:attachment":[{"href":"https:\/\/www.cigarjournal.com\/de\/wp-json\/wp\/v2\/media?parent=23690"}],"curies":[{"name":"wp","href":"https:\/\/api.w.org\/{rel}","templated":true}]}}