{"id":23514,"date":"2018-11-28T12:09:48","date_gmt":"2018-11-28T11:09:48","guid":{"rendered":"https:\/\/www.cigarjournal.com\/?page_id=23514"},"modified":"2021-07-01T08:51:08","modified_gmt":"2021-07-01T06:51:08","slug":"sommer-ausgabe-2008-neue-zigarrenmarke-winston-churchill","status":"publish","type":"page","link":"https:\/\/www.cigarjournal.com\/de\/vergangene-ausgaben\/sommer-ausgabe-2008-neue-zigarrenmarke-winston-churchill\/","title":{"rendered":"Sommer-Ausgabe 2008 &#8211; Neue Zigarrenmarke: Winston Churchill"},"content":{"rendered":"<p><img class=\"alignright wp-image-23517 size-medium\" src=\"https:\/\/www.cigarjournal.com\/wp-content\/uploads\/2018\/10\/Cigar-Journal-Cover-Somer-2008-500x707.jpg\" alt=\"Cover Somer 2008\" width=\"260\" height=\"368\" srcset=\"https:\/\/www.cigarjournal.com\/wp-content\/uploads\/2018\/10\/Cigar-Journal-Cover-Somer-2008-500x707.jpg 500w, https:\/\/www.cigarjournal.com\/wp-content\/uploads\/2018\/10\/Cigar-Journal-Cover-Somer-2008.jpg 770w, https:\/\/www.cigarjournal.com\/wp-content\/uploads\/2018\/10\/Cigar-Journal-Cover-Somer-2008-600x849.jpg 600w\" sizes=\"(max-width: 260px) 100vw, 260px\" \/> Warum eigentlich Zigarren Sammeln? Cigar Journal startet eine neue Kolumne: Collector&#8217;s Corner. Wir wollen unseren Lesern das professionelle Lagern von Zigarren vermitteln. Au\u00dferdem werden hier Experten f\u00fcrs Cigar Aging vorgestellt, Mythen aufgedeckt und Sammlungen n\u00e4her gebracht.<\/p>\n<p>Unsere Coverstory dreht sich um Winston Churchill: Er war nicht nur der bedeutendste britische Staatsmann im 20. Jahrhundert, sondern auch bekannt f\u00fcr seinen Hang zu Zigarren und feinen Drinks, jetzt widmet Davidoff ihm eine eigene Zigarrenmarke.<\/p>\n<p>Wenn Sie diese Ausgabe verpasst haben, k\u00f6nnen Sie sie <a title=\"Sommer-Ausgabe 2010 \u2013 Rocky Patel: Auf zu neuen Ufern!\" href=\"https:\/\/www.cigarjournal.com\/de\/vergangene-ausgaben\/sommer-ausgabe-2010-rocky-patel-auf-zu-neuen-ufern\/\" target=\"_blank\" rel=\"noopener noreferrer\">einfach nachbestellen.<\/a><\/p>\n<p><strong>Hier finden Sie eine \u00dcbersicht der Inhalte der Ausgabe 2\/2008.<\/strong><\/p>\n<p>Zigarren-News <br \/>Winston Churchill Cigars: Die Geburt einer neuen Zigarrenmarke <br \/>Robusto-Tasting: Das kurze Rauchvergn\u00fcgen <br \/>City Portrait: Bosten <br \/><a title=\"Swedish Match\" href=\"https:\/\/www.cigarjournal.com\/de\/swedish-match-aus-amerikanischer-sicht\/\" target=\"_blank\" rel=\"noopener noreferrer\">Swedish Match Company aus Amerikanischer Sicht<\/a> <br \/>Tabacalera De Garcia &#8211; weltgr\u00f6\u00dfte Zigarrenfabrik <br \/>Cuba-News <br \/>Collector&#8217;s Corner: Warum eigentlich Zigarren sammeln? <br \/>Day Trippin: Tagesausflug mit der Zigarre <br \/>Premium Shortfiller <br \/>De Grisogono: Luxusmarke mit chronometrischen Perspektiven <br \/>Pfeifen-News <br \/>Pfeifentabake f\u00fcr Sie geraucht <br \/>Next Generation: David \u201eBaff&#8220; Wagner <br \/>Zigarren Hotspots in Las Vegas <br \/>Event R\u00fcckblick <br \/>Events <br \/>Lounges <br \/>Clubs<\/p>\n","protected":false},"excerpt":{"rendered":"<p>Warum eigentlich Zigarren Sammeln? Cigar Journal startet eine neue Kolumne: Collector&#8217;s Corner. Wir wollen unseren Lesern das professionelle Lagern von Zigarren vermitteln. Au\u00dferdem werden hier Experten f\u00fcrs Cigar Aging vorgestellt, Mythen aufgedeckt und Sammlungen n\u00e4her gebracht. Unsere Coverstory dreht sich um Winston Churchill: Er war nicht nur der bedeutendste britische Staatsmann im 20. Jahrhundert, sondern<a href=\"https:\/\/www.cigarjournal.com\/de\/vergangene-ausgaben\/sommer-ausgabe-2008-neue-zigarrenmarke-winston-churchill\/\" title=\"Read more\" >&#8230;<\/a><\/p>\n","protected":false},"author":111,"featured_media":23517,"parent":1229,"menu_order":0,"comment_status":"closed","ping_status":"closed","template":"","meta":{"_mi_skip_tracking":false},"_links":{"self":[{"href":"https:\/\/www.cigarjournal.com\/de\/wp-json\/wp\/v2\/pages\/23514"}],"collection":[{"href":"https:\/\/www.cigarjournal.com\/de\/wp-json\/wp\/v2\/pages"}],"about":[{"href":"https:\/\/www.cigarjournal.com\/de\/wp-json\/wp\/v2\/types\/page"}],"author":[{"embeddable":true,"href":"https:\/\/www.cigarjournal.com\/de\/wp-json\/wp\/v2\/users\/111"}],"replies":[{"embeddable":true,"href":"https:\/\/www.cigarjournal.com\/de\/wp-json\/wp\/v2\/comments?post=23514"}],"version-history":[{"count":0,"href":"https:\/\/www.cigarjournal.com\/de\/wp-json\/wp\/v2\/pages\/23514\/revisions"}],"up":[{"embeddable":true,"href":"https:\/\/www.cigarjournal.com\/de\/wp-json\/wp\/v2\/pages\/1229"}],"wp:featuredmedia":[{"embeddable":true,"href":"https:\/\/www.cigarjournal.com\/de\/wp-json\/wp\/v2\/media\/23517"}],"wp:attachment":[{"href":"https:\/\/www.cigarjournal.com\/de\/wp-json\/wp\/v2\/media?parent=23514"}],"curies":[{"name":"wp","href":"https:\/\/api.w.org\/{rel}","templated":true}]}}