{"id":19615,"date":"2018-06-11T11:39:16","date_gmt":"2018-06-11T09:39:16","guid":{"rendered":"https:\/\/www.cigarjournal.com\/?page_id=19615"},"modified":"2021-07-29T13:54:32","modified_gmt":"2021-07-29T11:54:32","slug":"fruehjahrs-ausgabe-2018-joya-de-nicaragua","status":"publish","type":"page","link":"https:\/\/www.cigarjournal.com\/de\/vergangene-ausgaben\/fruehjahrs-ausgabe-2018-joya-de-nicaragua\/","title":{"rendered":"Fr\u00fchjahrs-Ausgabe 2018 &#8211; Joya de Nicaragua"},"content":{"rendered":"<p><a title=\"Newsletter\" href=\"https:\/\/www.cigarjournal.com\/wp-content\/uploads\/2015\/02\/Bild-Newsletter-Retailer.jpg\" rel=\"\"><img class=\"alignright wp-image-19030\" src=\"https:\/\/www.cigarjournal.com\/wp-content\/uploads\/2015\/02\/Bild-Newsletter-Retailer.jpg\" alt=\"\" width=\"300\" height=\"424\" srcset=\"https:\/\/www.cigarjournal.com\/wp-content\/uploads\/2015\/02\/Bild-Newsletter-Retailer.jpg 545w, https:\/\/www.cigarjournal.com\/wp-content\/uploads\/2015\/02\/Bild-Newsletter-Retailer-500x706.jpg 500w\" sizes=\"(max-width: 300px) 100vw, 300px\" \/><\/a>Neben zahlreichen News-Meldungen rund um Neulancierungen, Clubs und Events rund um den Globus, liefern Ihnen unsere Autoren auch in dieser Ausgabe eine geballte Ladung hautnaher Eindr\u00fccke aus der Zigarrenwelt und tiefgreifende Informationen.<\/p>\n<p>Die erste Zigarrenfabrik Nicaraguas, Joya de Nicaragua, feiert ihr 50j\u00e4hriges Bestehen. In diesen f\u00fcnf Jahrzehnten erlebt das Unternehmen eine wechselvolle Geschichte: Nach B\u00fcrgerkrieg, Revolution und US-Embargo bauen die Arbeiter die Fabrik selbst wieder auf. Seit 1994 ist Alejandro Mart\u00ednez Cuenca der Eigent\u00fcmer von Joya de Nicaragua. Mittlerweile leitet Juan Mart\u00ednez, Alejandro Mart\u00ednez Cuencas Sohn, die operativen Gesch\u00e4fte der Manufaktur, unterst\u00fctzt von einem jungen Team mit viel Esprit.<\/p>\n<p>Zug, Abbrand und Asche sind die wesentlichen Faktoren, um eine Zigarre objektiv bewerten zu k\u00f6nnen. Ob die Konstruktion allerdings das wichtigste Kriterium eines Smokes darstellt \u2013 dieser Frage geht unsere Autorin Franca Comparetto auf den Grund.<\/p>\n<p>Sie m\u00f6chten auch w\u00e4hrend Ihrer Reise in Ruhe eine Zigarre genie\u00dfen? Kein Problem! Wir haben f\u00fcr Sie einige St\u00e4dte rund um den Globus besucht und die gem\u00fctlichsten Pl\u00e4tze erkundet. In der neuen Ausgabe f\u00fchren wir Sie in elegante Stores nach Br\u00fcssel und Gent. Weiter geht es nach San Francisco, das trotz strikter Rauchverbotsgesetze mit verborgenen Sch\u00e4tzen aufwartet.<\/p>\n<p>Wenn Sie diese Ausgabe verpasst haben, k\u00f6nnen Sie sie\u00a0<a title=\"Vergangene Ausgaben bestellen\" href=\"https:\/\/www.cigarjournal.com\/de\/vergangene-ausgaben-bestellen\/\" target=\"_blank\" rel=\"noopener noreferrer\">einfach nachbestellen.<\/a><\/p>\n<p><strong>Hier finden Sie eine \u00dcbersicht \u00fcber die Inhalte der Fr\u00fchjahrs-Ausgabe 2018:<\/strong><\/p>\n<p>Zigarren-News <br \/>Top 25 &#8211; Unsere Lieblingszigarren von 2017 <br \/>Alle CSWC-Termine 2018 <br \/>Die Condega-Zigarre <br \/>Casa Gallardo Madrid <br \/>Academia Del Tabaco <br \/><a title=\"Zu Besuch bei Cigar Rings in Nicaragua\" href=\"https:\/\/www.cigarjournal.com\/de\/zu-besuch-bei-cigar-rings-in-nicaragua\" target=\"_blank\" rel=\"noopener noreferrer\">Cigar Rings<\/a> <br \/>Smoky Spirits <br \/>60 Zigarren blind verkostet <br \/><a title=\"Die Geschichte von Joya de Nicaragua\" href=\"https:\/\/www.cigarjournal.com\/de\/joya-de-nicaragua-die-nicaraguanische-ikone\/\" target=\"_blank\" rel=\"noopener noreferrer\">Coverstory: Joya de Nicaragua<\/a> <br \/>Macanudo &amp; Cuervo y Sobrino: Die Zigarrenuhr <br \/>20 Jahre VegaFina<br \/><a title=\"Jochy Balnco\" href=\"https:\/\/www.cigarjournal.com\/de\/jochy-blanco-zigarrenikone-im-hintergrund\/\" target=\"_blank\" rel=\"noopener noreferrer\">Cigar Advisor: Jochy Blanco<\/a> <br \/><a title=\"Paarest Patel Shops\" href=\"https:\/\/www.cigarjournal.com\/de\/paresh-patel-und-sein-havana-house\" target=\"_blank\" rel=\"noopener noreferrer\">Paresh Patels Shops in UK<\/a> <br \/>Inside Cuba: Die Vorleserin Ordalys Lara Reyes <br \/>Test: Wie wichtig ist die Konstruktion einer Zigarre? <br \/><a title=\"Madrids \u00e4ltester Tabakladen\" href=\"https:\/\/www.cigarjournal.com\/de\/cava-de-magallanes-madrids-ikonischer-shop-in-neuem-glanz\/\" target=\"_blank\" rel=\"noopener noreferrer\">Top Shop Madrid: Boh\u00edo de Magallanes<\/a> <br \/><a title=\"Von den Wikingern zu Viking Cigars\" href=\"https:\/\/www.cigarjournal.com\/de\/viking-cigars-zigarren-nach-wikinger-manier\/\" target=\"_blank\" rel=\"noopener noreferrer\">Viking Cigars<\/a> <br \/><a title=\"Antike Humidorrepliken\" href=\"https:\/\/www.cigarjournal.com\/de\/replica-de-humidor-antiguo-historische-humidore-neu-aufgelegt\/\" target=\"_blank\" rel=\"noopener noreferrer\">Sammelleidenschaft: Humidor Antiguo<\/a> <br \/>Roberto Duran Cigars <br \/>Roma Craft <br \/>Don Benigno Cigars <br \/><a title=\"Br\u00fcssel &amp; Gent\" href=\"https:\/\/www.cigarjournal.com\/de\/belgiens-zigarren-hotspots-bruessel-und-gent\/\" target=\"_blank\" rel=\"noopener noreferrer\">Travel Corner Br\u00fcssel &amp; Gent<\/a> <br \/><a title=\"Die Entstehung von Cornelius &amp; Anthony\" href=\"https:\/\/www.cigarjournal.com\/de\/cornelius-anthony-der-weg-einer-tabakfamilie-zur-premiumzigarre\/\" target=\"_blank\" rel=\"noopener noreferrer\">Cornelius &amp; Anthony<\/a> <br \/><a title=\"Mit Zigarren um die Welt reisen\" href=\"https:\/\/www.cigarjournal.com\/de\/die-strassencowboys-der-branche-mit-zigarren-um-den-globus\/\" target=\"_blank\" rel=\"noopener noreferrer\">Job Portrait Sales Manager<\/a> <br \/>Ein Tag im Leben von\u2026 <br \/><a title=\"Cigar Lounges Shops San Francisco\" href=\"https:\/\/www.cigarjournal.com\/de\/die-besten-orte-um-in-san-francisco-zigarre-zu-rauchen\" target=\"_blank\" rel=\"noopener noreferrer\">Travel Corner San Francisco<\/a> <br \/>Cigar Club Mareva Tallinn <br \/><a href=\"https:\/\/www.cigarjournal.com\/de\/crossover-tasting-da-rauchte-die-teetasse\/\" target=\"_blank\" rel=\"noopener noreferrer\">Crossover Tasting: Tee &amp; Zigarre<\/a> <br \/><a href=\"https:\/\/www.cigarjournal.com\/de\/sexy-cocktails-in-berlin\/\" target=\"_blank\" rel=\"noopener noreferrer\">Bars in Berlin<\/a> <br \/>Auf eine Zigarre mit Kirsten Grant<br \/><a title=\"Zigarrenkunst Nuzli Hakiim\" href=\"https:\/\/www.cigarjournal.com\/de\/zigarrenkunst-von-nuzli-hakiim\/\" target=\"_blank\" rel=\"noopener noreferrer\">Nuzli Hakiim, K\u00fcnstler aus Singapur<\/a><\/p>\n","protected":false},"excerpt":{"rendered":"<p>Neben zahlreichen News-Meldungen rund um Neulancierungen, Clubs und Events rund um den Globus, liefern Ihnen unsere Autoren auch in dieser Ausgabe eine geballte Ladung hautnaher Eindr\u00fccke aus der Zigarrenwelt und tiefgreifende Informationen. Die erste Zigarrenfabrik Nicaraguas, Joya de Nicaragua, feiert ihr 50j\u00e4hriges Bestehen. In diesen f\u00fcnf Jahrzehnten erlebt das Unternehmen eine wechselvolle Geschichte: Nach B\u00fcrgerkrieg,<a href=\"https:\/\/www.cigarjournal.com\/de\/vergangene-ausgaben\/fruehjahrs-ausgabe-2018-joya-de-nicaragua\/\" title=\"Read more\" >&#8230;<\/a><\/p>\n","protected":false},"author":30,"featured_media":19613,"parent":1229,"menu_order":0,"comment_status":"closed","ping_status":"closed","template":"","meta":{"_mi_skip_tracking":false},"_links":{"self":[{"href":"https:\/\/www.cigarjournal.com\/de\/wp-json\/wp\/v2\/pages\/19615"}],"collection":[{"href":"https:\/\/www.cigarjournal.com\/de\/wp-json\/wp\/v2\/pages"}],"about":[{"href":"https:\/\/www.cigarjournal.com\/de\/wp-json\/wp\/v2\/types\/page"}],"author":[{"embeddable":true,"href":"https:\/\/www.cigarjournal.com\/de\/wp-json\/wp\/v2\/users\/30"}],"replies":[{"embeddable":true,"href":"https:\/\/www.cigarjournal.com\/de\/wp-json\/wp\/v2\/comments?post=19615"}],"version-history":[{"count":0,"href":"https:\/\/www.cigarjournal.com\/de\/wp-json\/wp\/v2\/pages\/19615\/revisions"}],"up":[{"embeddable":true,"href":"https:\/\/www.cigarjournal.com\/de\/wp-json\/wp\/v2\/pages\/1229"}],"wp:featuredmedia":[{"embeddable":true,"href":"https:\/\/www.cigarjournal.com\/de\/wp-json\/wp\/v2\/media\/19613"}],"wp:attachment":[{"href":"https:\/\/www.cigarjournal.com\/de\/wp-json\/wp\/v2\/media?parent=19615"}],"curies":[{"name":"wp","href":"https:\/\/api.w.org\/{rel}","templated":true}]}}