{"id":1709,"date":"2015-01-09T17:30:31","date_gmt":"2015-01-09T16:30:31","guid":{"rendered":"http:\/\/www.cigartrophy.com\/?page_id=1709"},"modified":"2018-11-05T10:45:11","modified_gmt":"2018-11-05T09:45:11","slug":"anzeigen-print","status":"publish","type":"page","link":"https:\/\/www.cigarjournal.com\/de\/anzeigen-print\/","title":{"rendered":"Anzeigen Print"},"content":{"rendered":"<p>&nbsp;<\/p>\n<p>&nbsp;<\/p>\n<p>Das Cigar Journal z\u00e4hlt zu den <a href=\"https:\/\/www.cigarjournal.com\/de\/ueber-das-magazin\/\" title=\"\u00dcber das Magazin\" rel=\"\">anerkanntesten Zigarrenmagazinen der Welt<\/a>. Vier mal j\u00e4hrlich bieten unsere erfahrenen Journalisten Lesern in \u00fcber 50 L\u00e4ndern weltweit Stories, Einblicke und Informationen rund um die Zigarre.<\/p>\n<p>Fordern Sie unsere aktuellen Mediadaten an, um Informationen zu den vielf\u00e4ltigen M\u00f6glichkeiten der Printwerbung im Cigar Journal zu erhalten.<\/p>\n<p>Wir freuen uns auf Ihre Kontaktaufnahme an <a href=\"&#x6d;&#97;&#105;&#108;&#116;&#x6f;&#58;&#97;&#100;&#115;&#x40;&#99;&#x69;&#x67;&#x61;&#x72;&#106;&#111;&#117;&#114;&#110;&#x61;&#108;&#46;&#99;&#111;&#109;\">ads@cigarjournal.com<\/a>.<\/p>\n<p>&nbsp;<\/p>\n<p>P.S.: Fragen Sie auch nach unseren Angeboten zur Onlinewerbung auf <a href=\"https:\/\/www.cigarjournal.com\" title=\"Cigar Journal\" rel=\"\">www.cigarjournal.com<\/a>, um eine maximale Reichweite Ihrer Marketingstrategien zu erreichen.<\/p>\n<p>&nbsp;<\/p>\n","protected":false},"excerpt":{"rendered":"<p>&nbsp; &nbsp; Das Cigar Journal z\u00e4hlt zu den anerkanntesten Zigarrenmagazinen der Welt. Vier mal j\u00e4hrlich bieten unsere erfahrenen Journalisten Lesern in \u00fcber 50 L\u00e4ndern weltweit Stories, Einblicke und Informationen rund um die Zigarre. Fordern Sie unsere aktuellen Mediadaten an, um Informationen zu den vielf\u00e4ltigen M\u00f6glichkeiten der Printwerbung im Cigar Journal zu erhalten. Wir freuen uns<a href=\"https:\/\/www.cigarjournal.com\/de\/anzeigen-print\/\" title=\"Read more\" >&#8230;<\/a><\/p>\n","protected":false},"author":30,"featured_media":2661,"parent":0,"menu_order":0,"comment_status":"closed","ping_status":"closed","template":"","meta":{"_mi_skip_tracking":false},"_links":{"self":[{"href":"https:\/\/www.cigarjournal.com\/de\/wp-json\/wp\/v2\/pages\/1709"}],"collection":[{"href":"https:\/\/www.cigarjournal.com\/de\/wp-json\/wp\/v2\/pages"}],"about":[{"href":"https:\/\/www.cigarjournal.com\/de\/wp-json\/wp\/v2\/types\/page"}],"author":[{"embeddable":true,"href":"https:\/\/www.cigarjournal.com\/de\/wp-json\/wp\/v2\/users\/30"}],"replies":[{"embeddable":true,"href":"https:\/\/www.cigarjournal.com\/de\/wp-json\/wp\/v2\/comments?post=1709"}],"version-history":[{"count":0,"href":"https:\/\/www.cigarjournal.com\/de\/wp-json\/wp\/v2\/pages\/1709\/revisions"}],"wp:featuredmedia":[{"embeddable":true,"href":"https:\/\/www.cigarjournal.com\/de\/wp-json\/wp\/v2\/media\/2661"}],"wp:attachment":[{"href":"https:\/\/www.cigarjournal.com\/de\/wp-json\/wp\/v2\/media?parent=1709"}],"curies":[{"name":"wp","href":"https:\/\/api.w.org\/{rel}","templated":true}]}}