{"id":1692,"date":"2015-01-09T17:14:33","date_gmt":"2015-01-09T16:14:33","guid":{"rendered":"http:\/\/www.cigartrophy.com\/?page_id=1692"},"modified":"2024-12-11T12:13:58","modified_gmt":"2024-12-11T11:13:58","slug":"impressum","status":"publish","type":"page","link":"https:\/\/www.cigarjournal.com\/de\/ueber\/impressum\/","title":{"rendered":"Impressum"},"content":{"rendered":"<h3>Herausgeber<\/h3>\n<p>Cigar Journal, LLC 5600 NW 72nd Ave, Miami, PO Box 162300 | Miami, Florida 33116-9977 U.S.A.<\/p>\n<p class=\"p1\"><a href=\"https:\/\/shop.cigarjournal.com\/\"><strong>WEBSHOP<\/strong><\/a><\/p>\n<p class=\"p1\"><b>F\u00fcr Verk\u00e4ufe in EUR:<\/b> Select Media GmbH, Wiener Strasse 134, 3400 Klosterneuburg, <span class=\"s1\">FN 356604 v, E-Mail: <a href=\"mailto:office@selectmedia.at\">office@selectmedia.at<\/a><\/span><\/p>\n<p class=\"p4\"><span class=\"s3\"><b>F\u00fcr Verk\u00e4ufe in US$:<\/b> <\/span><span class=\"s4\">Cigar Journal, LLC<\/span><span class=\"s2\">, <\/span><span class=\"s4\">5600 NW 72nd Ave, Miami, PO Box 162300 | Miami, Florida 33116-9977 U.S.A., E-Mail: <a href=\"mailto:office@cigarjournal.com\">office@cigarjournal.com<\/a><\/span><\/p>\n<h3>Redaktion Asia-Pacific<\/h3>\n<p>Samuel Spurr | <a title=\"E-Mail\" href=\"mailto:%73%70%75%72%72%40%63%69%67%61%72%6A%6F%75%72%6E%61%6C%2E%63%6F \">spurr@cigarjournal.com<\/a><br \/>\nJorge Tapies | <a href=\"mailto:tapies@cigarjournal.com\" rel=\"\">tapies@cigarjournal.com<\/a><\/p>\n<h3>Redaktion Deutschland<\/h3>\n<p>Jens Tausch | <a title=\"E-Mail\" href=\"mailto:%74%61%75%73%63%68%40%63%69%67%61%72%6A%6F%75%72%6E%61%6C%2E%63%6F \">tausch@cigarjournal.com<\/a><\/p>\n<h3>Redaktion Gro\u00dfbritannien<\/h3>\n<p>Nick Hammond | <a title=\"E-Mail\" href=\"mailto:%68%61%6D%6D%6F%6E%64%40%63%69%67%61%72%6A%6F%75%72%6E%61%6C%2E%63%6F \">hammond@cigarjournal.com<\/a><\/p>\n<h3>Redaktion Frankreich<\/h3>\n<p>Guillaume Tesson | <a title=\"E-Mail\" href=\"mailto:%74%65%73%73%6F%6E%40%63%69%67%61%72%6A%6F%75%72%6E%61%6C%2E%63%6F \">tesson@cigarjournal.com<\/a><\/p>\n<h3>Redaktion Lateinamerika<\/h3>\n<p>Alexandre Avellar | <a title=\"Email\" href=\"mailto:avellar@cigarjournal.com\" rel=\"\">avellar@cigarjournal.com<\/a><\/p>\n<h3>Redaktion Skandinavien<\/h3>\n<p>Simon Lundh | <a title=\"E-Mail\" href=\"mailto:%6C%75%6E%64%68%40%63%69%67%61%72%6A%6F%75%72%6E%61%6C%2E%63%6F \">lundh@cigarjournal.com<\/a><\/p>\n<h3>Redaktion Spanien<\/h3>\n<p>Javier Blanco Urgoiti | <a href=\"mailto:jblancourgoiti@gmail.com\" rel=\"\">jblancourgoiti@gmail.com<\/a><\/p>\n<h3>Redaktion USA<\/h3>\n<p>Vincent Duran | <a title=\"Email\" href=\"mailto:vincent@cigarjournal.com\" rel=\"\">vincent@cigarjournal.com<\/a><\/p>\n<h3>Internationale redaktionelle Koordination<\/h3>\n<p><a title=\"Email\" href=\"mailto:office@cigarjournal.com\" rel=\"\">office@cigarjournal.com<\/a><\/p>\n<h3>Team<\/h3>\n<p>Chefredaktion, Katja Gnann |\u00a0<a title=\"Email\" href=\"mailto:gnann@cigarjournal.com\" rel=\"\">gnann@cigarjournal.com<\/a> &amp; Reinhold C. Widmayer |\u00a0<a href=\"mailto:widmayer@cigarjournal.com\" rel=\"\">widmayer@cigarjournal.com<\/a><br \/>\nOnline Editor, Jakob Gnann | <a href=\"mailto:jakob@cigarjournal.com\" rel=\"\">jakob@cigarjournal.com<\/a><br \/>\nTasting-Koordination, Nikolaus Zoufaly | <a href=\"mailto:tasting@cigarjournal.com\" rel=\"\">tasting@cigarjournal.com<\/a><br \/>\nBack Office, Selina Vavruska | <a href=\"mailto:vavruska@cigarjournal.com\" rel=\"\">vavruska@cigarjournal.com<\/a><\/p>\n<h3>\u00dcbersetzer &amp; Lektorat<\/h3>\n<p>Elisa Garz\u00f3n Vecino | Andrea Schellner | Lena Schotkowsky | My Hu\u00ea McGowran | Stefania Schenk Vitale | Frieda Depamelaere | Kathryn Henning | Arnd Heilmann<\/p>\n<h3>Subscription &amp; Retailer Services<\/h3>\n<p>Vincent Duran, Nordamerika | <a title=\"Email\" href=\"mailto:vincent@cigarjournal.com\" rel=\"\">vincent@cigarjournal.com<\/a><br \/>\nSelina Vavruska, Europa &amp; Mittlerer Osten | <a href=\"mailto:vavruska@cigarjournal.com\" rel=\"\">vavruska@cigarjournal.com<\/a><br \/>\nSamuel Spurr, Asia-Pacific |<a title=\"Email\" href=\"mailto:spurr@cigarjournal.com\" rel=\"\"> spurr@cigarjournal.com<\/a><\/p>\n<h3>Anzeigenverkauf<\/h3>\n<p>Airpage AG, Schweiz | <a title=\"Email\" href=\"mailto:office@airpage.ch\" rel=\"\">office@airpage.ch<\/a><\/p>\n","protected":false},"excerpt":{"rendered":"<p>Herausgeber Cigar Journal, LLC 5600 NW 72nd Ave, Miami, PO Box 162300 | Miami, Florida 33116-9977 U.S.A. WEBSHOP F\u00fcr Verk\u00e4ufe in EUR: Select Media GmbH, Wiener Strasse 134, 3400 Klosterneuburg, FN 356604 v, E-Mail: office@selectmedia.at F\u00fcr Verk\u00e4ufe in US$: Cigar Journal, LLC, 5600 NW 72nd Ave, Miami, PO Box 162300 | Miami, Florida 33116-9977 U.S.A.,<a href=\"https:\/\/www.cigarjournal.com\/de\/ueber\/impressum\/\" title=\"Read more\" >&#8230;<\/a><\/p>\n","protected":false},"author":30,"featured_media":24509,"parent":341,"menu_order":0,"comment_status":"closed","ping_status":"closed","template":"","meta":{"_mi_skip_tracking":false},"_links":{"self":[{"href":"https:\/\/www.cigarjournal.com\/de\/wp-json\/wp\/v2\/pages\/1692"}],"collection":[{"href":"https:\/\/www.cigarjournal.com\/de\/wp-json\/wp\/v2\/pages"}],"about":[{"href":"https:\/\/www.cigarjournal.com\/de\/wp-json\/wp\/v2\/types\/page"}],"author":[{"embeddable":true,"href":"https:\/\/www.cigarjournal.com\/de\/wp-json\/wp\/v2\/users\/30"}],"replies":[{"embeddable":true,"href":"https:\/\/www.cigarjournal.com\/de\/wp-json\/wp\/v2\/comments?post=1692"}],"version-history":[{"count":3,"href":"https:\/\/www.cigarjournal.com\/de\/wp-json\/wp\/v2\/pages\/1692\/revisions"}],"predecessor-version":[{"id":69741,"href":"https:\/\/www.cigarjournal.com\/de\/wp-json\/wp\/v2\/pages\/1692\/revisions\/69741"}],"up":[{"embeddable":true,"href":"https:\/\/www.cigarjournal.com\/de\/wp-json\/wp\/v2\/pages\/341"}],"wp:featuredmedia":[{"embeddable":true,"href":"https:\/\/www.cigarjournal.com\/de\/wp-json\/wp\/v2\/media\/24509"}],"wp:attachment":[{"href":"https:\/\/www.cigarjournal.com\/de\/wp-json\/wp\/v2\/media?parent=1692"}],"curies":[{"name":"wp","href":"https:\/\/api.w.org\/{rel}","templated":true}]}}