{"id":1638,"date":"2015-01-09T14:40:32","date_gmt":"2015-01-09T13:40:32","guid":{"rendered":"http:\/\/www.cigartrophy.com\/?page_id=1638"},"modified":"2022-11-08T19:16:13","modified_gmt":"2022-11-08T18:16:13","slug":"cigar-shop-finder-de","status":"publish","type":"page","link":"https:\/\/www.cigarjournal.com\/de\/connect\/cigar-shop-finder-de\/","title":{"rendered":"Cigar Shop Finder"},"content":{"rendered":"<p><img class=\"alignnone size-full wp-image-1185\" src=\"https:\/\/www.cigarjournal.com\/wp-content\/uploads\/2014\/12\/cigar_journal_cover_14_4.jpg\" alt=\"cigar_journal_cover_14_4\" width=\"1024\" height=\"641\" srcset=\"https:\/\/www.cigarjournal.com\/wp-content\/uploads\/2014\/12\/cigar_journal_cover_14_4.jpg 1024w, https:\/\/www.cigarjournal.com\/wp-content\/uploads\/2014\/12\/cigar_journal_cover_14_4-500x312.jpg 500w, https:\/\/www.cigarjournal.com\/wp-content\/uploads\/2014\/12\/cigar_journal_cover_14_4-770x482.jpg 770w\" sizes=\"(max-width: 1024px) 100vw, 1024px\" \/> \u00a0 In unserem Cigar Shop Finder haben wir Informationen zu \u00fcber 8000 Tabakfachh\u00e4ndler in Nordamerika und Europa f\u00fcr Sie zusammengetragen. Hier finden Sie Kontaktdaten und Adressen der besten Fachh\u00e4ndler der Welt, egal, ob Sie auf Reisen sind oder nach Zigarrengesch\u00e4ften in Ihrer N\u00e4he suchen. \u00a0 Mit diesem Link gelangen Sie zu unserem Cigar Shop Finder:\u00a0<a href=\"https:\/\/www.cigarjournal.com\/cj-retailer-regions\/\" target=\"_blank\" rel=\"noopener noreferrer\">Tabakfachh\u00e4ndler weltweit<\/a> \u00a0 Fachh\u00e4ndler nicht gelistet? Wir freuen uns \u00fcber eine E-Mail mit Ihren Anmerkungen an <a title=\"E-Mail\" href=\"mailto:office@cigarjournal.com\" rel=\"\">office@cigarjournal.com<\/a><\/p>\n","protected":false},"excerpt":{"rendered":"<p>\u00a0 In unserem Cigar Shop Finder haben wir Informationen zu \u00fcber 8000 Tabakfachh\u00e4ndler in Nordamerika und Europa f\u00fcr Sie zusammengetragen. Hier finden Sie Kontaktdaten und Adressen der besten Fachh\u00e4ndler der Welt, egal, ob Sie auf Reisen sind oder nach Zigarrengesch\u00e4ften in Ihrer N\u00e4he suchen. \u00a0 Mit diesem Link gelangen Sie zu unserem Cigar Shop Finder:\u00a0Tabakfachh\u00e4ndler<a href=\"https:\/\/www.cigarjournal.com\/de\/connect\/cigar-shop-finder-de\/\" title=\"Read more\" >&#8230;<\/a><\/p>\n","protected":false},"author":30,"featured_media":4238,"parent":1577,"menu_order":0,"comment_status":"closed","ping_status":"closed","template":"","meta":{"_mi_skip_tracking":false},"_links":{"self":[{"href":"https:\/\/www.cigarjournal.com\/de\/wp-json\/wp\/v2\/pages\/1638"}],"collection":[{"href":"https:\/\/www.cigarjournal.com\/de\/wp-json\/wp\/v2\/pages"}],"about":[{"href":"https:\/\/www.cigarjournal.com\/de\/wp-json\/wp\/v2\/types\/page"}],"author":[{"embeddable":true,"href":"https:\/\/www.cigarjournal.com\/de\/wp-json\/wp\/v2\/users\/30"}],"replies":[{"embeddable":true,"href":"https:\/\/www.cigarjournal.com\/de\/wp-json\/wp\/v2\/comments?post=1638"}],"version-history":[{"count":0,"href":"https:\/\/www.cigarjournal.com\/de\/wp-json\/wp\/v2\/pages\/1638\/revisions"}],"up":[{"embeddable":true,"href":"https:\/\/www.cigarjournal.com\/de\/wp-json\/wp\/v2\/pages\/1577"}],"wp:featuredmedia":[{"embeddable":true,"href":"https:\/\/www.cigarjournal.com\/de\/wp-json\/wp\/v2\/media\/4238"}],"wp:attachment":[{"href":"https:\/\/www.cigarjournal.com\/de\/wp-json\/wp\/v2\/media?parent=1638"}],"curies":[{"name":"wp","href":"https:\/\/api.w.org\/{rel}","templated":true}]}}