{"id":1549,"date":"2014-12-22T17:01:54","date_gmt":"2014-12-22T16:01:54","guid":{"rendered":"http:\/\/www.cigartrophy.com\/?page_id=1549"},"modified":"2016-03-17T16:59:54","modified_gmt":"2016-03-17T15:59:54","slug":"cigar-trophy","status":"publish","type":"page","link":"https:\/\/www.cigarjournal.com\/de\/cigar-trophy\/","title":{"rendered":"Cigar Trophy"},"content":{"rendered":"<p>&nbsp;<\/p>\n<p>Seit der erstmaligen Verleihung der Cigar Trophys im Jahr 1998 etablierten sich die vom Cigar Journal verliehenen Auszeichnungen als die begehrtesten Anerkennungen f\u00fcr au\u00dfergew\u00f6hnliche Zigarren, Marken und Dienste in der Welt der Zigarre.<\/p>\n<p>Seit 2013 obliegt es nicht mehr allein der Jury des Cigar Journals, die Preistr\u00e4ger der anerkannten Auszeichnungen zu ermitteln: in den Kategorien Best Brand, Best Cigar, Best Value und Best Accessory k\u00f6nnen Leserinnen und Leser des Magazins erst Nominierungen abgeben und dann in einer anschlie\u00dfenden Votingphase selbst dar\u00fcber entscheiden, welchen Herstellern die W\u00fcrdigungen zuteil werden sollen.<\/p>\n<p>\u00dcber nur wenige Kategorien entscheidet die Redaktion selbst: Die Auswahl zur Auszeichnungen f\u00fcr au\u00dfergew\u00f6hnliches Artwork, karitative Projekte, f\u00fcr Interessenvertretungen und f\u00fcr den Lifetime Achievement beh\u00e4lt sich die Jury selbst vor.<\/p>\n","protected":false},"excerpt":{"rendered":"<p>&nbsp; Seit der erstmaligen Verleihung der Cigar Trophys im Jahr 1998 etablierten sich die vom Cigar Journal verliehenen Auszeichnungen als die begehrtesten Anerkennungen f\u00fcr au\u00dfergew\u00f6hnliche Zigarren, Marken und Dienste in der Welt der Zigarre. Seit 2013 obliegt es nicht mehr allein der Jury des Cigar Journals, die Preistr\u00e4ger der anerkannten Auszeichnungen zu ermitteln: in den<a href=\"https:\/\/www.cigarjournal.com\/de\/cigar-trophy\/\" title=\"Read more\" >&#8230;<\/a><\/p>\n","protected":false},"author":30,"featured_media":10973,"parent":0,"menu_order":0,"comment_status":"closed","ping_status":"closed","template":"","meta":{"_mi_skip_tracking":false},"_links":{"self":[{"href":"https:\/\/www.cigarjournal.com\/de\/wp-json\/wp\/v2\/pages\/1549"}],"collection":[{"href":"https:\/\/www.cigarjournal.com\/de\/wp-json\/wp\/v2\/pages"}],"about":[{"href":"https:\/\/www.cigarjournal.com\/de\/wp-json\/wp\/v2\/types\/page"}],"author":[{"embeddable":true,"href":"https:\/\/www.cigarjournal.com\/de\/wp-json\/wp\/v2\/users\/30"}],"replies":[{"embeddable":true,"href":"https:\/\/www.cigarjournal.com\/de\/wp-json\/wp\/v2\/comments?post=1549"}],"version-history":[{"count":0,"href":"https:\/\/www.cigarjournal.com\/de\/wp-json\/wp\/v2\/pages\/1549\/revisions"}],"wp:featuredmedia":[{"embeddable":true,"href":"https:\/\/www.cigarjournal.com\/de\/wp-json\/wp\/v2\/media\/10973"}],"wp:attachment":[{"href":"https:\/\/www.cigarjournal.com\/de\/wp-json\/wp\/v2\/media?parent=1549"}],"curies":[{"name":"wp","href":"https:\/\/api.w.org\/{rel}","templated":true}]}}