{"id":15361,"date":"2017-04-04T15:34:08","date_gmt":"2017-04-04T13:34:08","guid":{"rendered":"https:\/\/www.cigarjournal.com\/?page_id=15361\/"},"modified":"2026-01-20T14:52:22","modified_gmt":"2026-01-20T13:52:22","slug":"tastingpanel","status":"publish","type":"page","link":"https:\/\/www.cigarjournal.com\/de\/ueber\/tastingpanel\/","title":{"rendered":"Tastingpanel"},"content":{"rendered":"<div id=\"attachment_13045\" style=\"width: 780px\" class=\"wp-caption alignnone\"><img aria-describedby=\"caption-attachment-13045\" class=\"size-full wp-image-13045\" src=\"https:\/\/www.cigarjournal.com\/wp-content\/uploads\/2016\/11\/cigar-journal-blind-tasting-panel-rating.jpg\" alt=\"Cigar Journal Blind Tasting\" width=\"770\" height=\"578\" srcset=\"https:\/\/www.cigarjournal.com\/wp-content\/uploads\/2016\/11\/cigar-journal-blind-tasting-panel-rating.jpg 770w, https:\/\/www.cigarjournal.com\/wp-content\/uploads\/2016\/11\/cigar-journal-blind-tasting-panel-rating-500x375.jpg 500w, https:\/\/www.cigarjournal.com\/wp-content\/uploads\/2016\/11\/cigar-journal-blind-tasting-panel-rating-600x450.jpg 600w\" sizes=\"(max-width: 770px) 100vw, 770px\" \/><\/p>\n<p id=\"caption-attachment-13045\" class=\"wp-caption-text\">Photo: Isabella Petricek<\/p>\n<\/div>\n<p>F\u00fcr die Bewertungen von Zigarren im Cigar Journal verlassen wir uns auf die Expertise zahlreicher ge\u00fcbter Raucher aus unterschiedlichen L\u00e4ndern. In sogenannten Blindverkostungen bei denen die Zigarrenringe entfernt, und somit keine R\u00fcckschl\u00fcsse auf die Identit\u00e4t einer Zigarre gezogen werden k\u00f6nnen, verkosten sie dutzende Zigarren mit einem normierten Bewertungsprotokoll. Damit m\u00f6chten wir sicherstellen, dass so wenig Beinflussung wie m\u00f6glich auf die Rauchwahrnehmung stattfindet. Die schlussendlich im Magazin erscheinende Bewertung ist eine Zusammenfassung von 15 individuellen Evaluierungen, die unsere Mitglieder f\u00fcr eine Zigarre abgegeben haben.<\/p>\n<p><strong>Die folgenden Personen wirken regelm\u00e4\u00dfig an den Blindverkostungen f\u00fcr das Cigar Journal mit:<\/strong><\/p>\n<p>Ryota Amagai (JP)<br \/>\nRoland Ballner (AT)<br \/>\nRoko Bekavac (HR)<br \/>\nJavier Blanco Urgoiti (ES)<br \/>\nReinhard\u00a0 B\u00f6senkopf (AT)<br \/>\nValerie Bradshaw (CA)<br \/>\nAlexander Br\u00e4ndle (DE)<br \/>\nJan Braun (CZ)<br \/>\nAniello Buonincontro (IT)<br \/>\nRay Callejas (US)<br \/>\nDarren Cioffi (US)<br \/>\nFranca Comparetto (IT)<br \/>\nJaime de Juana (ES)<br \/>\nAndres Diaz Cote (CO)<br \/>\nFrank Ehrlich (US)<br \/>\nManuel Fr\u00f6hlich (CH)<br \/>\nJohann Gall\u00e9e (AT)<br \/>\nDavid Garofalo (US)<br \/>\nPeter Gaudenzi (AT)<br \/>\nJavier Gil (CH)<br \/>\nKatja Gnann (DE)<br \/>\nEnrico Gunde (DE)<br \/>\nPeter Hallwyler (CH)<br \/>\nMichael S. Hamilos (CH)<br \/>\nNick Hammond (GB)<br \/>\nErcan Hazar (AT)<br \/>\nMikael Hellquist (SE)<br \/>\nPeter Hemmer (DE)<br \/>\nRichard Hemzal (AT)<br \/>\nWolfram H\u00f6flinger (AT)<br \/>\nDavid\u00a0 H\u00f6rl (AT)<br \/>\nDidier Houvenaghel (SGP)<br \/>\nKlaus Hruby (AT)<br \/>\nGino Iannillo (IT)<br \/>\nMirko Ivanic (AT)<br \/>\nPeter Jekov (GB)<br \/>\nMr. Jonathan (Barbeau) (US)<br \/>\nPhilippe\u00a0 Juliam\u00a0 (BE)<br \/>\nSari Juntunen (FIN)<br \/>\nMerja Juselius (SE)<br \/>\nJozef Kalafus (SK)<br \/>\n\u00d8ystein Kleven (NO)<br \/>\nRoland Krammer (AT)<br \/>\nReto Kuhn (CH)<br \/>\nLucie Lorenzov\u00e1 (CZ)<br \/>\nRobert Lunak (AT)<br \/>\nHugo Meeussen (BE)<br \/>\nStella Motyka Schipany (SK)<br \/>\nMase Murangi (GB)<br \/>\nNobuhiro Nakamura (JP)<br \/>\nGerman Nunez (US)<br \/>\nAndr\u00e9 Odermatt (CH)<br \/>\nPatrick Ortner (AT)<br \/>\nJohn Paletta (US)<br \/>\nDina Park-Matsas (US)<br \/>\nPetteri Patjas (FI)<br \/>\nMarc Peter (CH)<br \/>\nHeiko Poerz (DE)<br \/>\nReinhard Pohorec (AT)<br \/>\nRay Prodanov (GB)<br \/>\nAldo Puncioni (IT)<br \/>\nTimo Rau (DE)<br \/>\nIvo Rehberger (CZ)<br \/>\nSam Reuter (LU)<br \/>\nMartin Socha (CZ)<br \/>\nHeinz Steltzer (AT)<br \/>\nEd Sullivan (US)<br \/>\nJorge Tapies (ES)<br \/>\nFrancis Vandenheuvel (BE)<br \/>\nAndr\u00e9 Veiby (NO)<br \/>\nJeff Verreyken (BE)<br \/>\nBen Vinken (BE)<br \/>\nRen\u00e9 Wagner (CH)<br \/>\nOliver Walla (AT)<br \/>\nFelix Wallenhorst (DE)<br \/>\nMarco Weber (CH)<br \/>\nStefan Weikamp (DE)<br \/>\nSteven Weinberg (US)<br \/>\nDavid Wells (US)<br \/>\nReinhold Widmayer (AT)<br \/>\nClaudia Wiemer (DE)<br \/>\nThomas Wimmer (AT)<br \/>\nChristian Winkler (AT)<\/p>\n","protected":false},"excerpt":{"rendered":"<p>F\u00fcr die Bewertungen von Zigarren im Cigar Journal verlassen wir uns auf die Expertise zahlreicher ge\u00fcbter Raucher aus unterschiedlichen L\u00e4ndern. In sogenannten Blindverkostungen bei denen die Zigarrenringe entfernt, und somit keine R\u00fcckschl\u00fcsse auf die Identit\u00e4t einer Zigarre gezogen werden k\u00f6nnen, verkosten sie dutzende Zigarren mit einem normierten Bewertungsprotokoll. Damit m\u00f6chten wir sicherstellen, dass so wenig<a href=\"https:\/\/www.cigarjournal.com\/de\/ueber\/tastingpanel\/\" title=\"Read more\" >&#8230;<\/a><\/p>\n","protected":false},"author":30,"featured_media":15372,"parent":341,"menu_order":0,"comment_status":"closed","ping_status":"closed","template":"","meta":{"_mi_skip_tracking":false},"_links":{"self":[{"href":"https:\/\/www.cigarjournal.com\/de\/wp-json\/wp\/v2\/pages\/15361"}],"collection":[{"href":"https:\/\/www.cigarjournal.com\/de\/wp-json\/wp\/v2\/pages"}],"about":[{"href":"https:\/\/www.cigarjournal.com\/de\/wp-json\/wp\/v2\/types\/page"}],"author":[{"embeddable":true,"href":"https:\/\/www.cigarjournal.com\/de\/wp-json\/wp\/v2\/users\/30"}],"replies":[{"embeddable":true,"href":"https:\/\/www.cigarjournal.com\/de\/wp-json\/wp\/v2\/comments?post=15361"}],"version-history":[{"count":4,"href":"https:\/\/www.cigarjournal.com\/de\/wp-json\/wp\/v2\/pages\/15361\/revisions"}],"predecessor-version":[{"id":74652,"href":"https:\/\/www.cigarjournal.com\/de\/wp-json\/wp\/v2\/pages\/15361\/revisions\/74652"}],"up":[{"embeddable":true,"href":"https:\/\/www.cigarjournal.com\/de\/wp-json\/wp\/v2\/pages\/341"}],"wp:featuredmedia":[{"embeddable":true,"href":"https:\/\/www.cigarjournal.com\/de\/wp-json\/wp\/v2\/media\/15372"}],"wp:attachment":[{"href":"https:\/\/www.cigarjournal.com\/de\/wp-json\/wp\/v2\/media?parent=15361"}],"curies":[{"name":"wp","href":"https:\/\/api.w.org\/{rel}","templated":true}]}}