{"id":13923,"date":"2017-01-25T14:05:19","date_gmt":"2017-01-25T13:05:19","guid":{"rendered":"https:\/\/www.cigarjournal.com\/?page_id=13923\/"},"modified":"2021-06-30T09:16:52","modified_gmt":"2021-06-30T07:16:52","slug":"fruehjahrs-ausgabe-2016-vahe-gerard-airkel","status":"publish","type":"page","link":"https:\/\/www.cigarjournal.com\/de\/vergangene-ausgaben\/fruehjahrs-ausgabe-2016-vahe-gerard-airkel\/","title":{"rendered":"Fr\u00fchjahrs-Ausgabe 2016 \u2013 Vah\u00e9 G\u00e9rards Airkel"},"content":{"rendered":"<p><img class=\"alignright size-medium wp-image-13925\" src=\"https:\/\/www.cigarjournal.com\/wp-content\/uploads\/2017\/01\/cigar-journal-cover-vahe-gerard-airkel-spring-2016-500x698.jpg\" alt=\"\" width=\"260\" height=\"363\" srcset=\"https:\/\/www.cigarjournal.com\/wp-content\/uploads\/2017\/01\/cigar-journal-cover-vahe-gerard-airkel-spring-2016-500x698.jpg 500w, https:\/\/www.cigarjournal.com\/wp-content\/uploads\/2017\/01\/cigar-journal-cover-vahe-gerard-airkel-spring-2016.jpg 770w, https:\/\/www.cigarjournal.com\/wp-content\/uploads\/2017\/01\/cigar-journal-cover-vahe-gerard-airkel-spring-2016-600x838.jpg 600w\" sizes=\"(max-width: 260px) 100vw, 260px\" \/> Titelheld ist in unserer Fr\u00fchjahrsausgabe Vah\u00e9 G\u00e9rard, Erfinder eines einzigartigen Bel\u00fcftungssystems f\u00fcr Lounges. Airkel ist ein ultraeffektives L\u00fcftungssystem, das mithilfe zahlreicher winziger L\u00f6cher in Boden und Decke die Raumluft austauscht. Alle zwei Minuten kommt es so zu einem hundertprozentigen Luftwechsel. CJ-Autor Simon Lundh sprach mit der &#8222;Guayabera Lady&#8220; Berta Bravo \u00fcber die beliebten karibischen Hemden, und reiste ohne gro\u00dfer Vorplanung in Kuba von Ort zu Ort.<\/p>\n<p>In einem eigenen Spezialtasting verkostete unser Panel die Ediciones Regionales 2014. F\u00fcr das regul\u00e4re Tasting haben wir wieder sechzig Zigarren blind f\u00fcr Sie geraucht.<\/p>\n<p>Wenn Sie diese Ausgabe verpasst haben, k\u00f6nnen Sie sie <a title=\"Vergangene Ausgaben bestellen\" href=\"https:\/\/www.cigarjournal.com\/de\/vergangene-ausgaben-bestellen\/\" target=\"_blank\" rel=\"noopener noreferrer\">einfach nachbestellen.<\/a><\/p>\n<p><strong>Hier finden Sie eine \u00dcbersicht \u00fcber die Inhalte der Ausgabe 1\/2016:<\/strong><\/p>\n<p>Zigarren-Neuigkeiten <br \/>Zigarrenseminare bei La Aurora <br \/>Cigar Smoking World Championship: Eventkalender 2016 <br \/>Nicaraguas Zigarrenindustrie im Fokus <br \/><a href=\"https:\/\/www.cigarjournal.com\/de\/a-la-civette-300-geburtstag\/\" target=\"_blank\" rel=\"noopener noreferrer\">Zu Besuch bei \u00c1 la Civette, den \u00e4ltesten Zigarrenshop Frankreichs<\/a> <br \/>Smoky Spirits <br \/>60 Zigarren blind verkostet <br \/><a href=\"https:\/\/www.cigarjournal.com\/de\/airkel-lueftungssystem-cigar-lounges\/\" target=\"_blank\" rel=\"noopener noreferrer\">Coverstory: Vah\u00e9 G\u00e9rard revolutioniert Bel\u00fcftungssysteme f\u00fcr Zigarrenlounges<\/a> <br \/>Cigar Family Charitable Foundation gr\u00fcndet neue Schule f\u00fcr Pflegeberufe <br \/>Guayabera Lady &#8211; Die Modek\u00f6nigin der Zigarrenbranche <br \/><a href=\"https:\/\/www.cigarjournal.com\/de\/san-andres-tabakanbau-in-mexiko\/\" target=\"_blank\" rel=\"noopener noreferrer\">Mexikanische Zigarren auf dem Sprung zu internationaler Bedeutung<\/a> <br \/><a href=\"https:\/\/www.cigarjournal.com\/de\/maria-sierra-portrait-el-titan-de-bronze\/\" target=\"_blank\" rel=\"noopener noreferrer\">Zu Besuch bei der kubanischen Meisterrollerin Mar\u00eda Sierra<\/a> <br \/><a href=\"https:\/\/www.cigarjournal.com\/de\/der-geschichte-des-aluminium-tubos-auf-der-spur\/\" target=\"_blank\" rel=\"noopener noreferrer\">Die Geschichte des Aluminium-Tubos<\/a> <br \/>Vintagezigarren Extravaganza: Von Auktionen und Sammlern <br \/>Carrillo verzeichnet Zuw\u00e4chse in Europa <br \/>J. Cort\u00e8s betritt den Longfillermarkt mit Kauf von Oliva <br \/>Zehn Jahre Habanos Specialists Deutschland <br \/>Kubanische Zigarillos: Global im Trend <br \/>Travel Corner: Kuba <br \/>Tasting: Edici\u00f3n Regional 2014 <br \/><a href=\"https:\/\/www.cigarjournal.com\/de\/jeff-borysiewicz-tabakanbau-florida-corona-cigar-company\/\" target=\"_blank\" rel=\"noopener noreferrer\">Corona Cigar Co: Tabakanbau in Florida<\/a> <br \/>Markenportrait: Bespoke Cigars <br \/>Tobacco &amp; Arts: Fritz Karl <br \/>Arnold Andr\u00e9 er\u00f6ffnet Fabrik in der Dominikanischen Republik <br \/><a href=\"https:\/\/www.cigarjournal.com\/de\/faktencheck-was-ist-am-getue-um-deckblaetter-wirklich-dran\/\" target=\"_blank\" rel=\"noopener noreferrer\">Faktencheck: Der Einfluss von Deckbl\u00e4ttern auf den Geschmack<\/a> <br \/>Im Gespr\u00e4ch mit Zigarrensammler Thomas Claudius <br \/>Bars &amp; Cigars: Barcelona <br \/>Kochen &amp; Zigarre: Hans Haas<\/p>\n","protected":false},"excerpt":{"rendered":"<p>Titelheld ist in unserer Fr\u00fchjahrsausgabe Vah\u00e9 G\u00e9rard, Erfinder eines einzigartigen Bel\u00fcftungssystems f\u00fcr Lounges. Airkel ist ein ultraeffektives L\u00fcftungssystem, das mithilfe zahlreicher winziger L\u00f6cher in Boden und Decke die Raumluft austauscht. Alle zwei Minuten kommt es so zu einem hundertprozentigen Luftwechsel. CJ-Autor Simon Lundh sprach mit der &#8222;Guayabera Lady&#8220; Berta Bravo \u00fcber die beliebten karibischen Hemden,<a href=\"https:\/\/www.cigarjournal.com\/de\/vergangene-ausgaben\/fruehjahrs-ausgabe-2016-vahe-gerard-airkel\/\" title=\"Read more\" >&#8230;<\/a><\/p>\n","protected":false},"author":30,"featured_media":13925,"parent":1229,"menu_order":0,"comment_status":"closed","ping_status":"closed","template":"","meta":{"_mi_skip_tracking":false},"_links":{"self":[{"href":"https:\/\/www.cigarjournal.com\/de\/wp-json\/wp\/v2\/pages\/13923"}],"collection":[{"href":"https:\/\/www.cigarjournal.com\/de\/wp-json\/wp\/v2\/pages"}],"about":[{"href":"https:\/\/www.cigarjournal.com\/de\/wp-json\/wp\/v2\/types\/page"}],"author":[{"embeddable":true,"href":"https:\/\/www.cigarjournal.com\/de\/wp-json\/wp\/v2\/users\/30"}],"replies":[{"embeddable":true,"href":"https:\/\/www.cigarjournal.com\/de\/wp-json\/wp\/v2\/comments?post=13923"}],"version-history":[{"count":0,"href":"https:\/\/www.cigarjournal.com\/de\/wp-json\/wp\/v2\/pages\/13923\/revisions"}],"up":[{"embeddable":true,"href":"https:\/\/www.cigarjournal.com\/de\/wp-json\/wp\/v2\/pages\/1229"}],"wp:featuredmedia":[{"embeddable":true,"href":"https:\/\/www.cigarjournal.com\/de\/wp-json\/wp\/v2\/media\/13925"}],"wp:attachment":[{"href":"https:\/\/www.cigarjournal.com\/de\/wp-json\/wp\/v2\/media?parent=13923"}],"curies":[{"name":"wp","href":"https:\/\/api.w.org\/{rel}","templated":true}]}}