{"id":13160,"date":"2016-11-21T15:33:21","date_gmt":"2016-11-21T14:33:21","guid":{"rendered":"https:\/\/www.cigarjournal.com\/de\/?page_id=13160"},"modified":"2021-06-30T10:44:17","modified_gmt":"2021-06-30T08:44:17","slug":"herbst-ausgabe-2016-nanny-state","status":"publish","type":"page","link":"https:\/\/www.cigarjournal.com\/de\/vergangene-ausgaben\/herbst-ausgabe-2016-nanny-state\/","title":{"rendered":"Herbst-Ausgabe 2016 &#8211; Nanny State"},"content":{"rendered":"<p><img class=\"alignright size-medium wp-image-12462\" src=\"https:\/\/www.cigarjournal.com\/wp-content\/uploads\/2014\/09\/U1_cj_3-16_cover_EU-500x707.jpg\" alt=\"U1_cj_3-16_cover_EU\" width=\"260\" height=\"368\" srcset=\"https:\/\/www.cigarjournal.com\/wp-content\/uploads\/2014\/09\/U1_cj_3-16_cover_EU-500x707.jpg 500w, https:\/\/www.cigarjournal.com\/wp-content\/uploads\/2014\/09\/U1_cj_3-16_cover_EU.jpg 770w, https:\/\/www.cigarjournal.com\/wp-content\/uploads\/2014\/09\/U1_cj_3-16_cover_EU-600x849.jpg 600w\" sizes=\"(max-width: 260px) 100vw, 260px\" \/> Unser australischer Autor Sam Spurr beschreibt in der Coverstory, wie blindw\u00fctig die politischen Super-Nannys gegen das Naturprodukt Tabak agieren. Er hat die Gesetzeslage, die weltweit derzeit herrscht oder gerade umgesetzt wird, zusammengetragen und zeigt in der Geschichte eine erschreckende \u00dcbersicht. Einem spannenden Thema nahm sich unser Getr\u00e4nkespezialist Roland Graf an. Unter seiner Anleitung verkostete ein Fachpanel von Bierspezialisten Zigarren im Crossovercheck mit verschiedenen Biersorten.<\/p>\n<p>Simon Chase blickt im \u201eLong View\u201c auf die bewegte Geschichte der Marke Ram\u00f3n Allones zur\u00fcck und konstatiert mit Wehmut, dass diese ehemals gro\u00dfe kubanische Marke mit den Jahren immer mehr verfiel. Unser Panel verkostete auch f\u00fcr diese Ausgabe wieder sechzig Zigarren in Blindverkostungen.<\/p>\n<p>Wenn Sie diese Ausgabe verpasst haben, k\u00f6nnen Sie sie <a title=\"Vergangene Ausgaben bestellen\" href=\"https:\/\/www.cigarjournal.com\/de\/vergangene-ausgaben-bestellen\/\" target=\"_blank\" rel=\"noopener noreferrer\">einfach nachbestellen.<\/a><\/p>\n<p><strong>Hier finden Sie eine \u00dcbersicht \u00fcber die Inhalte der Ausgabe 3\/16:<\/strong><\/p>\n<p>\u00dcbersicht \u00fcber neue Zigarren in diesem Jahr <br \/>Cohiba wird 50 <br \/>J. Cort\u00e8s \u00fcbernimmt Oliva Cigars <br \/>Zigarren-News <br \/>Designwettbewerb &#8222;Habanos Chair&#8220; <br \/>Neue Innovationen von Xikar <br \/>Smoky Spirits <br \/>Zigarrenlounge Argo in Madrid <br \/><a href=\"https:\/\/www.cigarjournal.com\/de\/portrait-raquel-quesada\/\" target=\"_blank\" rel=\"noopener noreferrer\">Portr\u00e4t: Raquel Quesada<\/a> <br \/>60 Zigarren blind verkostet <br \/>Tabakgesetze rund um die Welt: Der W\u00fcrgegriff des Nanny State <br \/>Es ist an der Zeit, Ram\u00f3n Allones ein neues Image zu verleihen <br \/>Ein Tag im Leben von einem Qualit\u00e4tspr\u00fcfer bei General Cigar <br \/>Interview mit Robert Caldwell von Caldwell Cigars <br \/>Zur Geschichte von Gurkha Cigars <br \/>Vergangenheit, Gegenwart und Zukunft von Davidoff-Zigarren <br \/>Havana Club Rum <br \/><a href=\"https:\/\/www.cigarjournal.com\/de\/die-sozialen-projekte-von-plasencia-cigars\/\" target=\"_blank\" rel=\"noopener noreferrer\">Plasencia&#8217;s Bio-Tabak-Projekt<\/a> <br \/><a href=\"https:\/\/www.cigarjournal.com\/de\/die-geschichte-der-fabrik-flor-de-copan\/\" target=\"_blank\" rel=\"noopener noreferrer\">Flor de Cop\u00e1n feiert 40 Jahre<\/a> <br \/>Portr\u00e4t: Abe Flores&#8216; PDR Cigars <br \/>Crossover-Tasting: Bier und Zigarren <br \/>Zur Wahrnehmung sozialer Verantwortung bei Plasencia <br \/>Reisetipps f\u00fcr Zigarrenraucher in Miami <br \/><a href=\"https:\/\/www.cigarjournal.com\/de\/tinte-und-tabak-taetowierungen-in-der-zigarrenindustrie\/\" target=\"_blank\" rel=\"noopener noreferrer\">Tattoos und Zigarren<\/a> <br \/><a href=\"https:\/\/www.cigarjournal.com\/de\/curado-was-passiert-waehrend-dem-trocknen-von-tabakblaettern\/\" target=\"_blank\" rel=\"noopener noreferrer\">Curado, das Trocknen von Tabakbl\u00e4ttern<\/a> <br \/>Bars &amp; Cigars: Amsterdam<br \/>Werden Sie Mitglied von Cigar Rights of Europe<\/p>\n","protected":false},"excerpt":{"rendered":"<p>Unser australischer Autor Sam Spurr beschreibt in der Coverstory, wie blindw\u00fctig die politischen Super-Nannys gegen das Naturprodukt Tabak agieren. Er hat die Gesetzeslage, die weltweit derzeit herrscht oder gerade umgesetzt wird, zusammengetragen und zeigt in der Geschichte eine erschreckende \u00dcbersicht. Einem spannenden Thema nahm sich unser Getr\u00e4nkespezialist Roland Graf an. Unter seiner Anleitung verkostete ein<a href=\"https:\/\/www.cigarjournal.com\/de\/vergangene-ausgaben\/herbst-ausgabe-2016-nanny-state\/\" title=\"Read more\" >&#8230;<\/a><\/p>\n","protected":false},"author":30,"featured_media":13162,"parent":1229,"menu_order":0,"comment_status":"closed","ping_status":"closed","template":"","meta":{"_mi_skip_tracking":false},"_links":{"self":[{"href":"https:\/\/www.cigarjournal.com\/de\/wp-json\/wp\/v2\/pages\/13160"}],"collection":[{"href":"https:\/\/www.cigarjournal.com\/de\/wp-json\/wp\/v2\/pages"}],"about":[{"href":"https:\/\/www.cigarjournal.com\/de\/wp-json\/wp\/v2\/types\/page"}],"author":[{"embeddable":true,"href":"https:\/\/www.cigarjournal.com\/de\/wp-json\/wp\/v2\/users\/30"}],"replies":[{"embeddable":true,"href":"https:\/\/www.cigarjournal.com\/de\/wp-json\/wp\/v2\/comments?post=13160"}],"version-history":[{"count":0,"href":"https:\/\/www.cigarjournal.com\/de\/wp-json\/wp\/v2\/pages\/13160\/revisions"}],"up":[{"embeddable":true,"href":"https:\/\/www.cigarjournal.com\/de\/wp-json\/wp\/v2\/pages\/1229"}],"wp:featuredmedia":[{"embeddable":true,"href":"https:\/\/www.cigarjournal.com\/de\/wp-json\/wp\/v2\/media\/13162"}],"wp:attachment":[{"href":"https:\/\/www.cigarjournal.com\/de\/wp-json\/wp\/v2\/media?parent=13160"}],"curies":[{"name":"wp","href":"https:\/\/api.w.org\/{rel}","templated":true}]}}